{"id":727,"date":"2025-05-08T23:19:59","date_gmt":"2025-05-08T15:19:59","guid":{"rendered":"https:\/\/mirekboutique.com\/?post_type=product&#038;p=727"},"modified":"2025-05-24T19:21:50","modified_gmt":"2025-05-24T11:21:50","slug":"ab267-the-womens-royal-oak-11-super-clone","status":"publish","type":"product","link":"https:\/\/mirekboutique.com\/pl\/produkt\/ab267-the-womens-royal-oak-11-super-clone\/","title":{"rendered":"AB267 damski zegarek Royal Oak 1:1 Super Clone"},"content":{"rendered":"<p>Netflix pop Audemars Piguet Royal Oak Taro Purple nadchodzi \ud83c\udf1f\ud83c\udf1f!<br \/>\nKoperta ze stali nierdzewnej 316 z o\u015bmiok\u0105tn\u0105 obw\u00f3dk\u0105 wysadzan\u0105 diamentami Stabilny z funkcj\u0105 chronografu Szafirowe szkie\u0142ko odporne na zarysowania Bezpieczny dla \u017cywno\u015bci gumowy pasek Przyjazny dla sk\u00f3ry i nietoksyczny Dopasowany rozmiar 37 mm Mo\u017cna nosi\u0107 dowolny rozmiar damskiej d\u0142oni<\/p>\n<p>&nbsp;<\/p>\n<p>Lepsze style sprzedawane na rynku\ud83d\ude80\ud83d\ude80<\/p>","protected":false},"excerpt":{"rendered":"<p>Wszystkie towary na tej stronie s\u0105 wysokiej klasy doskona\u0142ymi replikami wykonanymi przez super producent\u00f3w, zupe\u0142nie nowe i nieotwarte, jako\u015b\u0107 i obs\u0142uga posprzeda\u017cna s\u0105 gwarantowane!<\/p>\n<p>\u2705\u2705\u2705\u2705Mirekboutique produkuje wy\u0142\u0105cznie produkty wysokiej jako\u015bci Wszystkie produkty w naszym sklepie s\u0105 dostarczane z oryginalnym pude\u0142kiem Wysokiej klasy drewniane pude\u0142ko<\/p>\n<p>\ud83c\udf39\ud83c\udf39Zapraszamy do zakupu Wszystkie towary obs\u0142uguj\u0105 p\u0142atno\u015b\u0107 za pobraniem \u017byczymy udanych zakup\u00f3w<\/p>","protected":false},"featured_media":728,"comment_status":"open","ping_status":"closed","template":"","meta":{"_monsterinsights_skip_tracking":false,"_monsterinsights_sitenote_active":false,"_monsterinsights_sitenote_note":"","_monsterinsights_sitenote_category":0,"site-sidebar-layout":"default","site-content-layout":"","ast-site-content-layout":"default","site-content-style":"default","site-sidebar-style":"default","ast-global-header-display":"","ast-banner-title-visibility":"","ast-main-header-display":"","ast-hfb-above-header-display":"","ast-hfb-below-header-display":"","ast-hfb-mobile-header-display":"","site-post-title":"","ast-breadcrumbs-content":"","ast-featured-img":"","footer-sml-layout":"","theme-transparent-header-meta":"default","adv-header-id-meta":"","stick-header-meta":"","header-above-stick-meta":"","header-main-stick-meta":"","header-below-stick-meta":"","astra-migrate-meta-layouts":"set","ast-page-background-enabled":"default","ast-page-background-meta":{"desktop":{"background-color":"var(--ast-global-color-4)","background-image":"","background-repeat":"repeat","background-position":"center center","background-size":"auto","background-attachment":"scroll","background-type":"","background-media":"","overlay-type":"","overlay-color":"","overlay-opacity":"","overlay-gradient":""},"tablet":{"background-color":"","background-image":"","background-repeat":"repeat","background-position":"center center","background-size":"auto","background-attachment":"scroll","background-type":"","background-media":"","overlay-type":"","overlay-color":"","overlay-opacity":"","overlay-gradient":""},"mobile":{"background-color":"","background-image":"","background-repeat":"repeat","background-position":"center center","background-size":"auto","background-attachment":"scroll","background-type":"","background-media":"","overlay-type":"","overlay-color":"","overlay-opacity":"","overlay-gradient":""}},"ast-content-background-meta":{"desktop":{"background-color":"var(--ast-global-color-5)","background-image":"","background-repeat":"repeat","background-position":"center center","background-size":"auto","background-attachment":"scroll","background-type":"","background-media":"","overlay-type":"","overlay-color":"","overlay-opacity":"","overlay-gradient":""},"tablet":{"background-color":"var(--ast-global-color-5)","background-image":"","background-repeat":"repeat","background-position":"center center","background-size":"auto","background-attachment":"scroll","background-type":"","background-media":"","overlay-type":"","overlay-color":"","overlay-opacity":"","overlay-gradient":""},"mobile":{"background-color":"var(--ast-global-color-5)","background-image":"","background-repeat":"repeat","background-position":"center center","background-size":"auto","background-attachment":"scroll","background-type":"","background-media":"","overlay-type":"","overlay-color":"","overlay-opacity":"","overlay-gradient":""}}},"product_brand":[],"product_cat":[31],"product_tag":[],"class_list":{"0":"post-727","1":"product","2":"type-product","3":"status-publish","4":"has-post-thumbnail","6":"product_cat-audemars-piguet-royal","7":"desktop-align-center","8":"tablet-align-left","9":"mobile-align-left","11":"first","12":"instock","13":"sale","14":"shipping-taxable","15":"purchasable","16":"product-type-simple"},"_links":{"self":[{"href":"https:\/\/mirekboutique.com\/pl\/wp-json\/wp\/v2\/product\/727","targetHints":{"allow":["GET"]}}],"collection":[{"href":"https:\/\/mirekboutique.com\/pl\/wp-json\/wp\/v2\/product"}],"about":[{"href":"https:\/\/mirekboutique.com\/pl\/wp-json\/wp\/v2\/types\/product"}],"replies":[{"embeddable":true,"href":"https:\/\/mirekboutique.com\/pl\/wp-json\/wp\/v2\/comments?post=727"}],"version-history":[{"count":1,"href":"https:\/\/mirekboutique.com\/pl\/wp-json\/wp\/v2\/product\/727\/revisions"}],"predecessor-version":[{"id":733,"href":"https:\/\/mirekboutique.com\/pl\/wp-json\/wp\/v2\/product\/727\/revisions\/733"}],"wp:featuredmedia":[{"embeddable":true,"href":"https:\/\/mirekboutique.com\/pl\/wp-json\/wp\/v2\/media\/728"}],"wp:attachment":[{"href":"https:\/\/mirekboutique.com\/pl\/wp-json\/wp\/v2\/media?parent=727"}],"wp:term":[{"taxonomy":"product_brand","embeddable":true,"href":"https:\/\/mirekboutique.com\/pl\/wp-json\/wp\/v2\/product_brand?post=727"},{"taxonomy":"product_cat","embeddable":true,"href":"https:\/\/mirekboutique.com\/pl\/wp-json\/wp\/v2\/product_cat?post=727"},{"taxonomy":"product_tag","embeddable":true,"href":"https:\/\/mirekboutique.com\/pl\/wp-json\/wp\/v2\/product_tag?post=727"}],"curies":[{"name":"wp","href":"https:\/\/api.w.org\/{rel}","templated":true}]}}