{"id":821,"date":"2025-05-09T00:11:12","date_gmt":"2025-05-08T16:11:12","guid":{"rendered":"https:\/\/mirekboutique.com\/?post_type=product&#038;p=821"},"modified":"2025-05-24T19:21:49","modified_gmt":"2025-05-24T11:21:49","slug":"cdy132-11-super-clone","status":"publish","type":"product","link":"https:\/\/mirekboutique.com\/pl\/produkt\/cdy132-11-super-clone\/","title":{"rendered":"Super klon CDY132 1:1"},"content":{"rendered":"<p>Minimalistyczny design, wszechstronno\u015b\u0107 i brak kolizji z modelami<\/p>\n<p>Lekki luksusowy metalowy pasek, pe\u0142en tekstury<\/p>\n<p>Ultracienka konstrukcja, wygodna w noszeniu<\/p>\n<p>&nbsp;<\/p>\n<p>T\u0119sknota za pokojem, sprzeciw wobec wojny! AF doskonale demonstruje stonowany, ale nie luksusowy styl vintage kolekcji Tank!<br \/>\nSeria Cartier Tank<br \/>\n[Koperta] Du\u017ca: 41 mm * 31 mm, prze\u0142amuje okr\u0105g\u0142y kszta\u0142t tradycyjnego korpusu zegarka, powy\u017cej i poni\u017cej symetrycznej r\u00f3wnoleg\u0142ej ramki ustawionej na kwadratowej tarczy, twardy i prosty styl sprawia, \u017ce ludzie s\u0105 niezapomniani. Linie s\u0105 proste i sztywne, z silnym industrialnym stylem. G\u0142adkie krzywizny i ostre kraw\u0119dzie pokazuj\u0105 poczucie nowoczesno\u015bci i mody. Uszy w stylu tank-track i o\u015bmiok\u0105tna korona z charakterystycznym niebieskim spinelem Cartiera s\u0105 bardzo rozpoznawalne.<br \/>\n[Tarcza jest wy\u015bwietlana przez klasyczne rzymskie skale, bia\u0142\u0105 tarcz\u0119 z niebieskimi stalowymi wskaz\u00f3wkami, a po\u015brodku tarczy znajduje si\u0119 kwadratowy okr\u0105g wewn\u0119trzny. \u0141\u0105cz\u0105c pierwszorz\u0119dny smak i awangardowy design, zegarek Tank, ze swoim nowoczesnym poczuciem ponadczasowo\u015bci, zawsze sta\u0142 na czele czas\u00f3w i zosta\u0142 opisany jako jeden z najwa\u017cniejszych projekt\u00f3w w historii zegark\u00f3w na r\u0119k\u0119.<br \/>\n[Mechanizm] Fabryka AF dla serii Tank tworzy r\u00f3\u017cnorodne najlepsze mechanizmy, w tym mechanizm z r\u0119cznym nakr\u0119caniem, mechanizm automatyczny, mechanizm kwarcowy itp. Ponadto rzemios\u0142o jest r\u00f3wnie\u017c bardzo wykwintne, ka\u017cdy zegarek Tank by\u0142 wielokrotnie polerowany i polerowany, wykazuj\u0105c doskona\u0142\u0105 jako\u015b\u0107 i poziom rzemios\u0142a.<br \/>\n[Pasek] W\u0142oski pasek ze sk\u00f3ry licowej liczi, pasek ze sk\u00f3ry bydl\u0119cej, stalowy pasek w stylu czo\u0142gu. Zawsze jest pasek, kt\u00f3ry dotyka twojego wewn\u0119trznego d\u0105\u017cenia do doskona\u0142o\u015bci. Doskonale oddaje stonowany, ale nie luksusowy styl retro serii Tank!<br \/>\nFabryka AF, producent, kt\u00f3ry od wielu lat jest g\u0142\u0119boko zaanga\u017cowany w doskona\u0142\u0105 replik\u0119 Cartiera, jeste\u015b godny zaufania!<\/p>","protected":false},"excerpt":{"rendered":"<p>Wszystkie towary na tej stronie s\u0105 wysokiej klasy doskona\u0142ymi replikami wykonanymi przez super producent\u00f3w, zupe\u0142nie nowe i nieotwarte, jako\u015b\u0107 i obs\u0142uga posprzeda\u017cna s\u0105 gwarantowane!<\/p>\n<p>\u2705\u2705\u2705\u2705Mirekboutique produkuje wy\u0142\u0105cznie produkty wysokiej jako\u015bci Wszystkie produkty w naszym sklepie s\u0105 dostarczane z oryginalnym pude\u0142kiem Wysokiej klasy drewniane pude\u0142ko<\/p>\n<p>\ud83c\udf39\ud83c\udf39Zapraszamy do zakupu Wszystkie towary obs\u0142uguj\u0105 p\u0142atno\u015b\u0107 za pobraniem \u017byczymy udanych zakup\u00f3w<\/p>","protected":false},"featured_media":822,"comment_status":"open","ping_status":"closed","template":"","meta":{"_monsterinsights_skip_tracking":false,"_monsterinsights_sitenote_active":false,"_monsterinsights_sitenote_note":"","_monsterinsights_sitenote_category":0,"site-sidebar-layout":"default","site-content-layout":"","ast-site-content-layout":"default","site-content-style":"default","site-sidebar-style":"default","ast-global-header-display":"","ast-banner-title-visibility":"","ast-main-header-display":"","ast-hfb-above-header-display":"","ast-hfb-below-header-display":"","ast-hfb-mobile-header-display":"","site-post-title":"","ast-breadcrumbs-content":"","ast-featured-img":"","footer-sml-layout":"","theme-transparent-header-meta":"default","adv-header-id-meta":"","stick-header-meta":"","header-above-stick-meta":"","header-main-stick-meta":"","header-below-stick-meta":"","astra-migrate-meta-layouts":"set","ast-page-background-enabled":"default","ast-page-background-meta":{"desktop":{"background-color":"var(--ast-global-color-4)","background-image":"","background-repeat":"repeat","background-position":"center center","background-size":"auto","background-attachment":"scroll","background-type":"","background-media":"","overlay-type":"","overlay-color":"","overlay-opacity":"","overlay-gradient":""},"tablet":{"background-color":"","background-image":"","background-repeat":"repeat","background-position":"center center","background-size":"auto","background-attachment":"scroll","background-type":"","background-media":"","overlay-type":"","overlay-color":"","overlay-opacity":"","overlay-gradient":""},"mobile":{"background-color":"","background-image":"","background-repeat":"repeat","background-position":"center center","background-size":"auto","background-attachment":"scroll","background-type":"","background-media":"","overlay-type":"","overlay-color":"","overlay-opacity":"","overlay-gradient":""}},"ast-content-background-meta":{"desktop":{"background-color":"var(--ast-global-color-5)","background-image":"","background-repeat":"repeat","background-position":"center center","background-size":"auto","background-attachment":"scroll","background-type":"","background-media":"","overlay-type":"","overlay-color":"","overlay-opacity":"","overlay-gradient":""},"tablet":{"background-color":"var(--ast-global-color-5)","background-image":"","background-repeat":"repeat","background-position":"center center","background-size":"auto","background-attachment":"scroll","background-type":"","background-media":"","overlay-type":"","overlay-color":"","overlay-opacity":"","overlay-gradient":""},"mobile":{"background-color":"var(--ast-global-color-5)","background-image":"","background-repeat":"repeat","background-position":"center center","background-size":"auto","background-attachment":"scroll","background-type":"","background-media":"","overlay-type":"","overlay-color":"","overlay-opacity":"","overlay-gradient":""}}},"product_brand":[],"product_cat":[33],"product_tag":[],"class_list":{"0":"post-821","1":"product","2":"type-product","3":"status-publish","4":"has-post-thumbnail","6":"product_cat-cartier","7":"desktop-align-center","8":"tablet-align-left","9":"mobile-align-left","11":"first","12":"instock","13":"sale","14":"shipping-taxable","15":"purchasable","16":"product-type-simple"},"_links":{"self":[{"href":"https:\/\/mirekboutique.com\/pl\/wp-json\/wp\/v2\/product\/821","targetHints":{"allow":["GET"]}}],"collection":[{"href":"https:\/\/mirekboutique.com\/pl\/wp-json\/wp\/v2\/product"}],"about":[{"href":"https:\/\/mirekboutique.com\/pl\/wp-json\/wp\/v2\/types\/product"}],"replies":[{"embeddable":true,"href":"https:\/\/mirekboutique.com\/pl\/wp-json\/wp\/v2\/comments?post=821"}],"version-history":[{"count":1,"href":"https:\/\/mirekboutique.com\/pl\/wp-json\/wp\/v2\/product\/821\/revisions"}],"predecessor-version":[{"id":827,"href":"https:\/\/mirekboutique.com\/pl\/wp-json\/wp\/v2\/product\/821\/revisions\/827"}],"wp:featuredmedia":[{"embeddable":true,"href":"https:\/\/mirekboutique.com\/pl\/wp-json\/wp\/v2\/media\/822"}],"wp:attachment":[{"href":"https:\/\/mirekboutique.com\/pl\/wp-json\/wp\/v2\/media?parent=821"}],"wp:term":[{"taxonomy":"product_brand","embeddable":true,"href":"https:\/\/mirekboutique.com\/pl\/wp-json\/wp\/v2\/product_brand?post=821"},{"taxonomy":"product_cat","embeddable":true,"href":"https:\/\/mirekboutique.com\/pl\/wp-json\/wp\/v2\/product_cat?post=821"},{"taxonomy":"product_tag","embeddable":true,"href":"https:\/\/mirekboutique.com\/pl\/wp-json\/wp\/v2\/product_tag?post=821"}],"curies":[{"name":"wp","href":"https:\/\/api.w.org\/{rel}","templated":true}]}}