{"id":915,"date":"2025-05-09T00:37:32","date_gmt":"2025-05-08T16:37:32","guid":{"rendered":"https:\/\/mirekboutique.com\/?post_type=product&#038;p=915"},"modified":"2025-05-24T19:35:29","modified_gmt":"2025-05-24T11:35:29","slug":"flk066-frank-m-ladies-watch-11-super-clone","status":"publish","type":"product","link":"https:\/\/mirekboutique.com\/pl\/produkt\/flk066-frank-m-ladies-watch-11-super-clone\/","title":{"rendered":"FLK066 Zegarek damski Frank M 1:1 Super Clone"},"content":{"rendered":"<p>Zegarek damski Frank M Prostok\u0105tna koperta ze stali szlachetnej 316 polerowanej CNC Tylna pokrywa szczotkowana, drobny grawerowany napis przezroczyste \u0142ukowate szafirowe lustro Lustro i koperta idealnie do siebie pasuj\u0105<br \/>\nMuszla Tridacna, pierwszy z siedmiu skarb\u00f3w buddyzmu tybeta\u0144skiego, jest u\u017cywana do wykonania \u0142ukowatej tarczy z koralik\u00f3w Sama Tridacna jest bardzo cenna, a jeszcze rzadsze jest wybranie odpowiedniego materia\u0142u \u0142ukowatego Z pojedynczej Tridacny mo\u017cna wykona\u0107 tylko jedn\u0105 lub dwie sztuki tej tarczy, a wraz z szybko\u015bci\u0105 produkcji i polerowania z\u0142omu oraz instalacj\u0105 indeks\u00f3w, ten materia\u0142 tarczy jest jeszcze cenniejszy Fazowane i polerowane tr\u00f3jwymiarowe stalowe rodowane cyfry arabskie po \u0142ukowatej stronie tarczy s\u0105 rodowane po \u0142ukowatej stronie wskaz\u00f3wek Mechanizm Caliber Cal. 751 Mechanizm jest oryginalnym szwajcarskim mechanizmem importowanym. Przyj\u0119ty z oryginalnym szwajcarskim importowanym mechanizmem kwarcowym Prawdziwy ameryka\u0144ski aligator materia\u0142 brzucha krokodyla sk\u00f3rzany pasek Materia\u0142 tylnej cz\u0119\u015bci paska jest r\u00f3wnie\u017c starannie dobrany z prawdziwego materia\u0142u antysk\u00f3rnego Pasek z szybkim odpinaniem Pasek Czarny br\u0105zowy czerwony r\u00f3\u017cowy pomara\u0144czowy szary fioletowy dost\u0119pny w wielu kolorach Klamra ig\u0142owa Szeroko\u015b\u0107 26 mm D\u0142ugo\u015b\u0107 37 mm Grubo\u015b\u0107 7 mm Akcesoria mo\u017cna wymienia\u0107 z oryginalnymi modelami eksportowymi Pure!<\/p>","protected":false},"excerpt":{"rendered":"<p>Wszystkie towary na tej stronie s\u0105 wysokiej klasy doskona\u0142ymi replikami wykonanymi przez super producent\u00f3w, zupe\u0142nie nowe i nieotwarte, jako\u015b\u0107 i obs\u0142uga posprzeda\u017cna s\u0105 gwarantowane!<\/p>\n<p>\u2705\u2705\u2705\u2705Mirekboutique produkuje wy\u0142\u0105cznie produkty wysokiej jako\u015bci Wszystkie produkty w naszym sklepie s\u0105 dostarczane z oryginalnym pude\u0142kiem Wysokiej klasy drewniane pude\u0142ko<\/p>\n<p>\ud83c\udf39\ud83c\udf39Zapraszamy do zakupu Wszystkie towary obs\u0142uguj\u0105 p\u0142atno\u015b\u0107 za pobraniem \u017byczymy udanych zakup\u00f3w<\/p>","protected":false},"featured_media":916,"comment_status":"open","ping_status":"closed","template":"","meta":{"_monsterinsights_skip_tracking":false,"_monsterinsights_sitenote_active":false,"_monsterinsights_sitenote_note":"","_monsterinsights_sitenote_category":0,"site-sidebar-layout":"default","site-content-layout":"","ast-site-content-layout":"default","site-content-style":"default","site-sidebar-style":"default","ast-global-header-display":"","ast-banner-title-visibility":"","ast-main-header-display":"","ast-hfb-above-header-display":"","ast-hfb-below-header-display":"","ast-hfb-mobile-header-display":"","site-post-title":"","ast-breadcrumbs-content":"","ast-featured-img":"","footer-sml-layout":"","theme-transparent-header-meta":"default","adv-header-id-meta":"","stick-header-meta":"","header-above-stick-meta":"","header-main-stick-meta":"","header-below-stick-meta":"","astra-migrate-meta-layouts":"set","ast-page-background-enabled":"default","ast-page-background-meta":{"desktop":{"background-color":"var(--ast-global-color-4)","background-image":"","background-repeat":"repeat","background-position":"center center","background-size":"auto","background-attachment":"scroll","background-type":"","background-media":"","overlay-type":"","overlay-color":"","overlay-opacity":"","overlay-gradient":""},"tablet":{"background-color":"","background-image":"","background-repeat":"repeat","background-position":"center center","background-size":"auto","background-attachment":"scroll","background-type":"","background-media":"","overlay-type":"","overlay-color":"","overlay-opacity":"","overlay-gradient":""},"mobile":{"background-color":"","background-image":"","background-repeat":"repeat","background-position":"center center","background-size":"auto","background-attachment":"scroll","background-type":"","background-media":"","overlay-type":"","overlay-color":"","overlay-opacity":"","overlay-gradient":""}},"ast-content-background-meta":{"desktop":{"background-color":"var(--ast-global-color-5)","background-image":"","background-repeat":"repeat","background-position":"center center","background-size":"auto","background-attachment":"scroll","background-type":"","background-media":"","overlay-type":"","overlay-color":"","overlay-opacity":"","overlay-gradient":""},"tablet":{"background-color":"var(--ast-global-color-5)","background-image":"","background-repeat":"repeat","background-position":"center center","background-size":"auto","background-attachment":"scroll","background-type":"","background-media":"","overlay-type":"","overlay-color":"","overlay-opacity":"","overlay-gradient":""},"mobile":{"background-color":"var(--ast-global-color-5)","background-image":"","background-repeat":"repeat","background-position":"center center","background-size":"auto","background-attachment":"scroll","background-type":"","background-media":"","overlay-type":"","overlay-color":"","overlay-opacity":"","overlay-gradient":""}}},"product_brand":[],"product_cat":[32],"product_tag":[],"class_list":{"0":"post-915","1":"product","2":"type-product","3":"status-publish","4":"has-post-thumbnail","6":"product_cat-frank-muller","7":"desktop-align-center","8":"tablet-align-left","9":"mobile-align-left","11":"first","12":"instock","13":"sale","14":"shipping-taxable","15":"purchasable","16":"product-type-simple"},"_links":{"self":[{"href":"https:\/\/mirekboutique.com\/pl\/wp-json\/wp\/v2\/product\/915","targetHints":{"allow":["GET"]}}],"collection":[{"href":"https:\/\/mirekboutique.com\/pl\/wp-json\/wp\/v2\/product"}],"about":[{"href":"https:\/\/mirekboutique.com\/pl\/wp-json\/wp\/v2\/types\/product"}],"replies":[{"embeddable":true,"href":"https:\/\/mirekboutique.com\/pl\/wp-json\/wp\/v2\/comments?post=915"}],"version-history":[{"count":1,"href":"https:\/\/mirekboutique.com\/pl\/wp-json\/wp\/v2\/product\/915\/revisions"}],"predecessor-version":[{"id":922,"href":"https:\/\/mirekboutique.com\/pl\/wp-json\/wp\/v2\/product\/915\/revisions\/922"}],"wp:featuredmedia":[{"embeddable":true,"href":"https:\/\/mirekboutique.com\/pl\/wp-json\/wp\/v2\/media\/916"}],"wp:attachment":[{"href":"https:\/\/mirekboutique.com\/pl\/wp-json\/wp\/v2\/media?parent=915"}],"wp:term":[{"taxonomy":"product_brand","embeddable":true,"href":"https:\/\/mirekboutique.com\/pl\/wp-json\/wp\/v2\/product_brand?post=915"},{"taxonomy":"product_cat","embeddable":true,"href":"https:\/\/mirekboutique.com\/pl\/wp-json\/wp\/v2\/product_cat?post=915"},{"taxonomy":"product_tag","embeddable":true,"href":"https:\/\/mirekboutique.com\/pl\/wp-json\/wp\/v2\/product_tag?post=915"}],"curies":[{"name":"wp","href":"https:\/\/api.w.org\/{rel}","templated":true}]}}