{"id":471,"date":"2025-05-06T22:19:04","date_gmt":"2025-05-06T14:19:04","guid":{"rendered":"https:\/\/mirekboutique.com\/?page_id=471"},"modified":"2025-05-07T23:00:47","modified_gmt":"2025-05-07T15:00:47","slug":"about-2","status":"publish","type":"page","link":"https:\/\/mirekboutique.com\/pt\/about-2\/","title":{"rendered":"Sobre"},"content":{"rendered":"<div data-elementor-type=\"wp-page\" data-elementor-id=\"471\" class=\"elementor elementor-471\">\n\t\t\t\t<div class=\"elementor-element elementor-element-74c4a58 e-flex e-con-boxed e-con e-parent\" data-id=\"74c4a58\" data-element_type=\"container\">\n\t\t\t\t\t<div class=\"e-con-inner\">\n\t\t\t\t<div class=\"elementor-element elementor-element-d42d956 elementor-widget elementor-widget-image\" data-id=\"d42d956\" data-element_type=\"widget\" data-widget_type=\"image.default\">\n\t\t\t\t<div class=\"elementor-widget-container\">\n\t\t\t\t\t\t\t\t\t\t\t\t\t\t\t<img fetchpriority=\"high\" decoding=\"async\" width=\"1920\" height=\"1080\" src=\"https:\/\/mirekboutique.com\/wp-content\/uploads\/2025\/05\/e93a26484b861ed27bb81201eff2451.jpg\" class=\"attachment-full size-full wp-image-621\" alt=\"\" srcset=\"https:\/\/mirekboutique.com\/wp-content\/uploads\/2025\/05\/e93a26484b861ed27bb81201eff2451.jpg 1920w, https:\/\/mirekboutique.com\/wp-content\/uploads\/2025\/05\/e93a26484b861ed27bb81201eff2451-300x169.jpg 300w, https:\/\/mirekboutique.com\/wp-content\/uploads\/2025\/05\/e93a26484b861ed27bb81201eff2451-1024x576.jpg 1024w, https:\/\/mirekboutique.com\/wp-content\/uploads\/2025\/05\/e93a26484b861ed27bb81201eff2451-768x432.jpg 768w, https:\/\/mirekboutique.com\/wp-content\/uploads\/2025\/05\/e93a26484b861ed27bb81201eff2451-1536x864.jpg 1536w, https:\/\/mirekboutique.com\/wp-content\/uploads\/2025\/05\/e93a26484b861ed27bb81201eff2451-600x338.jpg 600w\" sizes=\"(max-width: 1920px) 100vw, 1920px\" \/>\t\t\t\t\t\t\t\t\t\t\t\t\t\t\t<\/div>\n\t\t\t\t<\/div>\n\t\t\t\t\t<\/div>\n\t\t\t\t<\/div>\n\t\t<div class=\"elementor-element elementor-element-df8b352 e-flex e-con-boxed e-con e-parent\" data-id=\"df8b352\" data-element_type=\"container\">\n\t\t\t\t\t<div class=\"e-con-inner\">\n\t\t<div class=\"elementor-element elementor-element-5b160eb e-con-full e-flex e-con e-child\" data-id=\"5b160eb\" data-element_type=\"container\">\n\t\t<div class=\"elementor-element elementor-element-23e39b4 e-flex e-con-boxed e-con e-child\" data-id=\"23e39b4\" data-element_type=\"container\">\n\t\t\t\t\t<div class=\"e-con-inner\">\n\t\t<div class=\"elementor-element elementor-element-a99f21a e-con-full e-flex e-con e-child\" data-id=\"a99f21a\" data-element_type=\"container\">\n\t\t\t\t<div class=\"elementor-element elementor-element-3f4dcf6 elementor-widget elementor-widget-heading\" data-id=\"3f4dcf6\" data-element_type=\"widget\" data-widget_type=\"heading.default\">\n\t\t\t\t<div class=\"elementor-widget-container\">\n\t\t\t\t\t<h6 class=\"elementor-heading-title elementor-size-default\">Sobre n\u00f3s<\/h6>\t\t\t\t<\/div>\n\t\t\t\t<\/div>\n\t\t\t\t<div class=\"elementor-element elementor-element-2a0c8f7 elementor-widget elementor-widget-heading\" data-id=\"2a0c8f7\" data-element_type=\"widget\" data-widget_type=\"heading.default\">\n\t\t\t\t<div class=\"elementor-widget-container\">\n\t\t\t\t\t<h2 class=\"elementor-heading-title elementor-size-default\">As nossas melhores r\u00e9plicas de rel\u00f3gios e malas<\/h2>\t\t\t\t<\/div>\n\t\t\t\t<\/div>\n\t\t\t\t<div class=\"elementor-element elementor-element-e83860c elementor-widget-divider--view-line elementor-widget elementor-widget-divider\" data-id=\"e83860c\" data-element_type=\"widget\" data-widget_type=\"divider.default\">\n\t\t\t\t<div class=\"elementor-widget-container\">\n\t\t\t\t\t\t\t<div class=\"elementor-divider\">\n\t\t\t<span class=\"elementor-divider-separator\">\n\t\t\t\t\t\t<\/span>\n\t\t<\/div>\n\t\t\t\t\t\t<\/div>\n\t\t\t\t<\/div>\n\t\t\t\t<div class=\"elementor-element elementor-element-b324ddf elementor-widget elementor-widget-text-editor\" data-id=\"b324ddf\" data-element_type=\"widget\" data-widget_type=\"text-editor.default\">\n\t\t\t\t<div class=\"elementor-widget-container\">\n\t\t\t\t\t\t\t\t\t<p>Na Mirekboutique, orgulhamo-nos de oferecer uma gama de r\u00e9plicas de rel\u00f3gios e malas de alta qualidade que incorporam verdadeiramente a ess\u00eancia do luxo. Cada rel\u00f3gio \u00e9 fabricado utilizando t\u00e9cnicas de engenharia de precis\u00e3o e os melhores materiais para criar uma afirma\u00e7\u00e3o de luxo e estilo. Quer esteja \u00e0 procura de um cl\u00e1ssico sofisticado ou de uma pe\u00e7a de afirma\u00e7\u00e3o moderna, as nossas r\u00e9plicas de rel\u00f3gios oferecem eleg\u00e2ncia, qualidade e prest\u00edgio por uma fra\u00e7\u00e3o do pre\u00e7o. Experimente o luxo redefinido e deixe o seu pulso falar de um estilo intemporal<\/p>\t\t\t\t\t\t\t\t<\/div>\n\t\t\t\t<\/div>\n\t\t\t\t<div class=\"elementor-element elementor-element-16115c9 elementor-widget elementor-widget-text-editor\" data-id=\"16115c9\" data-element_type=\"widget\" data-widget_type=\"text-editor.default\">\n\t\t\t\t<div class=\"elementor-widget-container\">\n\t\t\t\t\t\t\t\t\t<h4>\u00a0<\/h4><h3><strong>Suporte COD - pagamento contra entrega<\/strong><\/h3>\t\t\t\t\t\t\t\t<\/div>\n\t\t\t\t<\/div>\n\t\t\t\t<\/div>\n\t\t<div class=\"elementor-element elementor-element-31d8065 e-con-full e-flex e-con e-child\" data-id=\"31d8065\" data-element_type=\"container\" data-settings=\"{&quot;background_background&quot;:&quot;classic&quot;}\">\n\t\t\t\t<div class=\"elementor-element elementor-element-8105c52 elementor-widget elementor-widget-spacer\" data-id=\"8105c52\" data-element_type=\"widget\" data-widget_type=\"spacer.default\">\n\t\t\t\t<div class=\"elementor-widget-container\">\n\t\t\t\t\t\t\t<div class=\"elementor-spacer\">\n\t\t\t<div class=\"elementor-spacer-inner\"><\/div>\n\t\t<\/div>\n\t\t\t\t\t\t<\/div>\n\t\t\t\t<\/div>\n\t\t\t\t<\/div>\n\t\t\t\t\t<\/div>\n\t\t\t\t<\/div>\n\t\t\t\t<\/div>\n\t\t\t\t\t<\/div>\n\t\t\t\t<\/div>\n\t\t<div class=\"elementor-element elementor-element-8851a00 e-flex e-con-boxed e-con e-parent\" data-id=\"8851a00\" data-element_type=\"container\">\n\t\t\t\t\t<div class=\"e-con-inner\">\n\t\t<div class=\"elementor-element elementor-element-173ab81 e-con-full e-flex e-con e-child\" data-id=\"173ab81\" data-element_type=\"container\">\n\t\t\t\t<div class=\"elementor-element elementor-element-cdf1cca elementor-widget elementor-widget-image\" data-id=\"cdf1cca\" data-element_type=\"widget\" data-widget_type=\"image.default\">\n\t\t\t\t<div class=\"elementor-widget-container\">\n\t\t\t\t\t\t\t\t\t\t\t\t\t\t\t<img decoding=\"async\" width=\"1920\" height=\"2560\" src=\"https:\/\/mirekboutique.com\/wp-content\/uploads\/2025\/05\/\u5fae\u4fe1\u56fe\u7247_20250507211046.jpg\" class=\"attachment-full size-full wp-image-609\" alt=\"\" srcset=\"https:\/\/mirekboutique.com\/wp-content\/uploads\/2025\/05\/\u5fae\u4fe1\u56fe\u7247_20250507211046.jpg 1920w, https:\/\/mirekboutique.com\/wp-content\/uploads\/2025\/05\/\u5fae\u4fe1\u56fe\u7247_20250507211046-225x300.jpg 225w, https:\/\/mirekboutique.com\/wp-content\/uploads\/2025\/05\/\u5fae\u4fe1\u56fe\u7247_20250507211046-768x1024.jpg 768w, https:\/\/mirekboutique.com\/wp-content\/uploads\/2025\/05\/\u5fae\u4fe1\u56fe\u7247_20250507211046-1152x1536.jpg 1152w, https:\/\/mirekboutique.com\/wp-content\/uploads\/2025\/05\/\u5fae\u4fe1\u56fe\u7247_20250507211046-1536x2048.jpg 1536w, https:\/\/mirekboutique.com\/wp-content\/uploads\/2025\/05\/\u5fae\u4fe1\u56fe\u7247_20250507211046-600x800.jpg 600w\" sizes=\"(max-width: 1920px) 100vw, 1920px\" \/>\t\t\t\t\t\t\t\t\t\t\t\t\t\t\t<\/div>\n\t\t\t\t<\/div>\n\t\t<div class=\"elementor-element elementor-element-d9a7f60 e-con-full e-flex e-con e-child\" data-id=\"d9a7f60\" data-element_type=\"container\">\n\t\t<div class=\"elementor-element elementor-element-8bf8953 e-con-full e-flex e-con e-child\" data-id=\"8bf8953\" data-element_type=\"container\">\n\t\t\t\t<div class=\"elementor-element elementor-element-b4ae1fc elementor-widget elementor-widget-heading\" data-id=\"b4ae1fc\" data-element_type=\"widget\" data-widget_type=\"heading.default\">\n\t\t\t\t<div class=\"elementor-widget-container\">\n\t\t\t\t\t<h6 class=\"elementor-heading-title elementor-size-default\">Sobre n\u00f3s<\/h6>\t\t\t\t<\/div>\n\t\t\t\t<\/div>\n\t\t\t\t<div class=\"elementor-element elementor-element-de42fbc elementor-widget elementor-widget-heading\" data-id=\"de42fbc\" data-element_type=\"widget\" data-widget_type=\"heading.default\">\n\t\t\t\t<div class=\"elementor-widget-container\">\n\t\t\t\t\t<h2 class=\"elementor-heading-title elementor-size-default\">Como tudo come\u00e7ou<\/h2>\t\t\t\t<\/div>\n\t\t\t\t<\/div>\n\t\t\t\t<\/div>\n\t\t<div class=\"elementor-element elementor-element-107f26f e-con-full e-flex e-con e-child\" data-id=\"107f26f\" data-element_type=\"container\">\n\t\t\t\t<div class=\"elementor-element elementor-element-88c54c8 elementor-widget elementor-widget-heading\" data-id=\"88c54c8\" data-element_type=\"widget\" data-widget_type=\"heading.default\">\n\t\t\t\t<div class=\"elementor-widget-container\">\n\t\t\t\t\t<p class=\"elementor-heading-title elementor-size-default\">Ajudamos toda a gente a desfrutar de produtos fant\u00e1sticos<\/p>\t\t\t\t<\/div>\n\t\t\t\t<\/div>\n\t\t\t\t<div class=\"elementor-element elementor-element-20818f7 elementor-widget elementor-widget-text-editor\" data-id=\"20818f7\" data-element_type=\"widget\" data-widget_type=\"text-editor.default\">\n\t\t\t\t<div class=\"elementor-widget-container\">\n\t\t\t\t\t\t\t\t\t<p><strong>Na Mirekboutique adoramos todas as paix\u00f5es e interesses que existem na Terra, porque s\u00e3o uma refer\u00eancia \u00e0 sua UNICIDADE. E difundir exatamente isso... \u00e9 a nossa vis\u00e3o central:<\/strong><\/p><p>Para o ajudar a exprimir-se. Para o apoiar em mirekboutique.com<strong>.<\/strong><\/p><p>Como sabemos que deseja todo o tipo de produtos personalizados, temos ao seu dispor fornecedores e f\u00e1bricas altamente profissionais com os quais mantemos um contacto estreito e que controlamos diariamente para que cumpram o nosso intenso processo de sele\u00e7\u00e3o.<\/p><p>N\u00e3o importa onde est\u00e1, quem \u00e9 e o que o apaixona, queremos ser capazes de lhe fornecer produtos personalizados que o ajudem a expressar-se... para o ajudar a expressar quem realmente \u00e9!<\/p><p>\u00c9 por isso que em<strong> Na Mirekboutique encontrar\u00e1 uma cole\u00e7\u00e3o personalizada para cada profiss\u00e3o, hobby, desporto, paix\u00e3o ou qualquer outra coisa que possa imaginar.<\/strong><\/p><p>Portanto, o que quer que esteja \u00e0 procura, planeamos t\u00ea-lo para si. E se n\u00e3o estiver, contacte-nos e informe-nos, para que possamos negociar ou produzir o melhor neg\u00f3cio para si num instante. Estamos e gostar\u00edamos de estar aqui para si durante toda a vida.<\/p><p><strong>O que quer que precise, est\u00e1 aqui na Mirekboutique.<\/strong><\/p>\t\t\t\t\t\t\t\t<\/div>\n\t\t\t\t<\/div>\n\t\t\t\t<\/div>\n\t\t\t\t<\/div>\n\t\t\t\t<\/div>\n\t\t\t\t\t<\/div>\n\t\t\t\t<\/div>\n\t\t\t\t<\/div>","protected":false},"excerpt":{"rendered":"<p>About us Our best replica watches and bags At Mirekboutique, we are proud to offer a range of high quality replica watches and bags that truly embody the essence of luxury. Each watch is crafted using precision engineering techniques and the finest materials to create a luxurious and stylish statement. Whether you are looking for [&hellip;]<\/p>","protected":false},"author":1,"featured_media":0,"parent":0,"menu_order":0,"comment_status":"closed","ping_status":"closed","template":"","meta":{"_monsterinsights_skip_tracking":false,"_monsterinsights_sitenote_active":false,"_monsterinsights_sitenote_note":"","_monsterinsights_sitenote_category":0,"site-sidebar-layout":"no-sidebar","site-content-layout":"page-builder","ast-site-content-layout":"","site-content-style":"default","site-sidebar-style":"default","ast-global-header-display":"","ast-banner-title-visibility":"","ast-main-header-display":"","ast-hfb-above-header-display":"","ast-hfb-below-header-display":"","ast-hfb-mobile-header-display":"","site-post-title":"disabled","ast-breadcrumbs-content":"","ast-featured-img":"disabled","footer-sml-layout":"","theme-transparent-header-meta":"","adv-header-id-meta":"","stick-header-meta":"","header-above-stick-meta":"","header-main-stick-meta":"","header-below-stick-meta":"","astra-migrate-meta-layouts":"default","ast-page-background-enabled":"default","ast-page-background-meta":{"desktop":{"background-color":"var(--ast-global-color-4)","background-image":"","background-repeat":"repeat","background-position":"center center","background-size":"auto","background-attachment":"scroll","background-type":"","background-media":"","overlay-type":"","overlay-color":"","overlay-opacity":"","overlay-gradient":""},"tablet":{"background-color":"","background-image":"","background-repeat":"repeat","background-position":"center center","background-size":"auto","background-attachment":"scroll","background-type":"","background-media":"","overlay-type":"","overlay-color":"","overlay-opacity":"","overlay-gradient":""},"mobile":{"background-color":"","background-image":"","background-repeat":"repeat","background-position":"center center","background-size":"auto","background-attachment":"scroll","background-type":"","background-media":"","overlay-type":"","overlay-color":"","overlay-opacity":"","overlay-gradient":""}},"ast-content-background-meta":{"desktop":{"background-color":"var(--ast-global-color-5)","background-image":"","background-repeat":"repeat","background-position":"center center","background-size":"auto","background-attachment":"scroll","background-type":"","background-media":"","overlay-type":"","overlay-color":"","overlay-opacity":"","overlay-gradient":""},"tablet":{"background-color":"var(--ast-global-color-5)","background-image":"","background-repeat":"repeat","background-position":"center center","background-size":"auto","background-attachment":"scroll","background-type":"","background-media":"","overlay-type":"","overlay-color":"","overlay-opacity":"","overlay-gradient":""},"mobile":{"background-color":"var(--ast-global-color-5)","background-image":"","background-repeat":"repeat","background-position":"center center","background-size":"auto","background-attachment":"scroll","background-type":"","background-media":"","overlay-type":"","overlay-color":"","overlay-opacity":"","overlay-gradient":""}},"footnotes":""},"class_list":["post-471","page","type-page","status-publish","hentry"],"_links":{"self":[{"href":"https:\/\/mirekboutique.com\/pt\/wp-json\/wp\/v2\/pages\/471","targetHints":{"allow":["GET"]}}],"collection":[{"href":"https:\/\/mirekboutique.com\/pt\/wp-json\/wp\/v2\/pages"}],"about":[{"href":"https:\/\/mirekboutique.com\/pt\/wp-json\/wp\/v2\/types\/page"}],"author":[{"embeddable":true,"href":"https:\/\/mirekboutique.com\/pt\/wp-json\/wp\/v2\/users\/1"}],"replies":[{"embeddable":true,"href":"https:\/\/mirekboutique.com\/pt\/wp-json\/wp\/v2\/comments?post=471"}],"version-history":[{"count":9,"href":"https:\/\/mirekboutique.com\/pt\/wp-json\/wp\/v2\/pages\/471\/revisions"}],"predecessor-version":[{"id":629,"href":"https:\/\/mirekboutique.com\/pt\/wp-json\/wp\/v2\/pages\/471\/revisions\/629"}],"wp:attachment":[{"href":"https:\/\/mirekboutique.com\/pt\/wp-json\/wp\/v2\/media?parent=471"}],"curies":[{"name":"wp","href":"https:\/\/api.w.org\/{rel}","templated":true}]}}