{"id":591,"date":"2025-05-07T19:57:41","date_gmt":"2025-05-07T11:57:41","guid":{"rendered":"https:\/\/mirekboutique.com\/?page_id=591"},"modified":"2025-05-21T19:56:36","modified_gmt":"2025-05-21T11:56:36","slug":"cod","status":"publish","type":"page","link":"https:\/\/mirekboutique.com\/pt\/cod\/","title":{"rendered":"COD"},"content":{"rendered":"<div data-elementor-type=\"wp-page\" data-elementor-id=\"591\" class=\"elementor elementor-591\">\n\t\t\t\t<div class=\"elementor-element elementor-element-9346e8d e-flex e-con-boxed e-con e-parent\" data-id=\"9346e8d\" data-element_type=\"container\" data-settings=\"{&quot;background_background&quot;:&quot;classic&quot;}\">\n\t\t\t\t\t<div class=\"e-con-inner\">\n\t\t<div class=\"elementor-element elementor-element-4b2bba9 e-con-full e-flex e-con e-child\" data-id=\"4b2bba9\" data-element_type=\"container\">\n\t\t\t\t<div class=\"elementor-element elementor-element-5a21cb0 elementor-widget elementor-widget-heading\" data-id=\"5a21cb0\" data-element_type=\"widget\" data-widget_type=\"heading.default\">\n\t\t\t\t<div class=\"elementor-widget-container\">\n\t\t\t\t\t<h6 class=\"elementor-heading-title elementor-size-default\">contra-reembolso<\/h6>\t\t\t\t<\/div>\n\t\t\t\t<\/div>\n\t\t\t\t<div class=\"elementor-element elementor-element-a19a656 elementor-widget elementor-widget-heading\" data-id=\"a19a656\" data-element_type=\"widget\" data-widget_type=\"heading.default\">\n\t\t\t\t<div class=\"elementor-widget-container\">\n\t\t\t\t\t<h1 class=\"elementor-heading-title elementor-size-default\">COD<\/h1>\t\t\t\t<\/div>\n\t\t\t\t<\/div>\n\t\t\t\t<\/div>\n\t\t\t\t\t<\/div>\n\t\t\t\t<\/div>\n\t\t<div class=\"elementor-element elementor-element-8261433 e-flex e-con-boxed e-con e-parent\" data-id=\"8261433\" data-element_type=\"container\">\n\t\t\t\t\t<div class=\"e-con-inner\">\n\t\t\t\t<div class=\"elementor-element elementor-element-ab6c507 elementor-widget elementor-widget-text-editor\" data-id=\"ab6c507\" data-element_type=\"widget\" data-widget_type=\"text-editor.default\">\n\t\t\t\t<div class=\"elementor-widget-container\">\n\t\t\t\t\t\t\t\t\t<p><strong>Orgulhamo-nos de lhe oferecer servi\u00e7os de envio para todo o mundo. Os seguintes termos e condi\u00e7\u00f5es foram concebidos para lhe proporcionar uma experi\u00eancia de compra perfeita. Por favor, leia atentamente os seguintes termos e condi\u00e7\u00f5es de entrega antes de efetuar a sua encomenda.<\/strong><\/p><p><strong>1. Entrega a n\u00edvel mundial:<\/strong><\/p><p>Orgulhamo-nos de oferecer entregas em todo o mundo para muitos pa\u00edses e regi\u00f5es. Pode tirar partido do modo de pagamento contra entrega (COD) pagando um dep\u00f3sito de 10%. Depois de receber e inspecionar a mercadoria, pode pagar o saldo \u00e0 pessoa respons\u00e1vel pela entrega. Pode pagar o saldo na moeda local do seu pa\u00eds<\/p><p><strong>2. Limite de envio gratuito:<\/strong><\/p><p>Fa\u00e7a a sua encomenda com um dep\u00f3sito 10% e desfrute de envio gratuito para todo o mundo.<\/p><p><strong>3. Prazo de entrega previsto:<\/strong><\/p><p>A sua encomenda ser\u00e1 entregue em todo o mundo num prazo de 3 a 14 dias \u00fateis. Tenha em aten\u00e7\u00e3o que os prazos de entrega podem variar consoante a sua localiza\u00e7\u00e3o e factores externos fora do nosso controlo.<\/p><p><strong>4. Isen\u00e7\u00e3o fiscal:<\/strong><\/p><p>Estamos empenhados em proporcionar uma experi\u00eancia de compra f\u00e1cil e sem complica\u00e7\u00f5es. Por conseguinte, todas as encomendas s\u00e3o isentas de impostos a n\u00edvel mundial.<\/p><p><strong>5. Expedi\u00e7\u00e3o fraccionada:<\/strong><\/p><p>No caso de encomendas com v\u00e1rios artigos, podemos envi\u00e1-los separadamente para garantir uma entrega eficiente. Cada artigo ser\u00e1 embalado de forma segura e rastreado individualmente.<\/p><p><strong>6. \u00c9 prefer\u00edvel o envio por correio expresso internacional:<\/strong><\/p><p>Consideramos a sua satisfa\u00e7\u00e3o a nossa principal prioridade e seleccionamos o servi\u00e7o de correio internacional mais adequado com base na sua localiza\u00e7\u00e3o. Os nossos parceiros de confian\u00e7a incluem a FedEx, DHL, UPS, USPS Inpost, etc.<\/p><p><strong>7. Seguimento da expedi\u00e7\u00e3o:<\/strong><\/p><p>Depois de receber o seu dep\u00f3sito 10%, receber\u00e1 um n\u00famero de rastreio no prazo de 5 dias. O seu agente inform\u00e1-lo-\u00e1 do n\u00famero da transportadora ou pode consultar o seu endere\u00e7o de correio eletr\u00f3nico.<\/p><p><strong>8. Restri\u00e7\u00f5es de envio:<\/strong><\/p><p>Embora nos esforcemos por fornecer prazos de entrega exactos, tenha em aten\u00e7\u00e3o que circunst\u00e2ncias imprevistas, como as condi\u00e7\u00f5es meteorol\u00f3gicas e os procedimentos aduaneiros, podem afetar os prazos de envio.<\/p><p><strong>9. Processamento de encomendas:<\/strong><\/p><p>Quando uma encomenda \u00e9 efectuada, processamo-la cuidadosamente para garantir uma embalagem precisa e uma expedi\u00e7\u00e3o atempada.<\/p><p><strong>10. Exatid\u00e3o do endere\u00e7o:<\/strong><\/p><p>Verifique novamente a exatid\u00e3o do endere\u00e7o de entrega. N\u00e3o nos responsabilizamos por atrasos ou falhas no envio devido a endere\u00e7os incorrectos.<\/p><p><strong>11. Responsabilidades do cliente:<\/strong><\/p><p>Os clientes devem fornecer informa\u00e7\u00f5es exactas sobre a localiza\u00e7\u00e3o geogr\u00e1fica para a entrega. N\u00e3o nos responsabilizamos se n\u00e3o for poss\u00edvel contactar a pessoa respons\u00e1vel pela entrega por motivos pessoais.<\/p><p><strong>12. Perda ou atraso de mercadorias:<\/strong><\/p><p>Na eventualidade improv\u00e1vel de um envio se perder ou sofrer um grande atraso, contacte a nossa equipa de Servi\u00e7o de Apoio ao Cliente ou o seu agente. Procederemos imediatamente a uma investiga\u00e7\u00e3o exaustiva para resolver o problema.<\/p><p><strong>13. Atualiza\u00e7\u00e3o da expedi\u00e7\u00e3o:<\/strong><\/p><p>Mantenha-se informado sobre o progresso do seu envio atrav\u00e9s de notifica\u00e7\u00f5es por correio eletr\u00f3nico ou contacte o seu agente.<\/p><p><strong>14. Contacte-nos:<\/strong><\/p><p>Se tiver d\u00favidas ou problemas com o seu envio, a nossa equipa de apoio ao cliente ou os nossos agentes est\u00e3o sempre prontos a ajud\u00e1-lo. Por favor, envie um e-mail para info@mirekboutique.com.<\/p><p>Ao efetuar uma encomenda, o cliente reconhece e aceita os presentes Termos e condi\u00e7\u00f5es de envio a n\u00edvel mundial. Comprometemo-nos a prestar-lhe um excelente servi\u00e7o e a proporcionar-lhe uma experi\u00eancia de compra agrad\u00e1vel.<\/p><p><strong>15 Sobre o processo de encomenda<\/strong><br \/>Em primeiro lugar, o m\u00e9todo de log\u00edstica que fornecemos \u00e9 o dinheiro na entrega. Temos de cobrar um dep\u00f3sito de 10%. Pode pagar o dep\u00f3sito atrav\u00e9s do seu agente ou contactar o pessoal oficial. Se se recusar a aceitar os produtos depois de os receber, n\u00e3o reembolsaremos o dep\u00f3sito de 10%. Os produtos desta loja s\u00e3o todos produtos topo de gama. Os custos de transporte e seguro s\u00e3o caros, pelo que \u00e9 necess\u00e1rio um dep\u00f3sito. Obrigado pela vossa compreens\u00e3o<\/p><p><strong>Obrigado por nos escolher para as suas compras globais!<\/strong><\/p>\t\t\t\t\t\t\t\t<\/div>\n\t\t\t\t<\/div>\n\t\t\t\t\t<\/div>\n\t\t\t\t<\/div>\n\t\t\t\t<\/div>","protected":false},"excerpt":{"rendered":"<p>cash on delivery COD We are proud to offer you worldwide shipping services, the following terms and conditions are designed to provide you with a perfect shopping experience. Please read the following delivery terms and conditions carefully before placing your order. 1. Worldwide delivery: We are proud to offer worldwide delivery to many countries and [&hellip;]<\/p>","protected":false},"author":1,"featured_media":0,"parent":0,"menu_order":0,"comment_status":"closed","ping_status":"closed","template":"","meta":{"_monsterinsights_skip_tracking":false,"_monsterinsights_sitenote_active":false,"_monsterinsights_sitenote_note":"","_monsterinsights_sitenote_category":0,"site-sidebar-layout":"no-sidebar","site-content-layout":"page-builder","ast-site-content-layout":"full-width-container","site-content-style":"default","site-sidebar-style":"default","ast-global-header-display":"","ast-banner-title-visibility":"","ast-main-header-display":"","ast-hfb-above-header-display":"","ast-hfb-below-header-display":"","ast-hfb-mobile-header-display":"","site-post-title":"disabled","ast-breadcrumbs-content":"","ast-featured-img":"disabled","footer-sml-layout":"","theme-transparent-header-meta":"default","adv-header-id-meta":"","stick-header-meta":"","header-above-stick-meta":"","header-main-stick-meta":"","header-below-stick-meta":"","astra-migrate-meta-layouts":"set","ast-page-background-enabled":"default","ast-page-background-meta":{"desktop":{"background-color":"var(--ast-global-color-4)","background-image":"","background-repeat":"repeat","background-position":"center center","background-size":"auto","background-attachment":"scroll","background-type":"","background-media":"","overlay-type":"","overlay-color":"","overlay-opacity":"","overlay-gradient":""},"tablet":{"background-color":"","background-image":"","background-repeat":"repeat","background-position":"center center","background-size":"auto","background-attachment":"scroll","background-type":"","background-media":"","overlay-type":"","overlay-color":"","overlay-opacity":"","overlay-gradient":""},"mobile":{"background-color":"","background-image":"","background-repeat":"repeat","background-position":"center center","background-size":"auto","background-attachment":"scroll","background-type":"","background-media":"","overlay-type":"","overlay-color":"","overlay-opacity":"","overlay-gradient":""}},"ast-content-background-meta":{"desktop":{"background-color":"var(--ast-global-color-5)","background-image":"","background-repeat":"repeat","background-position":"center center","background-size":"auto","background-attachment":"scroll","background-type":"","background-media":"","overlay-type":"","overlay-color":"","overlay-opacity":"","overlay-gradient":""},"tablet":{"background-color":"var(--ast-global-color-5)","background-image":"","background-repeat":"repeat","background-position":"center center","background-size":"auto","background-attachment":"scroll","background-type":"","background-media":"","overlay-type":"","overlay-color":"","overlay-opacity":"","overlay-gradient":""},"mobile":{"background-color":"var(--ast-global-color-5)","background-image":"","background-repeat":"repeat","background-position":"center center","background-size":"auto","background-attachment":"scroll","background-type":"","background-media":"","overlay-type":"","overlay-color":"","overlay-opacity":"","overlay-gradient":""}},"footnotes":""},"class_list":["post-591","page","type-page","status-publish","hentry"],"_links":{"self":[{"href":"https:\/\/mirekboutique.com\/pt\/wp-json\/wp\/v2\/pages\/591","targetHints":{"allow":["GET"]}}],"collection":[{"href":"https:\/\/mirekboutique.com\/pt\/wp-json\/wp\/v2\/pages"}],"about":[{"href":"https:\/\/mirekboutique.com\/pt\/wp-json\/wp\/v2\/types\/page"}],"author":[{"embeddable":true,"href":"https:\/\/mirekboutique.com\/pt\/wp-json\/wp\/v2\/users\/1"}],"replies":[{"embeddable":true,"href":"https:\/\/mirekboutique.com\/pt\/wp-json\/wp\/v2\/comments?post=591"}],"version-history":[{"count":22,"href":"https:\/\/mirekboutique.com\/pt\/wp-json\/wp\/v2\/pages\/591\/revisions"}],"predecessor-version":[{"id":2421,"href":"https:\/\/mirekboutique.com\/pt\/wp-json\/wp\/v2\/pages\/591\/revisions\/2421"}],"wp:attachment":[{"href":"https:\/\/mirekboutique.com\/pt\/wp-json\/wp\/v2\/media?parent=591"}],"curies":[{"name":"wp","href":"https:\/\/api.w.org\/{rel}","templated":true}]}}