{"id":1041,"date":"2025-05-09T01:08:34","date_gmt":"2025-05-08T17:08:34","guid":{"rendered":"https:\/\/mirekboutique.com\/?post_type=product&#038;p=1041"},"modified":"2025-05-24T19:21:47","modified_gmt":"2025-05-24T11:21:47","slug":"lq141-kv6-11-super-clone-from-a-super-factory","status":"publish","type":"product","link":"https:\/\/mirekboutique.com\/pt\/produto\/lq141-kv6-11-super-clone-from-a-super-factory\/","title":{"rendered":"LQ141 KV6 1:1 super clone de uma super f\u00e1brica"},"content":{"rendered":"<p>Cole\u00e7\u00e3o de cron\u00f3metros de alta frequ\u00eancia HK New Longines \ud83c\udfaeKV6<br \/>\nMantendo os c\u00f3digos de design ic\u00f3nicos do original, a nova cole\u00e7\u00e3o Longines LONGINES \ud83c\udfaeKV6 High Frequency Chronometer incorpora elementos inovadores que n\u00e3o s\u00f3 apelam aos amantes de rel\u00f3gios vintage, como tamb\u00e9m est\u00e3o mais em sintonia com a est\u00e9tica do consumidor atual.<br \/>\nA reconhec\u00edvel caixa de a\u00e7o em forma de almofada com um di\u00e2metro de 43 mil\u00edmetros, um tamanho normal entre os rel\u00f3gios desportivos, \u00e9 resistente e elegante.<br \/>\nLuneta de mergulho em safira. Este material n\u00e3o \u00e9 f\u00e1cil de riscar e tem um elevado grau de transpar\u00eancia, o que pode n\u00e3o s\u00f3 garantir o desempenho de mergulho do rel\u00f3gio, mas tamb\u00e9m trazer-nos um efeito visual \u00fanico. \ud83c\udfae<br \/>\nO mostrador tem um design minimalista, com horas revestidas a Super-LumiNova<br \/>\nOs marcadores das horas revestidos com Super-LumiNova alternam com os revestidos a r\u00f3dio, complementando o marcante mostrador preto granulado, enquanto o ponteiro dos minutos vermelho, que chama a aten\u00e7\u00e3o, acrescenta um toque de vitalidade.<br \/>\nO movimento adopta o Citizen 9015 original importado, com cronometragem est\u00e1vel e baixa taxa de repara\u00e7\u00e3o!<br \/>\nCinto importado de pele de vitelo italiana com fivela de pino com padr\u00e3o original em relevo, sensa\u00e7\u00e3o tridimensional de plenitude.<br \/>\nHk produ\u00e7\u00e3o, deve ser um bom produto! \ud83c\udfaeS1 requintado recomendado rel\u00f3gios mec\u00e2nicos masculinos<\/p>","protected":false},"excerpt":{"rendered":"<p>\ud83d\udd25\ud83d\udd25Todos os produtos deste site s\u00e3o r\u00e9plicas perfeitas de alta qualidade feitas por super fabricantes, novas e fechadas, a qualidade e o servi\u00e7o p\u00f3s-venda s\u00e3o garantidos!<\/p>\n<p>\u2705\u2705\u2705\u2705Mirekboutique s\u00f3 produz artigos de alta qualidade Todos os artigos da nossa loja v\u00eam com a caixa original Caixa de madeira de alta qualidade<\/p>\n<p>\ud83c\udf39\ud83c\udf39Por favor, tenha certeza de comprar Todos os produtos suportam dinheiro na entrega Desejo-lhe uma compra feliz<\/p>","protected":false},"featured_media":1042,"comment_status":"open","ping_status":"closed","template":"","meta":{"_monsterinsights_skip_tracking":false,"_monsterinsights_sitenote_active":false,"_monsterinsights_sitenote_note":"","_monsterinsights_sitenote_category":0,"site-sidebar-layout":"default","site-content-layout":"","ast-site-content-layout":"default","site-content-style":"default","site-sidebar-style":"default","ast-global-header-display":"","ast-banner-title-visibility":"","ast-main-header-display":"","ast-hfb-above-header-display":"","ast-hfb-below-header-display":"","ast-hfb-mobile-header-display":"","site-post-title":"","ast-breadcrumbs-content":"","ast-featured-img":"","footer-sml-layout":"","theme-transparent-header-meta":"default","adv-header-id-meta":"","stick-header-meta":"","header-above-stick-meta":"","header-main-stick-meta":"","header-below-stick-meta":"","astra-migrate-meta-layouts":"set","ast-page-background-enabled":"default","ast-page-background-meta":{"desktop":{"background-color":"var(--ast-global-color-4)","background-image":"","background-repeat":"repeat","background-position":"center center","background-size":"auto","background-attachment":"scroll","background-type":"","background-media":"","overlay-type":"","overlay-color":"","overlay-opacity":"","overlay-gradient":""},"tablet":{"background-color":"","background-image":"","background-repeat":"repeat","background-position":"center center","background-size":"auto","background-attachment":"scroll","background-type":"","background-media":"","overlay-type":"","overlay-color":"","overlay-opacity":"","overlay-gradient":""},"mobile":{"background-color":"","background-image":"","background-repeat":"repeat","background-position":"center center","background-size":"auto","background-attachment":"scroll","background-type":"","background-media":"","overlay-type":"","overlay-color":"","overlay-opacity":"","overlay-gradient":""}},"ast-content-background-meta":{"desktop":{"background-color":"var(--ast-global-color-5)","background-image":"","background-repeat":"repeat","background-position":"center center","background-size":"auto","background-attachment":"scroll","background-type":"","background-media":"","overlay-type":"","overlay-color":"","overlay-opacity":"","overlay-gradient":""},"tablet":{"background-color":"var(--ast-global-color-5)","background-image":"","background-repeat":"repeat","background-position":"center center","background-size":"auto","background-attachment":"scroll","background-type":"","background-media":"","overlay-type":"","overlay-color":"","overlay-opacity":"","overlay-gradient":""},"mobile":{"background-color":"var(--ast-global-color-5)","background-image":"","background-repeat":"repeat","background-position":"center center","background-size":"auto","background-attachment":"scroll","background-type":"","background-media":"","overlay-type":"","overlay-color":"","overlay-opacity":"","overlay-gradient":""}}},"product_brand":[],"product_cat":[34],"product_tag":[],"class_list":{"0":"post-1041","1":"product","2":"type-product","3":"status-publish","4":"has-post-thumbnail","6":"product_cat-longines","7":"desktop-align-center","8":"tablet-align-left","9":"mobile-align-left","11":"first","12":"instock","13":"sale","14":"shipping-taxable","15":"purchasable","16":"product-type-simple"},"_links":{"self":[{"href":"https:\/\/mirekboutique.com\/pt\/wp-json\/wp\/v2\/product\/1041","targetHints":{"allow":["GET"]}}],"collection":[{"href":"https:\/\/mirekboutique.com\/pt\/wp-json\/wp\/v2\/product"}],"about":[{"href":"https:\/\/mirekboutique.com\/pt\/wp-json\/wp\/v2\/types\/product"}],"replies":[{"embeddable":true,"href":"https:\/\/mirekboutique.com\/pt\/wp-json\/wp\/v2\/comments?post=1041"}],"version-history":[{"count":1,"href":"https:\/\/mirekboutique.com\/pt\/wp-json\/wp\/v2\/product\/1041\/revisions"}],"predecessor-version":[{"id":1047,"href":"https:\/\/mirekboutique.com\/pt\/wp-json\/wp\/v2\/product\/1041\/revisions\/1047"}],"wp:featuredmedia":[{"embeddable":true,"href":"https:\/\/mirekboutique.com\/pt\/wp-json\/wp\/v2\/media\/1042"}],"wp:attachment":[{"href":"https:\/\/mirekboutique.com\/pt\/wp-json\/wp\/v2\/media?parent=1041"}],"wp:term":[{"taxonomy":"product_brand","embeddable":true,"href":"https:\/\/mirekboutique.com\/pt\/wp-json\/wp\/v2\/product_brand?post=1041"},{"taxonomy":"product_cat","embeddable":true,"href":"https:\/\/mirekboutique.com\/pt\/wp-json\/wp\/v2\/product_cat?post=1041"},{"taxonomy":"product_tag","embeddable":true,"href":"https:\/\/mirekboutique.com\/pt\/wp-json\/wp\/v2\/product_tag?post=1041"}],"curies":[{"name":"wp","href":"https:\/\/api.w.org\/{rel}","templated":true}]}}