{"id":1048,"date":"2025-05-09T01:11:52","date_gmt":"2025-05-08T17:11:52","guid":{"rendered":"https:\/\/mirekboutique.com\/?post_type=product&#038;p=1048"},"modified":"2025-05-24T19:21:47","modified_gmt":"2025-05-24T11:21:47","slug":"lq142-legend-diver-perfectly-reproduced","status":"publish","type":"product","link":"https:\/\/mirekboutique.com\/pt\/produto\/lq142-legend-diver-perfectly-reproduced\/","title":{"rendered":"LQ142 Legend Diver Reproduzido na perfei\u00e7\u00e3o"},"content":{"rendered":"<p>Nova listagem! [Time Precipitation Classic Newborn] OS Factory \ud83c\udfaeDG1 Classic Replica Legend Diver Legend Series Diving Watches, textura retro \u00fanica, neg\u00f3cios e lazer vers\u00e1teis e outras ocasi\u00f5es m\u00faltiplas, interpreta\u00e7\u00e3o da eleg\u00e2ncia e charme dos homens contempor\u00e2neos, a moldagem original, a estreia exclusiva do mercado! A superf\u00edcie da caixa ap\u00f3s o processo de escovagem acetinada, cheia de textura, caixa de material de bronze com a passagem do tempo produzir\u00e1 um verde cobre \u00fanico, reflectindo o tempo no charme mais calmo e certo do cavalheiro! 2, o lado da mesa em ambos os lados com o mesmo aut\u00eantico, com duas coroas rotativas, a coroa das duas horas usada para ajustar a rota\u00e7\u00e3o do c\u00edrculo interno, as quatro horas usadas para ajustar o tempo. O topo da coroa est\u00e1 gravado com um desenho axadrezado, ambos os lados est\u00e3o tamb\u00e9m equipados com padr\u00f5es antiderrapantes, para que o utilizador possa ajustar a hora! 3, o vidro \u00e9 feito de genu\u00edno espelho de vidro de safira antirreflexo de dupla face altamente arqueado e consistente! 4, o mostrador e o aut\u00eantico estilo gradiente consistentemente lacado, em camadas. O tom de cor harmonioso e os ponteiros correspondentes com o aut\u00eantico s\u00e3o revestidos com material luminescente! Os marcadores das horas s\u00e3o incrustados com marcadores quadrados revestidos com material luminescente Super-LumiNova! Assegura que a hora tamb\u00e9m pode ser lida claramente num ambiente com pouca luz! 5, a tampa inferior do rel\u00f3gio e o mesmo que o uso aut\u00eantico do design de fundo fechado, e gravado com um emblema em relevo do mergulhador, ecoando as ra\u00edzes profundas deste rel\u00f3gio e mergulho! 6, a correia e o mesmo que o uso aut\u00eantico de textura \u00fanica de material de pele de bezerro, com a mesma fivela quadrada aut\u00eantica, f\u00e1cil de usar, confort\u00e1vel de usar e dur\u00e1vel! 7, o movimento \u00e9 amplamente r\u00e9plica comunidade respeitada gaivota n\u00edvel TOP! 2824 movimento de auto-enrolamento para o movimento original Cal.L888.5! Produ\u00e7\u00e3o de OS: artesanato, foco em detalhes! \ud83c\udfaeS1 requintado recomendado rel\u00f3gios mec\u00e2nicos dos homens<\/p>","protected":false},"excerpt":{"rendered":"<p>\ud83d\udd25\ud83d\udd25Todos os produtos deste site s\u00e3o r\u00e9plicas perfeitas de alta qualidade feitas por super fabricantes, novas e fechadas, a qualidade e o servi\u00e7o p\u00f3s-venda s\u00e3o garantidos!<\/p>\n<p>\u2705\u2705\u2705\u2705Mirekboutique s\u00f3 produz artigos de alta qualidade Todos os artigos da nossa loja v\u00eam com a caixa original Caixa de madeira de alta qualidade<\/p>\n<p>\ud83c\udf39\ud83c\udf39Por favor, tenha certeza de comprar Todos os produtos suportam dinheiro na entrega Desejo-lhe uma compra feliz<\/p>","protected":false},"featured_media":1049,"comment_status":"open","ping_status":"closed","template":"","meta":{"_monsterinsights_skip_tracking":false,"_monsterinsights_sitenote_active":false,"_monsterinsights_sitenote_note":"","_monsterinsights_sitenote_category":0,"site-sidebar-layout":"default","site-content-layout":"","ast-site-content-layout":"default","site-content-style":"default","site-sidebar-style":"default","ast-global-header-display":"","ast-banner-title-visibility":"","ast-main-header-display":"","ast-hfb-above-header-display":"","ast-hfb-below-header-display":"","ast-hfb-mobile-header-display":"","site-post-title":"","ast-breadcrumbs-content":"","ast-featured-img":"","footer-sml-layout":"","theme-transparent-header-meta":"default","adv-header-id-meta":"","stick-header-meta":"","header-above-stick-meta":"","header-main-stick-meta":"","header-below-stick-meta":"","astra-migrate-meta-layouts":"set","ast-page-background-enabled":"default","ast-page-background-meta":{"desktop":{"background-color":"var(--ast-global-color-4)","background-image":"","background-repeat":"repeat","background-position":"center center","background-size":"auto","background-attachment":"scroll","background-type":"","background-media":"","overlay-type":"","overlay-color":"","overlay-opacity":"","overlay-gradient":""},"tablet":{"background-color":"","background-image":"","background-repeat":"repeat","background-position":"center center","background-size":"auto","background-attachment":"scroll","background-type":"","background-media":"","overlay-type":"","overlay-color":"","overlay-opacity":"","overlay-gradient":""},"mobile":{"background-color":"","background-image":"","background-repeat":"repeat","background-position":"center center","background-size":"auto","background-attachment":"scroll","background-type":"","background-media":"","overlay-type":"","overlay-color":"","overlay-opacity":"","overlay-gradient":""}},"ast-content-background-meta":{"desktop":{"background-color":"var(--ast-global-color-5)","background-image":"","background-repeat":"repeat","background-position":"center center","background-size":"auto","background-attachment":"scroll","background-type":"","background-media":"","overlay-type":"","overlay-color":"","overlay-opacity":"","overlay-gradient":""},"tablet":{"background-color":"var(--ast-global-color-5)","background-image":"","background-repeat":"repeat","background-position":"center center","background-size":"auto","background-attachment":"scroll","background-type":"","background-media":"","overlay-type":"","overlay-color":"","overlay-opacity":"","overlay-gradient":""},"mobile":{"background-color":"var(--ast-global-color-5)","background-image":"","background-repeat":"repeat","background-position":"center center","background-size":"auto","background-attachment":"scroll","background-type":"","background-media":"","overlay-type":"","overlay-color":"","overlay-opacity":"","overlay-gradient":""}}},"product_brand":[],"product_cat":[34],"product_tag":[],"class_list":{"0":"post-1048","1":"product","2":"type-product","3":"status-publish","4":"has-post-thumbnail","6":"product_cat-longines","7":"desktop-align-center","8":"tablet-align-left","9":"mobile-align-left","11":"first","12":"instock","13":"sale","14":"shipping-taxable","15":"purchasable","16":"product-type-simple"},"_links":{"self":[{"href":"https:\/\/mirekboutique.com\/pt\/wp-json\/wp\/v2\/product\/1048","targetHints":{"allow":["GET"]}}],"collection":[{"href":"https:\/\/mirekboutique.com\/pt\/wp-json\/wp\/v2\/product"}],"about":[{"href":"https:\/\/mirekboutique.com\/pt\/wp-json\/wp\/v2\/types\/product"}],"replies":[{"embeddable":true,"href":"https:\/\/mirekboutique.com\/pt\/wp-json\/wp\/v2\/comments?post=1048"}],"version-history":[{"count":1,"href":"https:\/\/mirekboutique.com\/pt\/wp-json\/wp\/v2\/product\/1048\/revisions"}],"predecessor-version":[{"id":1053,"href":"https:\/\/mirekboutique.com\/pt\/wp-json\/wp\/v2\/product\/1048\/revisions\/1053"}],"wp:featuredmedia":[{"embeddable":true,"href":"https:\/\/mirekboutique.com\/pt\/wp-json\/wp\/v2\/media\/1049"}],"wp:attachment":[{"href":"https:\/\/mirekboutique.com\/pt\/wp-json\/wp\/v2\/media?parent=1048"}],"wp:term":[{"taxonomy":"product_brand","embeddable":true,"href":"https:\/\/mirekboutique.com\/pt\/wp-json\/wp\/v2\/product_brand?post=1048"},{"taxonomy":"product_cat","embeddable":true,"href":"https:\/\/mirekboutique.com\/pt\/wp-json\/wp\/v2\/product_cat?post=1048"},{"taxonomy":"product_tag","embeddable":true,"href":"https:\/\/mirekboutique.com\/pt\/wp-json\/wp\/v2\/product_tag?post=1048"}],"curies":[{"name":"wp","href":"https:\/\/api.w.org\/{rel}","templated":true}]}}