{"id":1085,"date":"2025-05-09T01:23:55","date_gmt":"2025-05-08T17:23:55","guid":{"rendered":"https:\/\/mirekboutique.com\/?post_type=product&#038;p=1085"},"modified":"2025-05-24T19:21:46","modified_gmt":"2025-05-24T11:21:46","slug":"lq147-masterpiece-moonphase-latest-model-l2-11-super-clone","status":"publish","type":"product","link":"https:\/\/mirekboutique.com\/pt\/produto\/lq147-masterpiece-moonphase-latest-model-l2-11-super-clone\/","title":{"rendered":"LQ147 Masterpiece Moonphase Modelo mais recente L2 1:1 Super Clone"},"content":{"rendered":"<p>A f\u00e1brica KL voltou a subir ao pico da r\u00e9plica da obra-prima cuidadosamente trabalhada da fase lunar do \u00faltimo rel\u00f3gio L2.773.4.78.6 - milhares de subtilezas, converg\u00eancia de um disco, a disposi\u00e7\u00e3o do requintado, excelente sentido de vis\u00e3o!<br \/>\nForam comprados e moldados tr\u00eas rel\u00f3gios originais, e o requintado trabalho artesanal \u00e9 vis\u00edvel no pulso.<br \/>\n[Caixa] Tamanho do rel\u00f3gio 40mm X 14,5mm A caixa \u00e9 fabricada em a\u00e7o inoxid\u00e1vel 316L de qualidade excecional, brilhante e reluzente, apresentando a textura brilhante original das linhas suaves. As asas verticais e a caixa s\u00e3o moldadas numa s\u00f3 pe\u00e7a, o que torna a sua utiliza\u00e7\u00e3o extremamente confort\u00e1vel!<br \/>\n[Movimento] usando o movimento Dandong 7751 para mudar o movimento original do tipo L.687, todas as fun\u00e7\u00f5es sincronizadas com o original. \u00c9 um dos produtos orgulhosos do peso do movimento dom\u00e9stico, e \u00e9 tamb\u00e9m o estilo cl\u00e1ssico mais carater\u00edstico da Longines.<br \/>\n[Literal] Longines fase da lua restaurar o mais alto grau de ornamenta\u00e7\u00e3o \"gr\u00e3o de trigo\", impress\u00e3o tridimensional da escala \u00e1rabe preto, cada fonte s\u00e3o refer\u00eancia estrita ao estilo original, para alcan\u00e7ar e n\u00edveis intercambi\u00e1veis genu\u00ednos<br \/>\n[Ponteiros] A fase lunar de oito agulhas tem oito ponteiros em a\u00e7o azul de alta temperatura, profundos e distintos, brilhantes. O processo de a\u00e7o azulado \u00e9 o mais alto n\u00edvel de artesanato su\u00ed\u00e7o, a luz de fundo \u00e9 profunda e deslumbrante \u00e0 luz!<br \/>\n[Movimento] O movimento funciona em linha com o original - uma combina\u00e7\u00e3o perfeita de fases da lua, calend\u00e1rio completo, 24 horas e fun\u00e7\u00f5es de cron\u00f3grafo multi-fun\u00e7\u00f5es, movimento mec\u00e2nico de corda autom\u00e1tica L687, 28 800 vibra\u00e7\u00f5es por hora, at\u00e9 45 horas de reserva de marcha!<br \/>\nF\u00e1brica KL] A f\u00e1brica KL \u00e9 apenas para criar a fam\u00edlia Longa familiar mais popular dos rel\u00f3gios da mais alta qualidade, produto rico, melhoria cont\u00ednua, na busca da qualidade ao mesmo tempo tamb\u00e9m fazer o mercado uma das f\u00e1bricas mais rent\u00e1veis, cada rel\u00f3gio ser\u00e1 comprado para abrir o molde da produ\u00e7\u00e3o original de novos produtos, de modo que o rel\u00f3gio dos detalhes da textura s\u00e3o perfeitamente restaurados, aqui gra\u00e7as a todos e cada empres\u00e1rio para apoiar a f\u00e1brica KL e amigos do rel\u00f3gio, vamos continuar a trabalhar duro!<\/p>","protected":false},"excerpt":{"rendered":"<p>\ud83d\udd25\ud83d\udd25Todos os produtos deste site s\u00e3o r\u00e9plicas perfeitas de alta qualidade feitas por super fabricantes, novas e fechadas, a qualidade e o servi\u00e7o p\u00f3s-venda s\u00e3o garantidos!<\/p>\n<p>\u2705\u2705\u2705\u2705Mirekboutique s\u00f3 produz artigos de alta qualidade Todos os artigos da nossa loja v\u00eam com a caixa original Caixa de madeira de alta qualidade<\/p>\n<p>\ud83c\udf39\ud83c\udf39Por favor, tenha certeza de comprar Todos os produtos suportam dinheiro na entrega Desejo-lhe uma compra feliz<\/p>","protected":false},"featured_media":1086,"comment_status":"open","ping_status":"closed","template":"","meta":{"_monsterinsights_skip_tracking":false,"_monsterinsights_sitenote_active":false,"_monsterinsights_sitenote_note":"","_monsterinsights_sitenote_category":0,"site-sidebar-layout":"default","site-content-layout":"","ast-site-content-layout":"default","site-content-style":"default","site-sidebar-style":"default","ast-global-header-display":"","ast-banner-title-visibility":"","ast-main-header-display":"","ast-hfb-above-header-display":"","ast-hfb-below-header-display":"","ast-hfb-mobile-header-display":"","site-post-title":"","ast-breadcrumbs-content":"","ast-featured-img":"","footer-sml-layout":"","ast-disable-related-posts":"","theme-transparent-header-meta":"default","adv-header-id-meta":"","stick-header-meta":"","header-above-stick-meta":"","header-main-stick-meta":"","header-below-stick-meta":"","astra-migrate-meta-layouts":"set","ast-page-background-enabled":"default","ast-page-background-meta":{"desktop":{"background-color":"var(--ast-global-color-4)","background-image":"","background-repeat":"repeat","background-position":"center center","background-size":"auto","background-attachment":"scroll","background-type":"","background-media":"","overlay-type":"","overlay-color":"","overlay-opacity":"","overlay-gradient":""},"tablet":{"background-color":"","background-image":"","background-repeat":"repeat","background-position":"center center","background-size":"auto","background-attachment":"scroll","background-type":"","background-media":"","overlay-type":"","overlay-color":"","overlay-opacity":"","overlay-gradient":""},"mobile":{"background-color":"","background-image":"","background-repeat":"repeat","background-position":"center center","background-size":"auto","background-attachment":"scroll","background-type":"","background-media":"","overlay-type":"","overlay-color":"","overlay-opacity":"","overlay-gradient":""}},"ast-content-background-meta":{"desktop":{"background-color":"var(--ast-global-color-5)","background-image":"","background-repeat":"repeat","background-position":"center center","background-size":"auto","background-attachment":"scroll","background-type":"","background-media":"","overlay-type":"","overlay-color":"","overlay-opacity":"","overlay-gradient":""},"tablet":{"background-color":"var(--ast-global-color-5)","background-image":"","background-repeat":"repeat","background-position":"center center","background-size":"auto","background-attachment":"scroll","background-type":"","background-media":"","overlay-type":"","overlay-color":"","overlay-opacity":"","overlay-gradient":""},"mobile":{"background-color":"var(--ast-global-color-5)","background-image":"","background-repeat":"repeat","background-position":"center center","background-size":"auto","background-attachment":"scroll","background-type":"","background-media":"","overlay-type":"","overlay-color":"","overlay-opacity":"","overlay-gradient":""}}},"product_brand":[],"product_cat":[34],"product_tag":[],"class_list":{"0":"post-1085","1":"product","2":"type-product","3":"status-publish","4":"has-post-thumbnail","6":"product_cat-longines","7":"desktop-align-center","8":"tablet-align-left","9":"mobile-align-left","11":"first","12":"instock","13":"sale","14":"shipping-taxable","15":"purchasable","16":"product-type-simple"},"_links":{"self":[{"href":"https:\/\/mirekboutique.com\/pt\/wp-json\/wp\/v2\/product\/1085","targetHints":{"allow":["GET"]}}],"collection":[{"href":"https:\/\/mirekboutique.com\/pt\/wp-json\/wp\/v2\/product"}],"about":[{"href":"https:\/\/mirekboutique.com\/pt\/wp-json\/wp\/v2\/types\/product"}],"replies":[{"embeddable":true,"href":"https:\/\/mirekboutique.com\/pt\/wp-json\/wp\/v2\/comments?post=1085"}],"version-history":[{"count":1,"href":"https:\/\/mirekboutique.com\/pt\/wp-json\/wp\/v2\/product\/1085\/revisions"}],"predecessor-version":[{"id":1091,"href":"https:\/\/mirekboutique.com\/pt\/wp-json\/wp\/v2\/product\/1085\/revisions\/1091"}],"wp:featuredmedia":[{"embeddable":true,"href":"https:\/\/mirekboutique.com\/pt\/wp-json\/wp\/v2\/media\/1086"}],"wp:attachment":[{"href":"https:\/\/mirekboutique.com\/pt\/wp-json\/wp\/v2\/media?parent=1085"}],"wp:term":[{"taxonomy":"product_brand","embeddable":true,"href":"https:\/\/mirekboutique.com\/pt\/wp-json\/wp\/v2\/product_brand?post=1085"},{"taxonomy":"product_cat","embeddable":true,"href":"https:\/\/mirekboutique.com\/pt\/wp-json\/wp\/v2\/product_cat?post=1085"},{"taxonomy":"product_tag","embeddable":true,"href":"https:\/\/mirekboutique.com\/pt\/wp-json\/wp\/v2\/product_tag?post=1085"}],"curies":[{"name":"wp","href":"https:\/\/api.w.org\/{rel}","templated":true}]}}