{"id":1175,"date":"2025-05-09T01:46:11","date_gmt":"2025-05-08T17:46:11","guid":{"rendered":"https:\/\/mirekboutique.com\/?post_type=product&#038;p=1175"},"modified":"2025-05-24T19:21:46","modified_gmt":"2025-05-24T11:21:46","slug":"omg223-omg-seamaster-worldtimer-220-30-43-22-10-001-11-super-clone","status":"publish","type":"product","link":"https:\/\/mirekboutique.com\/pt\/produto\/omg223-omg-seamaster-worldtimer-220-30-43-22-10-001-11-super-clone\/","title":{"rendered":"OMG223 Omg Seamaster Worldtimer 220.30.43.22.10.001 1:1 Super Clone"},"content":{"rendered":"<p>N1Factory<br \/>\nOmg Seamaster Worldtimer 220.30.43.22.10.001<br \/>\n1: caixa: moldagem de modelo genu\u00edno e di\u00e2metro consistente genu\u00edno de 43 (excluindo a queda da prensa) \"mais\" restaurar o brilho delicado e textura macia da caixa genu\u00edna, amplitude da caixa, para alcan\u00e7ar e genu\u00edno conjunto de acess\u00f3rios de concha universal<br \/>\n2: vidro: utiliza\u00e7\u00e3o exclusiva de espelho de vidro de safira antirreflexo de dupla face em arco e resistente ao desgaste, espelho de cristal de safira revestido com pel\u00edcula de cristal antirreflexo de alta transpar\u00eancia, para que a fun\u00e7\u00e3o de leitura atinja o \"melhor\"!<br \/>\n3:Literatura: A cor do mostrador levou um ano de mistura de cores para al\u00e9m do<br \/>\n4: agulha: ponteiro todo o polimento fino e palavra cor das unhas e tonifica\u00e7\u00e3o genu\u00edna consistente, luminosa e palavra cor super luminosa das unhas \u00e9 consistente, leitura sem medo no escuro, adeus aos produtos de mercado brancos, problemas inconsistentes de efeito luminoso.<br \/>\n5: o movimento utilizado no movimento 8938 \u00e9 um movimento de corda autom\u00e1tica, a reserva de marcha atinge 48 horas<br \/>\n6 bracelete: bracelete genu\u00edna em a\u00e7o 904 moldado aberto de qualidade A<br \/>\n7: Fivela: Fivela de a\u00e7o 904 consistente genu\u00edna, part\u00edculas de cabe\u00e7a de actividades polidas, simples e concisa, uma demoli\u00e7\u00e3o de um desgaste apenas num piscar de olhos!<br \/>\nProduto N1 da \u00e9poca mundial, n\u00edvel m\u00e1ximo de boas-vindas \u00e0 degusta\u00e7\u00e3o dos jogadores (o produto N1 deve ser bom)<\/p>","protected":false},"excerpt":{"rendered":"<p>\ud83d\udd25\ud83d\udd25Todos os produtos deste site s\u00e3o r\u00e9plicas perfeitas de alta qualidade feitas por super fabricantes, novas e fechadas, a qualidade e o servi\u00e7o p\u00f3s-venda s\u00e3o garantidos!<\/p>\n<p>\u2705\u2705\u2705\u2705Mirekboutique s\u00f3 produz artigos de alta qualidade Todos os artigos da nossa loja v\u00eam com a caixa original Caixa de madeira de alta qualidade<\/p>\n<p>\ud83c\udf39\ud83c\udf39Por favor, tenha certeza de comprar Todos os produtos suportam dinheiro na entrega Desejo-lhe uma compra feliz<\/p>","protected":false},"featured_media":1176,"comment_status":"open","ping_status":"closed","template":"","meta":{"_monsterinsights_skip_tracking":false,"_monsterinsights_sitenote_active":false,"_monsterinsights_sitenote_note":"","_monsterinsights_sitenote_category":0,"site-sidebar-layout":"default","site-content-layout":"","ast-site-content-layout":"default","site-content-style":"default","site-sidebar-style":"default","ast-global-header-display":"","ast-banner-title-visibility":"","ast-main-header-display":"","ast-hfb-above-header-display":"","ast-hfb-below-header-display":"","ast-hfb-mobile-header-display":"","site-post-title":"","ast-breadcrumbs-content":"","ast-featured-img":"","footer-sml-layout":"","ast-disable-related-posts":"","theme-transparent-header-meta":"default","adv-header-id-meta":"","stick-header-meta":"","header-above-stick-meta":"","header-main-stick-meta":"","header-below-stick-meta":"","astra-migrate-meta-layouts":"set","ast-page-background-enabled":"default","ast-page-background-meta":{"desktop":{"background-color":"var(--ast-global-color-4)","background-image":"","background-repeat":"repeat","background-position":"center center","background-size":"auto","background-attachment":"scroll","background-type":"","background-media":"","overlay-type":"","overlay-color":"","overlay-opacity":"","overlay-gradient":""},"tablet":{"background-color":"","background-image":"","background-repeat":"repeat","background-position":"center center","background-size":"auto","background-attachment":"scroll","background-type":"","background-media":"","overlay-type":"","overlay-color":"","overlay-opacity":"","overlay-gradient":""},"mobile":{"background-color":"","background-image":"","background-repeat":"repeat","background-position":"center center","background-size":"auto","background-attachment":"scroll","background-type":"","background-media":"","overlay-type":"","overlay-color":"","overlay-opacity":"","overlay-gradient":""}},"ast-content-background-meta":{"desktop":{"background-color":"var(--ast-global-color-5)","background-image":"","background-repeat":"repeat","background-position":"center center","background-size":"auto","background-attachment":"scroll","background-type":"","background-media":"","overlay-type":"","overlay-color":"","overlay-opacity":"","overlay-gradient":""},"tablet":{"background-color":"var(--ast-global-color-5)","background-image":"","background-repeat":"repeat","background-position":"center center","background-size":"auto","background-attachment":"scroll","background-type":"","background-media":"","overlay-type":"","overlay-color":"","overlay-opacity":"","overlay-gradient":""},"mobile":{"background-color":"var(--ast-global-color-5)","background-image":"","background-repeat":"repeat","background-position":"center center","background-size":"auto","background-attachment":"scroll","background-type":"","background-media":"","overlay-type":"","overlay-color":"","overlay-opacity":"","overlay-gradient":""}}},"product_brand":[],"product_cat":[37],"product_tag":[],"class_list":{"0":"post-1175","1":"product","2":"type-product","3":"status-publish","4":"has-post-thumbnail","6":"product_cat-omega","7":"desktop-align-center","8":"tablet-align-left","9":"mobile-align-left","11":"first","12":"instock","13":"sale","14":"shipping-taxable","15":"purchasable","16":"product-type-simple"},"_links":{"self":[{"href":"https:\/\/mirekboutique.com\/pt\/wp-json\/wp\/v2\/product\/1175","targetHints":{"allow":["GET"]}}],"collection":[{"href":"https:\/\/mirekboutique.com\/pt\/wp-json\/wp\/v2\/product"}],"about":[{"href":"https:\/\/mirekboutique.com\/pt\/wp-json\/wp\/v2\/types\/product"}],"replies":[{"embeddable":true,"href":"https:\/\/mirekboutique.com\/pt\/wp-json\/wp\/v2\/comments?post=1175"}],"version-history":[{"count":1,"href":"https:\/\/mirekboutique.com\/pt\/wp-json\/wp\/v2\/product\/1175\/revisions"}],"predecessor-version":[{"id":1182,"href":"https:\/\/mirekboutique.com\/pt\/wp-json\/wp\/v2\/product\/1175\/revisions\/1182"}],"wp:featuredmedia":[{"embeddable":true,"href":"https:\/\/mirekboutique.com\/pt\/wp-json\/wp\/v2\/media\/1176"}],"wp:attachment":[{"href":"https:\/\/mirekboutique.com\/pt\/wp-json\/wp\/v2\/media?parent=1175"}],"wp:term":[{"taxonomy":"product_brand","embeddable":true,"href":"https:\/\/mirekboutique.com\/pt\/wp-json\/wp\/v2\/product_brand?post=1175"},{"taxonomy":"product_cat","embeddable":true,"href":"https:\/\/mirekboutique.com\/pt\/wp-json\/wp\/v2\/product_cat?post=1175"},{"taxonomy":"product_tag","embeddable":true,"href":"https:\/\/mirekboutique.com\/pt\/wp-json\/wp\/v2\/product_tag?post=1175"}],"curies":[{"name":"wp","href":"https:\/\/api.w.org\/{rel}","templated":true}]}}