{"id":1348,"date":"2025-05-09T02:35:55","date_gmt":"2025-05-08T18:35:55","guid":{"rendered":"https:\/\/mirekboutique.com\/?post_type=product&#038;p=1348"},"modified":"2025-05-24T19:21:44","modified_gmt":"2025-05-24T11:21:44","slug":"bd008-ai-fantasy-star-watch-11-super-clone","status":"publish","type":"product","link":"https:\/\/mirekboutique.com\/pt\/produto\/bd008-ai-fantasy-star-watch-11-super-clone\/","title":{"rendered":"BD008 AI Fantasy Star Watch 1:1 Super Clone"},"content":{"rendered":"<p>O rel\u00f3gio AI Fantasy Star surgiu do nada e fez jus ao seu nome: mostrador de \u00f3rbita estelar real, de acordo com as 745 horas genu\u00ednas de um c\u00edrculo. Exatamente igual ao aut\u00eantico e exclusivo mostrador de tr\u00eas camadas, r\u00e9plica perfeita do rel\u00f3gio original! Entregue com caixa de transporte de balc\u00e3o!<br \/>\n\"O s\u00edmbolo da aristocracia\" PP Sky Moon Watches cont\u00e9m uma vista panor\u00e2mica do c\u00e9u, o c\u00e9u noturno estrelado mais deslumbrante do hemisf\u00e9rio norte, com um mostrador \u00fanico de tr\u00eas camadas girando em diferentes velocidades, exibindo com precis\u00e3o uma vista panor\u00e2mica abobadada das estrelas e da lua orbitando no c\u00e9u noturno. O mapa estelar \u00e9 composto por tr\u00eas discos diferentes: dois discos que mostram o fundo do c\u00e9u estrelado e as fases da lua, e um disco de cristal transparente que mostra o mapa estelar e a Via L\u00e1ctea. Os ponteiros das horas e dos minutos s\u00e3o trabalhados a c\u00e9u aberto em forma de folhas de salgueiro no mostrador, com ponteiros cinzento-prateados no mostrador azul e ponteiros cor de creme no mostrador preto. O centro tem um eixo central s\u00f3lido e polido que \u00e9 consistente com o original e exclusivo. O fundo de caixa transparente revela o calibre 240 LU CL C pearloid tourbillon com 38 mm de di\u00e2metro, 6,81 mm de espessura, 315 pe\u00e7as, 12 pontes, 45 j\u00f3ias, 28 800 vibra\u00e7\u00f5es por hora, uma reserva de marcha m\u00e1xima de 48 horas e uma massa oscilante miniatura descentrada em ouro de 22 quilates. A bracelete de liberta\u00e7\u00e3o r\u00e1pida \u00e9 uma bracelete com padr\u00e3o de escala quadrada de cor brilhante cosida \u00e0 m\u00e3o com um fecho desdobr\u00e1vel. Al\u00e7a de 2 horas para ajustar o mostrador astrol\u00f3gico transparente para ler o tempo da fase da lua ao mesmo tempo, o mostrador astrol\u00f3gico transparente gira uma vez por m\u00eas, al\u00e7a de 4 horas para ajustar o mostrador astrol\u00f3gico, janela redonda \u25cb para exibir as fases da lua, a caixa de 6 horas \u00e9 envolta em um diamante como o original, que nunca cair\u00e1 dos diamantes! Este \u00e9 o modelo de rel\u00f3gio super-complexo mais fascinante desenvolvido e produzido pela f\u00e1brica de IA, use todo o c\u00e9u estrelado no seu pulso, voc\u00ea merece!<\/p>","protected":false},"excerpt":{"rendered":"<p>\ud83d\udd25\ud83d\udd25Todos os produtos deste site s\u00e3o r\u00e9plicas perfeitas de alta qualidade feitas por super fabricantes, novas e fechadas, a qualidade e o servi\u00e7o p\u00f3s-venda s\u00e3o garantidos!<\/p>\n<p>\u2705\u2705\u2705\u2705Mirekboutique s\u00f3 produz artigos de alta qualidade Todos os artigos da nossa loja v\u00eam com a caixa original Caixa de madeira de alta qualidade<\/p>\n<p>\ud83c\udf39\ud83c\udf39Por favor, tenha certeza de comprar Todos os produtos suportam dinheiro na entrega Desejo-lhe uma compra feliz<\/p>","protected":false},"featured_media":1349,"comment_status":"open","ping_status":"closed","template":"","meta":{"_monsterinsights_skip_tracking":false,"_monsterinsights_sitenote_active":false,"_monsterinsights_sitenote_note":"","_monsterinsights_sitenote_category":0,"site-sidebar-layout":"default","site-content-layout":"","ast-site-content-layout":"default","site-content-style":"default","site-sidebar-style":"default","ast-global-header-display":"","ast-banner-title-visibility":"","ast-main-header-display":"","ast-hfb-above-header-display":"","ast-hfb-below-header-display":"","ast-hfb-mobile-header-display":"","site-post-title":"","ast-breadcrumbs-content":"","ast-featured-img":"","footer-sml-layout":"","theme-transparent-header-meta":"default","adv-header-id-meta":"","stick-header-meta":"","header-above-stick-meta":"","header-main-stick-meta":"","header-below-stick-meta":"","astra-migrate-meta-layouts":"set","ast-page-background-enabled":"default","ast-page-background-meta":{"desktop":{"background-color":"var(--ast-global-color-4)","background-image":"","background-repeat":"repeat","background-position":"center center","background-size":"auto","background-attachment":"scroll","background-type":"","background-media":"","overlay-type":"","overlay-color":"","overlay-opacity":"","overlay-gradient":""},"tablet":{"background-color":"","background-image":"","background-repeat":"repeat","background-position":"center center","background-size":"auto","background-attachment":"scroll","background-type":"","background-media":"","overlay-type":"","overlay-color":"","overlay-opacity":"","overlay-gradient":""},"mobile":{"background-color":"","background-image":"","background-repeat":"repeat","background-position":"center center","background-size":"auto","background-attachment":"scroll","background-type":"","background-media":"","overlay-type":"","overlay-color":"","overlay-opacity":"","overlay-gradient":""}},"ast-content-background-meta":{"desktop":{"background-color":"var(--ast-global-color-5)","background-image":"","background-repeat":"repeat","background-position":"center center","background-size":"auto","background-attachment":"scroll","background-type":"","background-media":"","overlay-type":"","overlay-color":"","overlay-opacity":"","overlay-gradient":""},"tablet":{"background-color":"var(--ast-global-color-5)","background-image":"","background-repeat":"repeat","background-position":"center center","background-size":"auto","background-attachment":"scroll","background-type":"","background-media":"","overlay-type":"","overlay-color":"","overlay-opacity":"","overlay-gradient":""},"mobile":{"background-color":"var(--ast-global-color-5)","background-image":"","background-repeat":"repeat","background-position":"center center","background-size":"auto","background-attachment":"scroll","background-type":"","background-media":"","overlay-type":"","overlay-color":"","overlay-opacity":"","overlay-gradient":""}}},"product_brand":[],"product_cat":[18],"product_tag":[],"class_list":{"0":"post-1348","1":"product","2":"type-product","3":"status-publish","4":"has-post-thumbnail","6":"product_cat-patek-philippe","7":"desktop-align-center","8":"tablet-align-left","9":"mobile-align-left","11":"first","12":"instock","13":"sale","14":"shipping-taxable","15":"purchasable","16":"product-type-simple"},"_links":{"self":[{"href":"https:\/\/mirekboutique.com\/pt\/wp-json\/wp\/v2\/product\/1348","targetHints":{"allow":["GET"]}}],"collection":[{"href":"https:\/\/mirekboutique.com\/pt\/wp-json\/wp\/v2\/product"}],"about":[{"href":"https:\/\/mirekboutique.com\/pt\/wp-json\/wp\/v2\/types\/product"}],"replies":[{"embeddable":true,"href":"https:\/\/mirekboutique.com\/pt\/wp-json\/wp\/v2\/comments?post=1348"}],"version-history":[{"count":1,"href":"https:\/\/mirekboutique.com\/pt\/wp-json\/wp\/v2\/product\/1348\/revisions"}],"predecessor-version":[{"id":1354,"href":"https:\/\/mirekboutique.com\/pt\/wp-json\/wp\/v2\/product\/1348\/revisions\/1354"}],"wp:featuredmedia":[{"embeddable":true,"href":"https:\/\/mirekboutique.com\/pt\/wp-json\/wp\/v2\/media\/1349"}],"wp:attachment":[{"href":"https:\/\/mirekboutique.com\/pt\/wp-json\/wp\/v2\/media?parent=1348"}],"wp:term":[{"taxonomy":"product_brand","embeddable":true,"href":"https:\/\/mirekboutique.com\/pt\/wp-json\/wp\/v2\/product_brand?post=1348"},{"taxonomy":"product_cat","embeddable":true,"href":"https:\/\/mirekboutique.com\/pt\/wp-json\/wp\/v2\/product_cat?post=1348"},{"taxonomy":"product_tag","embeddable":true,"href":"https:\/\/mirekboutique.com\/pt\/wp-json\/wp\/v2\/product_tag?post=1348"}],"curies":[{"name":"wp","href":"https:\/\/api.w.org\/{rel}","templated":true}]}}