{"id":1362,"date":"2025-05-09T02:40:22","date_gmt":"2025-05-08T18:40:22","guid":{"rendered":"https:\/\/mirekboutique.com\/?post_type=product&#038;p=1362"},"modified":"2025-05-24T19:21:44","modified_gmt":"2025-05-24T11:21:44","slug":"bd010-clatrava-series-11-super-clone-from-a-super-factory","status":"publish","type":"product","link":"https:\/\/mirekboutique.com\/pt\/produto\/bd010-clatrava-series-11-super-clone-from-a-super-factory\/","title":{"rendered":"BD010 Clatrava S\u00e9rie 1:1 super clone de uma super f\u00e1brica"},"content":{"rendered":"<p>Novo da f\u00e1brica da PPF em Hong Kong - PP Calatrava Ref. 5226G-001 Caixa: A cole\u00e7\u00e3o Calatrava \u00e9 conhecida pela sua forma arredondada e suave da caixa. Atualmente, a PPF pegou nesta carater\u00edstica e redesenhou-a com um motivo de tachas parisienses nos bordos laterais da caixa. O motivo de tachas parisiense \u00e9 um elemento cl\u00e1ssico da Patek Philippe que foi reproduzido no Calatrava Parisian Studded Ref. 6119 em 2021, e os designers desenvolveram uma constru\u00e7\u00e3o de caixa especial que permite que as asas sejam integradas no fundo da caixa, de modo a que as tachas parisienses cubram totalmente a parte lateral da caixa. A f\u00e1brica da HK moldou a caixa para corresponder ao original! Literatura: O mostrador em cinzento-carv\u00e3o \u00e9 de inspira\u00e7\u00e3o vintage, com um gradiente preto \u00e0 volta dos bordos e um subtil granulado que faz lembrar as caixas das m\u00e1quinas fotogr\u00e1ficas vintage. O mostrador \u00e9 complementado por letras tridimensionais em ouro branco com revestimento bege luminescente e uma discreta escala de segundos \"track\". Os ponteiros cil\u00edndricos das horas e dos minutos em ouro branco s\u00e3o revestidos a luminesc\u00eancia bege e a janela da data \u00e0s 3 horas apresenta letras bege sobre um fundo preto Movement: O PPF Manufacture utiliza o calibre 9015 importado como calibre de base, que foi adaptado e melhorado! O movimento tem pontes chanfradas, arestas polidas, decora\u00e7\u00e3o em escama de peixe e C\u00f4tes de Gen\u00e8ve nas pontes grandes e pequenas, grava\u00e7\u00e3o incrustada a ouro nas superf\u00edcies das pontes, recessos de parafusos polidos e chanfrados, e \u00e9 estampado com a cl\u00e1ssica marca Patek Philippe duplo P! Bracelete: A nova Ref. 5226G-001 est\u00e1 dispon\u00edvel com duas braceletes intercambi\u00e1veis, uma em pele de bezerro de camur\u00e7a bege e outra em pele de bezerro preta com um padr\u00e3o texturizado em relevo e costura bege. Ambas as braceletes est\u00e3o equipadas com uma fivela de ouro branco e al\u00e7as de liberta\u00e7\u00e3o r\u00e1pida, tornando a opera\u00e7\u00e3o de substitui\u00e7\u00e3o da bracelete mais conveniente! A f\u00e1brica da PPF n\u00e3o vai explodir, vai continuar a melhorar e vai continuar a criar c\u00f3pias de rel\u00f3gios de qualidade original para os amantes de rel\u00f3gios de todos os sectores da vida.<\/p>","protected":false},"excerpt":{"rendered":"<p>\ud83d\udd25\ud83d\udd25Todos os produtos deste site s\u00e3o r\u00e9plicas perfeitas de alta qualidade feitas por super fabricantes, novas e fechadas, a qualidade e o servi\u00e7o p\u00f3s-venda s\u00e3o garantidos!<\/p>\n<p>\u2705\u2705\u2705\u2705Mirekboutique s\u00f3 produz artigos de alta qualidade Todos os artigos da nossa loja v\u00eam com a caixa original Caixa de madeira de alta qualidade<\/p>\n<p>\ud83c\udf39\ud83c\udf39Por favor, tenha certeza de comprar Todos os produtos suportam dinheiro na entrega Desejo-lhe uma compra feliz<\/p>","protected":false},"featured_media":1363,"comment_status":"open","ping_status":"closed","template":"","meta":{"_monsterinsights_skip_tracking":false,"_monsterinsights_sitenote_active":false,"_monsterinsights_sitenote_note":"","_monsterinsights_sitenote_category":0,"site-sidebar-layout":"default","site-content-layout":"","ast-site-content-layout":"default","site-content-style":"default","site-sidebar-style":"default","ast-global-header-display":"","ast-banner-title-visibility":"","ast-main-header-display":"","ast-hfb-above-header-display":"","ast-hfb-below-header-display":"","ast-hfb-mobile-header-display":"","site-post-title":"","ast-breadcrumbs-content":"","ast-featured-img":"","footer-sml-layout":"","theme-transparent-header-meta":"default","adv-header-id-meta":"","stick-header-meta":"","header-above-stick-meta":"","header-main-stick-meta":"","header-below-stick-meta":"","astra-migrate-meta-layouts":"set","ast-page-background-enabled":"default","ast-page-background-meta":{"desktop":{"background-color":"var(--ast-global-color-4)","background-image":"","background-repeat":"repeat","background-position":"center center","background-size":"auto","background-attachment":"scroll","background-type":"","background-media":"","overlay-type":"","overlay-color":"","overlay-opacity":"","overlay-gradient":""},"tablet":{"background-color":"","background-image":"","background-repeat":"repeat","background-position":"center center","background-size":"auto","background-attachment":"scroll","background-type":"","background-media":"","overlay-type":"","overlay-color":"","overlay-opacity":"","overlay-gradient":""},"mobile":{"background-color":"","background-image":"","background-repeat":"repeat","background-position":"center center","background-size":"auto","background-attachment":"scroll","background-type":"","background-media":"","overlay-type":"","overlay-color":"","overlay-opacity":"","overlay-gradient":""}},"ast-content-background-meta":{"desktop":{"background-color":"var(--ast-global-color-5)","background-image":"","background-repeat":"repeat","background-position":"center center","background-size":"auto","background-attachment":"scroll","background-type":"","background-media":"","overlay-type":"","overlay-color":"","overlay-opacity":"","overlay-gradient":""},"tablet":{"background-color":"var(--ast-global-color-5)","background-image":"","background-repeat":"repeat","background-position":"center center","background-size":"auto","background-attachment":"scroll","background-type":"","background-media":"","overlay-type":"","overlay-color":"","overlay-opacity":"","overlay-gradient":""},"mobile":{"background-color":"var(--ast-global-color-5)","background-image":"","background-repeat":"repeat","background-position":"center center","background-size":"auto","background-attachment":"scroll","background-type":"","background-media":"","overlay-type":"","overlay-color":"","overlay-opacity":"","overlay-gradient":""}}},"product_brand":[],"product_cat":[18],"product_tag":[],"class_list":{"0":"post-1362","1":"product","2":"type-product","3":"status-publish","4":"has-post-thumbnail","6":"product_cat-patek-philippe","7":"desktop-align-center","8":"tablet-align-left","9":"mobile-align-left","11":"first","12":"instock","13":"sale","14":"shipping-taxable","15":"purchasable","16":"product-type-simple"},"_links":{"self":[{"href":"https:\/\/mirekboutique.com\/pt\/wp-json\/wp\/v2\/product\/1362","targetHints":{"allow":["GET"]}}],"collection":[{"href":"https:\/\/mirekboutique.com\/pt\/wp-json\/wp\/v2\/product"}],"about":[{"href":"https:\/\/mirekboutique.com\/pt\/wp-json\/wp\/v2\/types\/product"}],"replies":[{"embeddable":true,"href":"https:\/\/mirekboutique.com\/pt\/wp-json\/wp\/v2\/comments?post=1362"}],"version-history":[{"count":1,"href":"https:\/\/mirekboutique.com\/pt\/wp-json\/wp\/v2\/product\/1362\/revisions"}],"predecessor-version":[{"id":1368,"href":"https:\/\/mirekboutique.com\/pt\/wp-json\/wp\/v2\/product\/1362\/revisions\/1368"}],"wp:featuredmedia":[{"embeddable":true,"href":"https:\/\/mirekboutique.com\/pt\/wp-json\/wp\/v2\/media\/1363"}],"wp:attachment":[{"href":"https:\/\/mirekboutique.com\/pt\/wp-json\/wp\/v2\/media?parent=1362"}],"wp:term":[{"taxonomy":"product_brand","embeddable":true,"href":"https:\/\/mirekboutique.com\/pt\/wp-json\/wp\/v2\/product_brand?post=1362"},{"taxonomy":"product_cat","embeddable":true,"href":"https:\/\/mirekboutique.com\/pt\/wp-json\/wp\/v2\/product_cat?post=1362"},{"taxonomy":"product_tag","embeddable":true,"href":"https:\/\/mirekboutique.com\/pt\/wp-json\/wp\/v2\/product_tag?post=1362"}],"curies":[{"name":"wp","href":"https:\/\/api.w.org\/{rel}","templated":true}]}}