{"id":1448,"date":"2025-05-09T03:06:34","date_gmt":"2025-05-08T19:06:34","guid":{"rendered":"https:\/\/mirekboutique.com\/?post_type=product&#038;p=1448"},"modified":"2025-05-24T19:34:49","modified_gmt":"2025-05-24T11:34:49","slug":"lcd184-rm12-01-gold-carbon-fiber-composite-constant-tourbillon-11-super-clone","status":"publish","type":"product","link":"https:\/\/mirekboutique.com\/pt\/produto\/lcd184-rm12-01-gold-carbon-fiber-composite-constant-tourbillon-11-super-clone\/","title":{"rendered":"LCD184 RM12-01 Turbilh\u00e3o constante composto de fibra de carbono em ouro 1:1 Super Clone"},"content":{"rendered":"<p>Richard RM52-01 tourbillon real, reinterpreta\u00e7\u00e3o da ess\u00eancia do cr\u00e2nio R MILLE, avan\u00e7o de v\u00e1rias vers\u00f5es do BUG, para que a maioria do p\u00f3 de ferro possa ter o tamanho certo, movimento verdadeiro, detalhes no lugar da c\u00f3pia ultra-alta. Raz\u00f5es para come\u00e7ar:<br \/>\n1, tamanho pr\u00f3ximo: comprimento oficial, largura e espessura: 50 * 43 * 16mm, comprimento, largura e espessura da f\u00e1brica JB: 49,8 * 44,3 * 16,4mm;<br \/>\n2, rolamentos reais: o rubi na boca do cr\u00e2nio \u00e9 o rolamento real do turbilh\u00e3o, n\u00e3o decorativo, a pedra preciosa corresponde ao eixo central do turbilh\u00e3o envolto nas mand\u00edbulas superior e inferior, como se engolisse a bola de energia, de modo que o original queria expressar o clima de fic\u00e7\u00e3o cient\u00edfica a ser incorporado;<br \/>\n3, os detalhes est\u00e3o no lugar: a parede interna esquerda da tampa da caixa interna \u00e9 impressa com o mesmo selo de a\u00e7o RM052 que o original, o tamanho e a profundidade das engrenagens do olho direito est\u00e3o pr\u00f3ximos do original, o centro da joia da testa \u00e9 avermelhado e transl\u00facido, fivela fosca, pulseira de borracha importada de mat\u00e9rias-primas tailandesas;<br \/>\n4, alinhamento do movimento: gra\u00e7as \u00e0 localiza\u00e7\u00e3o do tamanho do turbilh\u00e3o e \u00e0 consist\u00eancia original, por tr\u00e1s da parte de tr\u00e1s do cr\u00e2nio abaixo da parte de tr\u00e1s da cabe\u00e7a, voc\u00ea pode ver claramente o processo de execu\u00e7\u00e3o do turbilh\u00e3o coaxial da gema, de frente para ver a roda de equil\u00edbrio preta \u00e9 apenas bloqueada pelas mand\u00edbulas do cr\u00e2nio, deixando apenas a roda de escape vagando no cr\u00e2nio abaixo;<br \/>\n5, tanto no interior como no exterior: o movimento \u00e9 um verdadeiro movimento turbilh\u00e3o personalizado da Shanghai Movement Factory, e cada pe\u00e7a do rel\u00f3gio passou por um simulador de alta resist\u00eancia QE timing, para al\u00e9m de uma impermeabiliza\u00e7\u00e3o melhorada.<br \/>\nJB Factory - mais atenta com o n\u00facleo! Esta \u00e9 outra obra-prima depois do Double Tourbillon, RM001, Roger Dubuis King, RM053, Rolex Tourbillon, Classic Fusion! Cada JBFactory Tourbillon vem com uma bolsa de prote\u00e7\u00e3o em pele de cortesia.<\/p>","protected":false},"excerpt":{"rendered":"<p>\ud83d\udd25\ud83d\udd25Todos os produtos deste site s\u00e3o r\u00e9plicas perfeitas de alta qualidade feitas por super fabricantes, novas e fechadas, a qualidade e o servi\u00e7o p\u00f3s-venda s\u00e3o garantidos!<\/p>\n<p>\u2705\u2705\u2705\u2705Mirekboutique s\u00f3 produz artigos de alta qualidade Todos os artigos da nossa loja v\u00eam com a caixa original Caixa de madeira de alta qualidade<\/p>\n<p>\ud83c\udf39\ud83c\udf39Por favor, tenha certeza de comprar Todos os produtos suportam dinheiro na entrega Desejo-lhe uma compra feliz<\/p>","protected":false},"featured_media":1449,"comment_status":"open","ping_status":"closed","template":"","meta":{"_monsterinsights_skip_tracking":false,"_monsterinsights_sitenote_active":false,"_monsterinsights_sitenote_note":"","_monsterinsights_sitenote_category":0,"site-sidebar-layout":"default","site-content-layout":"","ast-site-content-layout":"default","site-content-style":"default","site-sidebar-style":"default","ast-global-header-display":"","ast-banner-title-visibility":"","ast-main-header-display":"","ast-hfb-above-header-display":"","ast-hfb-below-header-display":"","ast-hfb-mobile-header-display":"","site-post-title":"","ast-breadcrumbs-content":"","ast-featured-img":"","footer-sml-layout":"","theme-transparent-header-meta":"default","adv-header-id-meta":"","stick-header-meta":"","header-above-stick-meta":"","header-main-stick-meta":"","header-below-stick-meta":"","astra-migrate-meta-layouts":"set","ast-page-background-enabled":"default","ast-page-background-meta":{"desktop":{"background-color":"var(--ast-global-color-4)","background-image":"","background-repeat":"repeat","background-position":"center center","background-size":"auto","background-attachment":"scroll","background-type":"","background-media":"","overlay-type":"","overlay-color":"","overlay-opacity":"","overlay-gradient":""},"tablet":{"background-color":"","background-image":"","background-repeat":"repeat","background-position":"center center","background-size":"auto","background-attachment":"scroll","background-type":"","background-media":"","overlay-type":"","overlay-color":"","overlay-opacity":"","overlay-gradient":""},"mobile":{"background-color":"","background-image":"","background-repeat":"repeat","background-position":"center center","background-size":"auto","background-attachment":"scroll","background-type":"","background-media":"","overlay-type":"","overlay-color":"","overlay-opacity":"","overlay-gradient":""}},"ast-content-background-meta":{"desktop":{"background-color":"var(--ast-global-color-5)","background-image":"","background-repeat":"repeat","background-position":"center center","background-size":"auto","background-attachment":"scroll","background-type":"","background-media":"","overlay-type":"","overlay-color":"","overlay-opacity":"","overlay-gradient":""},"tablet":{"background-color":"var(--ast-global-color-5)","background-image":"","background-repeat":"repeat","background-position":"center center","background-size":"auto","background-attachment":"scroll","background-type":"","background-media":"","overlay-type":"","overlay-color":"","overlay-opacity":"","overlay-gradient":""},"mobile":{"background-color":"var(--ast-global-color-5)","background-image":"","background-repeat":"repeat","background-position":"center center","background-size":"auto","background-attachment":"scroll","background-type":"","background-media":"","overlay-type":"","overlay-color":"","overlay-opacity":"","overlay-gradient":""}}},"product_brand":[],"product_cat":[36],"product_tag":[],"class_list":{"0":"post-1448","1":"product","2":"type-product","3":"status-publish","4":"has-post-thumbnail","6":"product_cat-richard","7":"desktop-align-center","8":"tablet-align-left","9":"mobile-align-left","11":"first","12":"instock","13":"sale","14":"shipping-taxable","15":"purchasable","16":"product-type-simple"},"_links":{"self":[{"href":"https:\/\/mirekboutique.com\/pt\/wp-json\/wp\/v2\/product\/1448","targetHints":{"allow":["GET"]}}],"collection":[{"href":"https:\/\/mirekboutique.com\/pt\/wp-json\/wp\/v2\/product"}],"about":[{"href":"https:\/\/mirekboutique.com\/pt\/wp-json\/wp\/v2\/types\/product"}],"replies":[{"embeddable":true,"href":"https:\/\/mirekboutique.com\/pt\/wp-json\/wp\/v2\/comments?post=1448"}],"version-history":[{"count":1,"href":"https:\/\/mirekboutique.com\/pt\/wp-json\/wp\/v2\/product\/1448\/revisions"}],"predecessor-version":[{"id":1454,"href":"https:\/\/mirekboutique.com\/pt\/wp-json\/wp\/v2\/product\/1448\/revisions\/1454"}],"wp:featuredmedia":[{"embeddable":true,"href":"https:\/\/mirekboutique.com\/pt\/wp-json\/wp\/v2\/media\/1449"}],"wp:attachment":[{"href":"https:\/\/mirekboutique.com\/pt\/wp-json\/wp\/v2\/media?parent=1448"}],"wp:term":[{"taxonomy":"product_brand","embeddable":true,"href":"https:\/\/mirekboutique.com\/pt\/wp-json\/wp\/v2\/product_brand?post=1448"},{"taxonomy":"product_cat","embeddable":true,"href":"https:\/\/mirekboutique.com\/pt\/wp-json\/wp\/v2\/product_cat?post=1448"},{"taxonomy":"product_tag","embeddable":true,"href":"https:\/\/mirekboutique.com\/pt\/wp-json\/wp\/v2\/product_tag?post=1448"}],"curies":[{"name":"wp","href":"https:\/\/api.w.org\/{rel}","templated":true}]}}