{"id":1468,"date":"2025-05-09T03:16:13","date_gmt":"2025-05-08T19:16:13","guid":{"rendered":"https:\/\/mirekboutique.com\/?post_type=product&#038;p=1468"},"modified":"2025-05-24T19:34:49","modified_gmt":"2025-05-24T11:34:49","slug":"lcd187-rm35-02-11-super-clone","status":"publish","type":"product","link":"https:\/\/mirekboutique.com\/pt\/produto\/lcd187-rm35-02-11-super-clone\/","title":{"rendered":"LCD187 RM35-02 1:1 Super Clone"},"content":{"rendered":"<p>A ZF.Factory surpreendeu mais uma vez o mundo relojoeiro e inaugurou oficialmente o novo marco do RM35-02!<br \/>\n1) Caso, o rel\u00f3gio \u00e9 feito de material TPT [fibra de quartzo] de alta tecnologia, tamanho 49,94 * 44,5MM, espessura de n\u00e3o mais de 45\u03bcm camada de fibra de s\u00edlica, atrav\u00e9s de um sistema especial de controle automatizado e tecelagem entrela\u00e7ada de fibra de resina especial, as fibras entre as v\u00e1rias camadas s\u00e3o entrela\u00e7adas em um \u00e2ngulo de 45 graus em um forno de alta temperatura de tr\u00eas est\u00e1gios, aquecido a 120 graus Celsius, e depois enviado para o processamento ProArt. Moldagem. As fibras naturais de quartzo s\u00e3o brancas, leves, resistentes ao impacto, n\u00e3o alerg\u00e9nicas e resistentes aos raios UV.<br \/>\n2) O movimento, um novo Calibre RMAL1 monobloco, possui uma placa de base e pontes em tit\u00e2nio grau 5 jato de areia, tratado com PVD\/Titaly para garantir uma rigidez m\u00e1xima e superf\u00edcies lisas. O carater\u00edstico balan\u00e7o de geometria vari\u00e1vel, que pode ser enrolado mais depressa ou mais devagar, ajustando a posi\u00e7\u00e3o das seis asas diferentes, tem uma frequ\u00eancia de oscila\u00e7\u00e3o inercial de 28 800 VPH e est\u00e1 equipado com um sistema de duplo tambor para assegurar um bin\u00e1rio maior e mais est\u00e1vel. Oferece igualmente uma reserva de marcha de 55 horas.<br \/>\nAl\u00e9m disso, o novo calibre RMAL1 monobloco lan\u00e7ado pela ZF \u00e9 o \u00fanico no mercado a utilizar j\u00f3ias brancas genu\u00ednas acima e abaixo do balan\u00e7o numa placa de base monobloco, que \u00e9 a verdadeira! Esta \u00e9 tamb\u00e9m a maior diferen\u00e7a em rela\u00e7\u00e3o \u00e0s j\u00f3ias de remendo do mercado (outros fabricantes)! Trata-se de um enorme salto em frente na investiga\u00e7\u00e3o e desenvolvimento da ZF!<\/p>","protected":false},"excerpt":{"rendered":"<p>\ud83d\udd25\ud83d\udd25Todos os produtos deste site s\u00e3o r\u00e9plicas perfeitas de alta qualidade feitas por super fabricantes, novas e fechadas, a qualidade e o servi\u00e7o p\u00f3s-venda s\u00e3o garantidos!<\/p>\n<p>\u2705\u2705\u2705\u2705Mirekboutique s\u00f3 produz artigos de alta qualidade Todos os artigos da nossa loja v\u00eam com a caixa original Caixa de madeira de alta qualidade<\/p>\n<p>\ud83c\udf39\ud83c\udf39Por favor, tenha certeza de comprar Todos os produtos suportam dinheiro na entrega Desejo-lhe uma compra feliz<\/p>","protected":false},"featured_media":1469,"comment_status":"open","ping_status":"closed","template":"","meta":{"_monsterinsights_skip_tracking":false,"_monsterinsights_sitenote_active":false,"_monsterinsights_sitenote_note":"","_monsterinsights_sitenote_category":0,"site-sidebar-layout":"default","site-content-layout":"","ast-site-content-layout":"default","site-content-style":"default","site-sidebar-style":"default","ast-global-header-display":"","ast-banner-title-visibility":"","ast-main-header-display":"","ast-hfb-above-header-display":"","ast-hfb-below-header-display":"","ast-hfb-mobile-header-display":"","site-post-title":"","ast-breadcrumbs-content":"","ast-featured-img":"","footer-sml-layout":"","theme-transparent-header-meta":"default","adv-header-id-meta":"","stick-header-meta":"","header-above-stick-meta":"","header-main-stick-meta":"","header-below-stick-meta":"","astra-migrate-meta-layouts":"set","ast-page-background-enabled":"default","ast-page-background-meta":{"desktop":{"background-color":"var(--ast-global-color-4)","background-image":"","background-repeat":"repeat","background-position":"center center","background-size":"auto","background-attachment":"scroll","background-type":"","background-media":"","overlay-type":"","overlay-color":"","overlay-opacity":"","overlay-gradient":""},"tablet":{"background-color":"","background-image":"","background-repeat":"repeat","background-position":"center center","background-size":"auto","background-attachment":"scroll","background-type":"","background-media":"","overlay-type":"","overlay-color":"","overlay-opacity":"","overlay-gradient":""},"mobile":{"background-color":"","background-image":"","background-repeat":"repeat","background-position":"center center","background-size":"auto","background-attachment":"scroll","background-type":"","background-media":"","overlay-type":"","overlay-color":"","overlay-opacity":"","overlay-gradient":""}},"ast-content-background-meta":{"desktop":{"background-color":"var(--ast-global-color-5)","background-image":"","background-repeat":"repeat","background-position":"center center","background-size":"auto","background-attachment":"scroll","background-type":"","background-media":"","overlay-type":"","overlay-color":"","overlay-opacity":"","overlay-gradient":""},"tablet":{"background-color":"var(--ast-global-color-5)","background-image":"","background-repeat":"repeat","background-position":"center center","background-size":"auto","background-attachment":"scroll","background-type":"","background-media":"","overlay-type":"","overlay-color":"","overlay-opacity":"","overlay-gradient":""},"mobile":{"background-color":"var(--ast-global-color-5)","background-image":"","background-repeat":"repeat","background-position":"center center","background-size":"auto","background-attachment":"scroll","background-type":"","background-media":"","overlay-type":"","overlay-color":"","overlay-opacity":"","overlay-gradient":""}}},"product_brand":[],"product_cat":[36],"product_tag":[],"class_list":{"0":"post-1468","1":"product","2":"type-product","3":"status-publish","4":"has-post-thumbnail","6":"product_cat-richard","7":"desktop-align-center","8":"tablet-align-left","9":"mobile-align-left","11":"first","12":"instock","13":"sale","14":"shipping-taxable","15":"purchasable","16":"product-type-simple"},"_links":{"self":[{"href":"https:\/\/mirekboutique.com\/pt\/wp-json\/wp\/v2\/product\/1468","targetHints":{"allow":["GET"]}}],"collection":[{"href":"https:\/\/mirekboutique.com\/pt\/wp-json\/wp\/v2\/product"}],"about":[{"href":"https:\/\/mirekboutique.com\/pt\/wp-json\/wp\/v2\/types\/product"}],"replies":[{"embeddable":true,"href":"https:\/\/mirekboutique.com\/pt\/wp-json\/wp\/v2\/comments?post=1468"}],"version-history":[{"count":1,"href":"https:\/\/mirekboutique.com\/pt\/wp-json\/wp\/v2\/product\/1468\/revisions"}],"predecessor-version":[{"id":1474,"href":"https:\/\/mirekboutique.com\/pt\/wp-json\/wp\/v2\/product\/1468\/revisions\/1474"}],"wp:featuredmedia":[{"embeddable":true,"href":"https:\/\/mirekboutique.com\/pt\/wp-json\/wp\/v2\/media\/1469"}],"wp:attachment":[{"href":"https:\/\/mirekboutique.com\/pt\/wp-json\/wp\/v2\/media?parent=1468"}],"wp:term":[{"taxonomy":"product_brand","embeddable":true,"href":"https:\/\/mirekboutique.com\/pt\/wp-json\/wp\/v2\/product_brand?post=1468"},{"taxonomy":"product_cat","embeddable":true,"href":"https:\/\/mirekboutique.com\/pt\/wp-json\/wp\/v2\/product_cat?post=1468"},{"taxonomy":"product_tag","embeddable":true,"href":"https:\/\/mirekboutique.com\/pt\/wp-json\/wp\/v2\/product_tag?post=1468"}],"curies":[{"name":"wp","href":"https:\/\/api.w.org\/{rel}","templated":true}]}}