{"id":1701,"date":"2025-05-09T04:29:56","date_gmt":"2025-05-08T20:29:56","guid":{"rendered":"https:\/\/mirekboutique.com\/?post_type=product&#038;p=1701"},"modified":"2025-05-24T19:21:41","modified_gmt":"2025-05-24T11:21:41","slug":"js102-vc-vacheron-constantin-overseas-4500v-11-super-clone","status":"publish","type":"product","link":"https:\/\/mirekboutique.com\/pt\/produto\/js102-vc-vacheron-constantin-overseas-4500v-11-super-clone\/","title":{"rendered":"JS102 VC Vacheron Constantin Overseas 4500V 1:1 Super Clone"},"content":{"rendered":"<p>VC Vacheron Constantin Overseas 4500V (um dos tr\u00eas reis do a\u00e7o no mundo dos rel\u00f3gios)<br \/>\nUm rel\u00f3gio cl\u00e1ssico em a\u00e7o do mais alto n\u00edvel de luxo A caixa em a\u00e7o de 41MM, com as suas linhas suaves e textura delicada, est\u00e1 perfeitamente ligada \u00e0 bracelete, com o log\u00f3tipo da Cruz de Malta da Vacheron Constantin gravado na parte de tr\u00e1s da bracelete, e est\u00e1 equipada com um dispositivo antimagn\u00e9tico e uma coroa de rosca, que \u00e9 imune a interfer\u00eancias magn\u00e9ticas e garante precis\u00e3o. O mostrador escovado sunburst com bordos aveludados oferece uma cor profunda ou din\u00e2mica consoante a luz e o \u00e2ngulo. O \"n\u00facleo\" do Selo de Genebra \u00e9 apoiado por um movimento mec\u00e2nico de corda autom\u00e1tica Cal.5100 com 172 pe\u00e7as e um tambor duplo, garantindo uma reserva de marcha de 60 horas, em conformidade com o artigo genu\u00edno, e gravado com o Selo de Genebra para precis\u00e3o. O lan\u00e7amento das duas \"correias\" dentro e fora da diversidade de escolha \u00e9 para dar o deslocamento vertical e horizontal invenc\u00edvel, cinto de a\u00e7o duro, fita leve. Conjunto de actividades desportivas e de lazer num s\u00f3. \u00c9 verdadeiramente a \u00faltima gera\u00e7\u00e3o de rel\u00f3gios que real\u00e7a o esp\u00edrito do Indom\u00e1vel.<br \/>\nA MKS dedica-se a todos os pormenores! \u26a0\ufe0f\u26a0\ufe0f\u26a0\ufe0f<\/p>","protected":false},"excerpt":{"rendered":"<p>\ud83d\udd25\ud83d\udd25Todos os produtos deste site s\u00e3o r\u00e9plicas perfeitas de alta qualidade feitas por super fabricantes, novas e fechadas, a qualidade e o servi\u00e7o p\u00f3s-venda s\u00e3o garantidos!<\/p>\n<p>\u2705\u2705\u2705\u2705Mirekboutique s\u00f3 produz artigos de alta qualidade Todos os artigos da nossa loja v\u00eam com a caixa original Caixa de madeira de alta qualidade<\/p>\n<p>\ud83c\udf39\ud83c\udf39Por favor, tenha certeza de comprar Todos os produtos suportam dinheiro na entrega Desejo-lhe uma compra feliz<\/p>","protected":false},"featured_media":1702,"comment_status":"open","ping_status":"closed","template":"","meta":{"_monsterinsights_skip_tracking":false,"_monsterinsights_sitenote_active":false,"_monsterinsights_sitenote_note":"","_monsterinsights_sitenote_category":0,"site-sidebar-layout":"default","site-content-layout":"","ast-site-content-layout":"default","site-content-style":"default","site-sidebar-style":"default","ast-global-header-display":"","ast-banner-title-visibility":"","ast-main-header-display":"","ast-hfb-above-header-display":"","ast-hfb-below-header-display":"","ast-hfb-mobile-header-display":"","site-post-title":"","ast-breadcrumbs-content":"","ast-featured-img":"","footer-sml-layout":"","theme-transparent-header-meta":"default","adv-header-id-meta":"","stick-header-meta":"","header-above-stick-meta":"","header-main-stick-meta":"","header-below-stick-meta":"","astra-migrate-meta-layouts":"set","ast-page-background-enabled":"default","ast-page-background-meta":{"desktop":{"background-color":"var(--ast-global-color-4)","background-image":"","background-repeat":"repeat","background-position":"center center","background-size":"auto","background-attachment":"scroll","background-type":"","background-media":"","overlay-type":"","overlay-color":"","overlay-opacity":"","overlay-gradient":""},"tablet":{"background-color":"","background-image":"","background-repeat":"repeat","background-position":"center center","background-size":"auto","background-attachment":"scroll","background-type":"","background-media":"","overlay-type":"","overlay-color":"","overlay-opacity":"","overlay-gradient":""},"mobile":{"background-color":"","background-image":"","background-repeat":"repeat","background-position":"center center","background-size":"auto","background-attachment":"scroll","background-type":"","background-media":"","overlay-type":"","overlay-color":"","overlay-opacity":"","overlay-gradient":""}},"ast-content-background-meta":{"desktop":{"background-color":"var(--ast-global-color-5)","background-image":"","background-repeat":"repeat","background-position":"center center","background-size":"auto","background-attachment":"scroll","background-type":"","background-media":"","overlay-type":"","overlay-color":"","overlay-opacity":"","overlay-gradient":""},"tablet":{"background-color":"var(--ast-global-color-5)","background-image":"","background-repeat":"repeat","background-position":"center center","background-size":"auto","background-attachment":"scroll","background-type":"","background-media":"","overlay-type":"","overlay-color":"","overlay-opacity":"","overlay-gradient":""},"mobile":{"background-color":"var(--ast-global-color-5)","background-image":"","background-repeat":"repeat","background-position":"center center","background-size":"auto","background-attachment":"scroll","background-type":"","background-media":"","overlay-type":"","overlay-color":"","overlay-opacity":"","overlay-gradient":""}}},"product_brand":[],"product_cat":[22],"product_tag":[],"class_list":{"0":"post-1701","1":"product","2":"type-product","3":"status-publish","4":"has-post-thumbnail","6":"product_cat-vacheron-constantin","7":"desktop-align-center","8":"tablet-align-left","9":"mobile-align-left","11":"first","12":"instock","13":"sale","14":"shipping-taxable","15":"purchasable","16":"product-type-simple"},"_links":{"self":[{"href":"https:\/\/mirekboutique.com\/pt\/wp-json\/wp\/v2\/product\/1701","targetHints":{"allow":["GET"]}}],"collection":[{"href":"https:\/\/mirekboutique.com\/pt\/wp-json\/wp\/v2\/product"}],"about":[{"href":"https:\/\/mirekboutique.com\/pt\/wp-json\/wp\/v2\/types\/product"}],"replies":[{"embeddable":true,"href":"https:\/\/mirekboutique.com\/pt\/wp-json\/wp\/v2\/comments?post=1701"}],"version-history":[{"count":1,"href":"https:\/\/mirekboutique.com\/pt\/wp-json\/wp\/v2\/product\/1701\/revisions"}],"predecessor-version":[{"id":1707,"href":"https:\/\/mirekboutique.com\/pt\/wp-json\/wp\/v2\/product\/1701\/revisions\/1707"}],"wp:featuredmedia":[{"embeddable":true,"href":"https:\/\/mirekboutique.com\/pt\/wp-json\/wp\/v2\/media\/1702"}],"wp:attachment":[{"href":"https:\/\/mirekboutique.com\/pt\/wp-json\/wp\/v2\/media?parent=1701"}],"wp:term":[{"taxonomy":"product_brand","embeddable":true,"href":"https:\/\/mirekboutique.com\/pt\/wp-json\/wp\/v2\/product_brand?post=1701"},{"taxonomy":"product_cat","embeddable":true,"href":"https:\/\/mirekboutique.com\/pt\/wp-json\/wp\/v2\/product_cat?post=1701"},{"taxonomy":"product_tag","embeddable":true,"href":"https:\/\/mirekboutique.com\/pt\/wp-json\/wp\/v2\/product_tag?post=1701"}],"curies":[{"name":"wp","href":"https:\/\/api.w.org\/{rel}","templated":true}]}}