{"id":1773,"date":"2025-05-09T04:50:38","date_gmt":"2025-05-08T20:50:38","guid":{"rendered":"https:\/\/mirekboutique.com\/?post_type=product&#038;p=1773"},"modified":"2025-05-24T19:21:40","modified_gmt":"2025-05-24T11:21:40","slug":"js114-vc-historical-masterpiece-series-%f0%9f%8e%aeot2-american-1921-11-super-clone","status":"publish","type":"product","link":"https:\/\/mirekboutique.com\/pt\/produto\/js114-vc-historical-masterpiece-series-%f0%9f%8e%aeot2-american-1921-11-super-clone\/","title":{"rendered":"JS114 VC S\u00e9rie Obra-Prima Hist\u00f3rica \ud83c\udfaeOT2 Americano 1921 1:1 Super Clone"},"content":{"rendered":"<p>S\u00e9rie VC Historical Masterpiece \ud83c\udfaeOT2 American 1921<br \/>\nEquipado com o movimento de dois ponteiros e meio Danton 2824<br \/>\n1\ufe0f\u20e3Unique caixa em forma de almofada, 40 mm de di\u00e2metro, com base no design inicial da caixa em forma de almofada, combinando os actuais materiais nobres, artesanato e conceitos est\u00e9ticos, reinventando o cl\u00e1ssico;<br \/>\n2\ufe0f\u20e3 A coroa est\u00e1 descentrada no canto superior direito da caixa para um ajuste mais confort\u00e1vel, tamb\u00e9m inspirado nos rel\u00f3gios anteriores em forma de almofada; \ud83c\udfae<br \/>\nOs \u00edndices 3\ufe0f\u20e3Dial est\u00e3o dispostos diagonalmente em rela\u00e7\u00e3o \u00e0 caixa, uma carater\u00edstica distintiva, e o mostrador \u00e9 real\u00e7ado por uma cruz de Malta em ouro rosa polido \u00e0s 12 horas;<br \/>\n4\ufe0f\u20e3 Ponteiros das horas e dos minutos oxidados a preto e um ponteiro pequeno dos segundos oxidado a preto em forma de barra, elegante e chique.<br \/>\n\ufe0f 5\ufe0f\u20e3 O fundo de caixa apresenta um vidro de safira transparente que se enrosca para permitir ver o acabamento requintado do movimento de topo VC. Al\u00e9m disso, o rel\u00f3gio est\u00e1 equipado com uma bracelete quadrada em pele de bezerro cosida \u00e0 m\u00e3o com uma fivela de pino polida com design de meia cruz de Malta. \ud83c\udfaeSJ rel\u00f3gios mec\u00e2nicos cuidadosamente recomendados para meninos<\/p>","protected":false},"excerpt":{"rendered":"<p>\ud83d\udd25\ud83d\udd25Todos os produtos deste site s\u00e3o r\u00e9plicas perfeitas de alta qualidade feitas por super fabricantes, novas e fechadas, a qualidade e o servi\u00e7o p\u00f3s-venda s\u00e3o garantidos!<\/p>\n<p>\u2705\u2705\u2705\u2705Mirekboutique s\u00f3 produz artigos de alta qualidade Todos os artigos da nossa loja v\u00eam com a caixa original Caixa de madeira de alta qualidade<\/p>\n<p>\ud83c\udf39\ud83c\udf39Por favor, tenha certeza de comprar Todos os produtos suportam dinheiro na entrega Desejo-lhe uma compra feliz<\/p>","protected":false},"featured_media":1774,"comment_status":"open","ping_status":"closed","template":"","meta":{"_monsterinsights_skip_tracking":false,"_monsterinsights_sitenote_active":false,"_monsterinsights_sitenote_note":"","_monsterinsights_sitenote_category":0,"site-sidebar-layout":"default","site-content-layout":"","ast-site-content-layout":"default","site-content-style":"default","site-sidebar-style":"default","ast-global-header-display":"","ast-banner-title-visibility":"","ast-main-header-display":"","ast-hfb-above-header-display":"","ast-hfb-below-header-display":"","ast-hfb-mobile-header-display":"","site-post-title":"","ast-breadcrumbs-content":"","ast-featured-img":"","footer-sml-layout":"","ast-disable-related-posts":"","theme-transparent-header-meta":"default","adv-header-id-meta":"","stick-header-meta":"","header-above-stick-meta":"","header-main-stick-meta":"","header-below-stick-meta":"","astra-migrate-meta-layouts":"set","ast-page-background-enabled":"default","ast-page-background-meta":{"desktop":{"background-color":"var(--ast-global-color-4)","background-image":"","background-repeat":"repeat","background-position":"center center","background-size":"auto","background-attachment":"scroll","background-type":"","background-media":"","overlay-type":"","overlay-color":"","overlay-opacity":"","overlay-gradient":""},"tablet":{"background-color":"","background-image":"","background-repeat":"repeat","background-position":"center center","background-size":"auto","background-attachment":"scroll","background-type":"","background-media":"","overlay-type":"","overlay-color":"","overlay-opacity":"","overlay-gradient":""},"mobile":{"background-color":"","background-image":"","background-repeat":"repeat","background-position":"center center","background-size":"auto","background-attachment":"scroll","background-type":"","background-media":"","overlay-type":"","overlay-color":"","overlay-opacity":"","overlay-gradient":""}},"ast-content-background-meta":{"desktop":{"background-color":"var(--ast-global-color-5)","background-image":"","background-repeat":"repeat","background-position":"center center","background-size":"auto","background-attachment":"scroll","background-type":"","background-media":"","overlay-type":"","overlay-color":"","overlay-opacity":"","overlay-gradient":""},"tablet":{"background-color":"var(--ast-global-color-5)","background-image":"","background-repeat":"repeat","background-position":"center center","background-size":"auto","background-attachment":"scroll","background-type":"","background-media":"","overlay-type":"","overlay-color":"","overlay-opacity":"","overlay-gradient":""},"mobile":{"background-color":"var(--ast-global-color-5)","background-image":"","background-repeat":"repeat","background-position":"center center","background-size":"auto","background-attachment":"scroll","background-type":"","background-media":"","overlay-type":"","overlay-color":"","overlay-opacity":"","overlay-gradient":""}}},"product_brand":[],"product_cat":[22],"product_tag":[],"class_list":{"0":"post-1773","1":"product","2":"type-product","3":"status-publish","4":"has-post-thumbnail","6":"product_cat-vacheron-constantin","7":"desktop-align-center","8":"tablet-align-left","9":"mobile-align-left","11":"first","12":"instock","13":"sale","14":"shipping-taxable","15":"purchasable","16":"product-type-simple"},"_links":{"self":[{"href":"https:\/\/mirekboutique.com\/pt\/wp-json\/wp\/v2\/product\/1773","targetHints":{"allow":["GET"]}}],"collection":[{"href":"https:\/\/mirekboutique.com\/pt\/wp-json\/wp\/v2\/product"}],"about":[{"href":"https:\/\/mirekboutique.com\/pt\/wp-json\/wp\/v2\/types\/product"}],"replies":[{"embeddable":true,"href":"https:\/\/mirekboutique.com\/pt\/wp-json\/wp\/v2\/comments?post=1773"}],"version-history":[{"count":1,"href":"https:\/\/mirekboutique.com\/pt\/wp-json\/wp\/v2\/product\/1773\/revisions"}],"predecessor-version":[{"id":1779,"href":"https:\/\/mirekboutique.com\/pt\/wp-json\/wp\/v2\/product\/1773\/revisions\/1779"}],"wp:featuredmedia":[{"embeddable":true,"href":"https:\/\/mirekboutique.com\/pt\/wp-json\/wp\/v2\/media\/1774"}],"wp:attachment":[{"href":"https:\/\/mirekboutique.com\/pt\/wp-json\/wp\/v2\/media?parent=1773"}],"wp:term":[{"taxonomy":"product_brand","embeddable":true,"href":"https:\/\/mirekboutique.com\/pt\/wp-json\/wp\/v2\/product_brand?post=1773"},{"taxonomy":"product_cat","embeddable":true,"href":"https:\/\/mirekboutique.com\/pt\/wp-json\/wp\/v2\/product_cat?post=1773"},{"taxonomy":"product_tag","embeddable":true,"href":"https:\/\/mirekboutique.com\/pt\/wp-json\/wp\/v2\/product_tag?post=1773"}],"curies":[{"name":"wp","href":"https:\/\/api.w.org\/{rel}","templated":true}]}}