{"id":1953,"date":"2025-05-09T05:47:22","date_gmt":"2025-05-08T21:47:22","guid":{"rendered":"https:\/\/mirekboutique.com\/?post_type=product&#038;p=1953"},"modified":"2025-05-24T19:21:38","modified_gmt":"2025-05-24T11:21:38","slug":"xnr824-chanel-little-gold-ball-square-fat-man-adjustable-buckle-11-super-clone","status":"publish","type":"product","link":"https:\/\/mirekboutique.com\/pt\/produto\/xnr824-chanel-little-gold-ball-square-fat-man-adjustable-buckle-11-super-clone\/","title":{"rendered":"XNR824 Chanel Bola de Ouro Quadrada Homem Gordo Fivela Ajust\u00e1vel 1:1 Super Clone"},"content":{"rendered":"<p>Caixa de oferta dobr\u00e1vel + caixa oficial do avi\u00e3o \u2708\ufe0f\"<br \/>\nFivela ajust\u00e1vel Chanel Little Gold Ball Square Fat Man<br \/>\n\"Nova Chegada\"<br \/>\nO gordo quadrado de bolas de ouro mais bonito do mundo Chanel<\/p>\n<p>\u00c9 um must-have para as senhoras ricas e bonitas.<\/p>\n<p>A maioria das pessoas n\u00e3o consegue tirar os olhos dele.<\/p>\n<p>\u00c9 a pequena bola de ouro \u00e9 demasiado alta classe ~<\/p>\n<p>A nova corrente da pequena bolsa de perfume deste ano pode ser ajustada<\/p>\n<p>Isto \u00e9 demasiado humanizado, independentemente de o c\u00edrculo ser alto ou pequeno!<\/p>\n<p>#Chanel bola dourada pequena Tamanho 20cm<\/p>","protected":false},"excerpt":{"rendered":"<p>\ud83d\udd25\ud83d\udd25Todos os produtos deste site s\u00e3o r\u00e9plicas perfeitas de alta qualidade feitas por super fabricantes, novas e fechadas, a qualidade e o servi\u00e7o p\u00f3s-venda s\u00e3o garantidos!<\/p>\n<p>\u2705\u2705\u2705\u2705Mirekboutique s\u00f3 produz artigos de alta qualidade Todos os artigos da nossa loja v\u00eam com a caixa original Caixa de madeira de alta qualidade<\/p>\n<p>\ud83c\udf39\ud83c\udf39Por favor, tenha certeza de comprar Todos os produtos suportam dinheiro na entrega Desejo-lhe uma compra feliz<\/p>","protected":false},"featured_media":1954,"comment_status":"open","ping_status":"closed","template":"","meta":{"_monsterinsights_skip_tracking":false,"_monsterinsights_sitenote_active":false,"_monsterinsights_sitenote_note":"","_monsterinsights_sitenote_category":0,"site-sidebar-layout":"default","site-content-layout":"","ast-site-content-layout":"default","site-content-style":"default","site-sidebar-style":"default","ast-global-header-display":"","ast-banner-title-visibility":"","ast-main-header-display":"","ast-hfb-above-header-display":"","ast-hfb-below-header-display":"","ast-hfb-mobile-header-display":"","site-post-title":"","ast-breadcrumbs-content":"","ast-featured-img":"","footer-sml-layout":"","theme-transparent-header-meta":"default","adv-header-id-meta":"","stick-header-meta":"","header-above-stick-meta":"","header-main-stick-meta":"","header-below-stick-meta":"","astra-migrate-meta-layouts":"set","ast-page-background-enabled":"default","ast-page-background-meta":{"desktop":{"background-color":"var(--ast-global-color-4)","background-image":"","background-repeat":"repeat","background-position":"center center","background-size":"auto","background-attachment":"scroll","background-type":"","background-media":"","overlay-type":"","overlay-color":"","overlay-opacity":"","overlay-gradient":""},"tablet":{"background-color":"","background-image":"","background-repeat":"repeat","background-position":"center center","background-size":"auto","background-attachment":"scroll","background-type":"","background-media":"","overlay-type":"","overlay-color":"","overlay-opacity":"","overlay-gradient":""},"mobile":{"background-color":"","background-image":"","background-repeat":"repeat","background-position":"center center","background-size":"auto","background-attachment":"scroll","background-type":"","background-media":"","overlay-type":"","overlay-color":"","overlay-opacity":"","overlay-gradient":""}},"ast-content-background-meta":{"desktop":{"background-color":"var(--ast-global-color-5)","background-image":"","background-repeat":"repeat","background-position":"center center","background-size":"auto","background-attachment":"scroll","background-type":"","background-media":"","overlay-type":"","overlay-color":"","overlay-opacity":"","overlay-gradient":""},"tablet":{"background-color":"var(--ast-global-color-5)","background-image":"","background-repeat":"repeat","background-position":"center center","background-size":"auto","background-attachment":"scroll","background-type":"","background-media":"","overlay-type":"","overlay-color":"","overlay-opacity":"","overlay-gradient":""},"mobile":{"background-color":"var(--ast-global-color-5)","background-image":"","background-repeat":"repeat","background-position":"center center","background-size":"auto","background-attachment":"scroll","background-type":"","background-media":"","overlay-type":"","overlay-color":"","overlay-opacity":"","overlay-gradient":""}}},"product_brand":[],"product_cat":[24],"product_tag":[],"class_list":{"0":"post-1953","1":"product","2":"type-product","3":"status-publish","4":"has-post-thumbnail","6":"product_cat-chanel","7":"desktop-align-center","8":"tablet-align-left","9":"mobile-align-left","11":"first","12":"instock","13":"sale","14":"shipping-taxable","15":"purchasable","16":"product-type-simple"},"_links":{"self":[{"href":"https:\/\/mirekboutique.com\/pt\/wp-json\/wp\/v2\/product\/1953","targetHints":{"allow":["GET"]}}],"collection":[{"href":"https:\/\/mirekboutique.com\/pt\/wp-json\/wp\/v2\/product"}],"about":[{"href":"https:\/\/mirekboutique.com\/pt\/wp-json\/wp\/v2\/types\/product"}],"replies":[{"embeddable":true,"href":"https:\/\/mirekboutique.com\/pt\/wp-json\/wp\/v2\/comments?post=1953"}],"version-history":[{"count":1,"href":"https:\/\/mirekboutique.com\/pt\/wp-json\/wp\/v2\/product\/1953\/revisions"}],"predecessor-version":[{"id":1960,"href":"https:\/\/mirekboutique.com\/pt\/wp-json\/wp\/v2\/product\/1953\/revisions\/1960"}],"wp:featuredmedia":[{"embeddable":true,"href":"https:\/\/mirekboutique.com\/pt\/wp-json\/wp\/v2\/media\/1954"}],"wp:attachment":[{"href":"https:\/\/mirekboutique.com\/pt\/wp-json\/wp\/v2\/media?parent=1953"}],"wp:term":[{"taxonomy":"product_brand","embeddable":true,"href":"https:\/\/mirekboutique.com\/pt\/wp-json\/wp\/v2\/product_brand?post=1953"},{"taxonomy":"product_cat","embeddable":true,"href":"https:\/\/mirekboutique.com\/pt\/wp-json\/wp\/v2\/product_cat?post=1953"},{"taxonomy":"product_tag","embeddable":true,"href":"https:\/\/mirekboutique.com\/pt\/wp-json\/wp\/v2\/product_tag?post=1953"}],"curies":[{"name":"wp","href":"https:\/\/api.w.org\/{rel}","templated":true}]}}