{"id":2255,"date":"2025-05-09T07:00:27","date_gmt":"2025-05-08T23:00:27","guid":{"rendered":"https:\/\/mirekboutique.com\/?post_type=product&#038;p=2255"},"modified":"2025-05-24T19:21:36","modified_gmt":"2025-05-24T11:21:36","slug":"prd901-camera-bag-11-super-clone-from-a-super-factory","status":"publish","type":"product","link":"https:\/\/mirekboutique.com\/pt\/produto\/prd901-camera-bag-11-super-clone-from-a-super-factory\/","title":{"rendered":"Bolsa para c\u00e2mara PRD901 super clone 1:1 de uma super f\u00e1brica"},"content":{"rendered":"<p>Produtos de alta qualidade \u203c\ufe0f 2024 bolsa de c\u00e2mera PRADA mais recente \ud83d\udcbcTecido original importado, hardware de ultra-alta defini\u00e7\u00e3o, logotipo do logotipo do z\u00edper, forro de tecido preto. Z\u00edper super suave, borda oleada super suave, acabamento requintado todos os detalhes no lugar! Modelo de viagem indispens\u00e1vel. Especifica\u00e7\u00f5es 24\/15\/6cm<\/p>","protected":false},"excerpt":{"rendered":"<p>\ud83d\udd25\ud83d\udd25Todos os produtos deste site s\u00e3o r\u00e9plicas perfeitas de alta qualidade feitas por super fabricantes, novas e fechadas, a qualidade e o servi\u00e7o p\u00f3s-venda s\u00e3o garantidos!<\/p>\n<p>\u2705\u2705\u2705\u2705Mirekboutique s\u00f3 produz artigos de alta qualidade Todos os artigos da nossa loja v\u00eam com a caixa original Caixa de madeira de alta qualidade<\/p>\n<p>\ud83c\udf39\ud83c\udf39Por favor, tenha certeza de comprar Todos os produtos suportam dinheiro na entrega Desejo-lhe uma compra feliz<\/p>","protected":false},"featured_media":2256,"comment_status":"open","ping_status":"closed","template":"","meta":{"_monsterinsights_skip_tracking":false,"_monsterinsights_sitenote_active":false,"_monsterinsights_sitenote_note":"","_monsterinsights_sitenote_category":0,"site-sidebar-layout":"default","site-content-layout":"","ast-site-content-layout":"default","site-content-style":"default","site-sidebar-style":"default","ast-global-header-display":"","ast-banner-title-visibility":"","ast-main-header-display":"","ast-hfb-above-header-display":"","ast-hfb-below-header-display":"","ast-hfb-mobile-header-display":"","site-post-title":"","ast-breadcrumbs-content":"","ast-featured-img":"","footer-sml-layout":"","theme-transparent-header-meta":"default","adv-header-id-meta":"","stick-header-meta":"","header-above-stick-meta":"","header-main-stick-meta":"","header-below-stick-meta":"","astra-migrate-meta-layouts":"set","ast-page-background-enabled":"default","ast-page-background-meta":{"desktop":{"background-color":"var(--ast-global-color-4)","background-image":"","background-repeat":"repeat","background-position":"center center","background-size":"auto","background-attachment":"scroll","background-type":"","background-media":"","overlay-type":"","overlay-color":"","overlay-opacity":"","overlay-gradient":""},"tablet":{"background-color":"","background-image":"","background-repeat":"repeat","background-position":"center center","background-size":"auto","background-attachment":"scroll","background-type":"","background-media":"","overlay-type":"","overlay-color":"","overlay-opacity":"","overlay-gradient":""},"mobile":{"background-color":"","background-image":"","background-repeat":"repeat","background-position":"center center","background-size":"auto","background-attachment":"scroll","background-type":"","background-media":"","overlay-type":"","overlay-color":"","overlay-opacity":"","overlay-gradient":""}},"ast-content-background-meta":{"desktop":{"background-color":"var(--ast-global-color-5)","background-image":"","background-repeat":"repeat","background-position":"center center","background-size":"auto","background-attachment":"scroll","background-type":"","background-media":"","overlay-type":"","overlay-color":"","overlay-opacity":"","overlay-gradient":""},"tablet":{"background-color":"var(--ast-global-color-5)","background-image":"","background-repeat":"repeat","background-position":"center center","background-size":"auto","background-attachment":"scroll","background-type":"","background-media":"","overlay-type":"","overlay-color":"","overlay-opacity":"","overlay-gradient":""},"mobile":{"background-color":"var(--ast-global-color-5)","background-image":"","background-repeat":"repeat","background-position":"center center","background-size":"auto","background-attachment":"scroll","background-type":"","background-media":"","overlay-type":"","overlay-color":"","overlay-opacity":"","overlay-gradient":""}}},"product_brand":[],"product_cat":[39],"product_tag":[],"class_list":{"0":"post-2255","1":"product","2":"type-product","3":"status-publish","4":"has-post-thumbnail","6":"product_cat-prada","7":"desktop-align-center","8":"tablet-align-left","9":"mobile-align-left","11":"first","12":"instock","13":"sale","14":"featured","15":"shipping-taxable","16":"purchasable","17":"product-type-simple"},"_links":{"self":[{"href":"https:\/\/mirekboutique.com\/pt\/wp-json\/wp\/v2\/product\/2255","targetHints":{"allow":["GET"]}}],"collection":[{"href":"https:\/\/mirekboutique.com\/pt\/wp-json\/wp\/v2\/product"}],"about":[{"href":"https:\/\/mirekboutique.com\/pt\/wp-json\/wp\/v2\/types\/product"}],"replies":[{"embeddable":true,"href":"https:\/\/mirekboutique.com\/pt\/wp-json\/wp\/v2\/comments?post=2255"}],"version-history":[{"count":1,"href":"https:\/\/mirekboutique.com\/pt\/wp-json\/wp\/v2\/product\/2255\/revisions"}],"predecessor-version":[{"id":2262,"href":"https:\/\/mirekboutique.com\/pt\/wp-json\/wp\/v2\/product\/2255\/revisions\/2262"}],"wp:featuredmedia":[{"embeddable":true,"href":"https:\/\/mirekboutique.com\/pt\/wp-json\/wp\/v2\/media\/2256"}],"wp:attachment":[{"href":"https:\/\/mirekboutique.com\/pt\/wp-json\/wp\/v2\/media?parent=2255"}],"wp:term":[{"taxonomy":"product_brand","embeddable":true,"href":"https:\/\/mirekboutique.com\/pt\/wp-json\/wp\/v2\/product_brand?post=2255"},{"taxonomy":"product_cat","embeddable":true,"href":"https:\/\/mirekboutique.com\/pt\/wp-json\/wp\/v2\/product_cat?post=2255"},{"taxonomy":"product_tag","embeddable":true,"href":"https:\/\/mirekboutique.com\/pt\/wp-json\/wp\/v2\/product_tag?post=2255"}],"curies":[{"name":"wp","href":"https:\/\/api.w.org\/{rel}","templated":true}]}}