{"id":2391,"date":"2025-05-17T20:14:18","date_gmt":"2025-05-17T12:14:18","guid":{"rendered":"https:\/\/mirekboutique.com\/?post_type=product&#038;p=2391"},"modified":"2025-05-24T19:21:35","modified_gmt":"2025-05-24T11:21:35","slug":"lq157-longines-773-4-eight-hand-moonphase-multifunction-mechanical-11-super-clone","status":"publish","type":"product","link":"https:\/\/mirekboutique.com\/pt\/produto\/lq157-longines-773-4-eight-hand-moonphase-multifunction-mechanical-11-super-clone\/","title":{"rendered":"LQ157 Longines 773.4 Moonphase de oito ponteiros Multifun\u00e7\u00f5es mec\u00e2nico 1:1 Super Clone"},"content":{"rendered":"<p>LGS teto novo Longines L2.773.4 fase da lua de oito ponteiros mec\u00e2nico multifun\u00e7\u00f5es<br \/>\n\u3010Movimento\u3011 equipado com 7751 exclusivo roda de a\u00e7o azulado movimento mec\u00e2nico autom\u00e1tico para o original L2.687.5 mais recente martelo autom\u00e1tico esqueletizado, vers\u00e3o atualizada da tecnologia \u00e9 muito est\u00e1vel reserva de energia de at\u00e9 48 horas<br \/>\n\u3010Caixa\u3011\"Tipo prensa de martelo\" em a\u00e7o inoxid\u00e1vel 316L. A caixa \u00e9 feita de a\u00e7o inoxid\u00e1vel 316L. Tamanho 40MM. ap\u00f3s o computador CNC controle num\u00e9rico gravura ultra-precis\u00e3o \u00e0 prova d'\u00e1gua profundidade de 100 metros<br \/>\n\u3010Face\u3011 ponteiros usando azul de a\u00e7o polido temperado, estampagem a quente do disco de fase da lua, a primeira vez usando a moldagem original, corre\u00e7\u00e3o personalizada da sensa\u00e7\u00e3o de colis\u00e3o de exibi\u00e7\u00e3o original tamb\u00e9m \u00e9 o mesmo que os detalhes consistentes genu\u00ednos<br \/>\n\u3010Banda\u3011 A\u00e7o 316L por processo de corte ap\u00f3s a maior parte do lixamento e, em seguida, montado \u00e0 m\u00e3o em um \u00e2ngulo morto de 360 graus 0 arranhando as m\u00e3os. In-kind peso requintado e durabilidade para as m\u00e3os da coisa real \u00e9 absolutamente incr\u00edvel. (\ud83c\udf81 cinto de couro de bezerro de presente e conjunto de fivela de cinto original, marrom preto pode ser selecionado)<\/p>\n<p>&nbsp;<\/p>\n<p>\u2764\ufe0f \"O tempo \u00e9 uma d\u00e1diva, valoriza cada momento\" \ud83c\udf81<br \/>\nConjunto de caixa de oferta limitada de f\u00e9rias<\/p>","protected":false},"excerpt":{"rendered":"<p>\ud83d\udd25\ud83d\udd25Todos os produtos deste site s\u00e3o r\u00e9plicas perfeitas de alta qualidade feitas por super fabricantes, novas e fechadas, a qualidade e o servi\u00e7o p\u00f3s-venda s\u00e3o garantidos!<\/p>\n<p>\u2705\u2705\u2705\u2705Mirekboutique s\u00f3 produz artigos de alta qualidade Todos os artigos da nossa loja v\u00eam com a caixa original Caixa de madeira de alta qualidade<\/p>\n<p>\ud83c\udf39\ud83c\udf39Por favor, tenha certeza de comprar Todos os produtos suportam dinheiro na entrega Desejo-lhe uma compra feliz<\/p>","protected":false},"featured_media":2392,"comment_status":"open","ping_status":"closed","template":"","meta":{"_monsterinsights_skip_tracking":false,"_monsterinsights_sitenote_active":false,"_monsterinsights_sitenote_note":"","_monsterinsights_sitenote_category":0,"site-sidebar-layout":"default","site-content-layout":"","ast-site-content-layout":"default","site-content-style":"default","site-sidebar-style":"default","ast-global-header-display":"","ast-banner-title-visibility":"","ast-main-header-display":"","ast-hfb-above-header-display":"","ast-hfb-below-header-display":"","ast-hfb-mobile-header-display":"","site-post-title":"","ast-breadcrumbs-content":"","ast-featured-img":"","footer-sml-layout":"","theme-transparent-header-meta":"default","adv-header-id-meta":"","stick-header-meta":"","header-above-stick-meta":"","header-main-stick-meta":"","header-below-stick-meta":"","astra-migrate-meta-layouts":"set","ast-page-background-enabled":"default","ast-page-background-meta":{"desktop":{"background-color":"var(--ast-global-color-4)","background-image":"","background-repeat":"repeat","background-position":"center center","background-size":"auto","background-attachment":"scroll","background-type":"","background-media":"","overlay-type":"","overlay-color":"","overlay-opacity":"","overlay-gradient":""},"tablet":{"background-color":"","background-image":"","background-repeat":"repeat","background-position":"center center","background-size":"auto","background-attachment":"scroll","background-type":"","background-media":"","overlay-type":"","overlay-color":"","overlay-opacity":"","overlay-gradient":""},"mobile":{"background-color":"","background-image":"","background-repeat":"repeat","background-position":"center center","background-size":"auto","background-attachment":"scroll","background-type":"","background-media":"","overlay-type":"","overlay-color":"","overlay-opacity":"","overlay-gradient":""}},"ast-content-background-meta":{"desktop":{"background-color":"var(--ast-global-color-5)","background-image":"","background-repeat":"repeat","background-position":"center center","background-size":"auto","background-attachment":"scroll","background-type":"","background-media":"","overlay-type":"","overlay-color":"","overlay-opacity":"","overlay-gradient":""},"tablet":{"background-color":"var(--ast-global-color-5)","background-image":"","background-repeat":"repeat","background-position":"center center","background-size":"auto","background-attachment":"scroll","background-type":"","background-media":"","overlay-type":"","overlay-color":"","overlay-opacity":"","overlay-gradient":""},"mobile":{"background-color":"var(--ast-global-color-5)","background-image":"","background-repeat":"repeat","background-position":"center center","background-size":"auto","background-attachment":"scroll","background-type":"","background-media":"","overlay-type":"","overlay-color":"","overlay-opacity":"","overlay-gradient":""}}},"product_brand":[],"product_cat":[34],"product_tag":[],"class_list":{"0":"post-2391","1":"product","2":"type-product","3":"status-publish","4":"has-post-thumbnail","6":"product_cat-longines","7":"desktop-align-center","8":"tablet-align-left","9":"mobile-align-left","11":"first","12":"instock","13":"sale","14":"shipping-taxable","15":"purchasable","16":"product-type-simple"},"_links":{"self":[{"href":"https:\/\/mirekboutique.com\/pt\/wp-json\/wp\/v2\/product\/2391","targetHints":{"allow":["GET"]}}],"collection":[{"href":"https:\/\/mirekboutique.com\/pt\/wp-json\/wp\/v2\/product"}],"about":[{"href":"https:\/\/mirekboutique.com\/pt\/wp-json\/wp\/v2\/types\/product"}],"replies":[{"embeddable":true,"href":"https:\/\/mirekboutique.com\/pt\/wp-json\/wp\/v2\/comments?post=2391"}],"version-history":[{"count":1,"href":"https:\/\/mirekboutique.com\/pt\/wp-json\/wp\/v2\/product\/2391\/revisions"}],"predecessor-version":[{"id":2398,"href":"https:\/\/mirekboutique.com\/pt\/wp-json\/wp\/v2\/product\/2391\/revisions\/2398"}],"wp:featuredmedia":[{"embeddable":true,"href":"https:\/\/mirekboutique.com\/pt\/wp-json\/wp\/v2\/media\/2392"}],"wp:attachment":[{"href":"https:\/\/mirekboutique.com\/pt\/wp-json\/wp\/v2\/media?parent=2391"}],"wp:term":[{"taxonomy":"product_brand","embeddable":true,"href":"https:\/\/mirekboutique.com\/pt\/wp-json\/wp\/v2\/product_brand?post=2391"},{"taxonomy":"product_cat","embeddable":true,"href":"https:\/\/mirekboutique.com\/pt\/wp-json\/wp\/v2\/product_cat?post=2391"},{"taxonomy":"product_tag","embeddable":true,"href":"https:\/\/mirekboutique.com\/pt\/wp-json\/wp\/v2\/product_tag?post=2391"}],"curies":[{"name":"wp","href":"https:\/\/api.w.org\/{rel}","templated":true}]}}