{"id":821,"date":"2025-05-09T00:11:12","date_gmt":"2025-05-08T16:11:12","guid":{"rendered":"https:\/\/mirekboutique.com\/?post_type=product&#038;p=821"},"modified":"2025-05-24T19:21:49","modified_gmt":"2025-05-24T11:21:49","slug":"cdy132-11-super-clone","status":"publish","type":"product","link":"https:\/\/mirekboutique.com\/pt\/produto\/cdy132-11-super-clone\/","title":{"rendered":"CDY132 1:1 Super Clone"},"content":{"rendered":"<p>Design minimalista, vers\u00e1til e n\u00e3o colide com os modelos<\/p>\n<p>Pulseira de metal leve e luxuosa, cheia de textura<\/p>\n<p>Design ultra-fino, confort\u00e1vel de usar<\/p>\n<p>&nbsp;<\/p>\n<p>Anseio de paz, oposi\u00e7\u00e3o \u00e0 guerra! AF demonstra perfeitamente o estilo vintage discreto, mas n\u00e3o luxuoso, da cole\u00e7\u00e3o Tank!<br \/>\nS\u00e9rie Cartier Tank<br \/>\n[Caixa] Grande: 41mm*31mm, quebra a forma redonda do corpo do rel\u00f3gio tradicional, acima e abaixo da luneta paralela sim\u00e9trica que destaca o mostrador quadrado, o estilo duro e simples torna as pessoas inesquec\u00edveis. As linhas s\u00e3o simples e r\u00edgidas, com um forte estilo industrial. As curvas suaves e as arestas vivas mostram um sentido de modernidade e de moda. As asas do tipo \"tank-track\" e a coroa octogonal com o espin\u00e9lio azul carater\u00edstico da Cartier s\u00e3o altamente reconhec\u00edveis.<br \/>\n[Mostrador] O mostrador \u00e9 apresentado por escalas romanas cl\u00e1ssicas, mostrador branco com ponteiros em a\u00e7o azulado e, no centro do mostrador, existe um c\u00edrculo interior de escala quadrada. Combinando um gosto de primeira classe e um design vanguardista, o rel\u00f3gio Tank, com o seu sentido moderno de intemporalidade, esteve sempre na vanguarda dos tempos e foi descrito como um dos designs mais importantes na hist\u00f3ria dos rel\u00f3gios de pulso.<br \/>\n[Movimento] F\u00e1brica AF para a s\u00e9rie Tank para criar uma variedade de movimentos de topo, incluindo movimento de corda manual, movimento autom\u00e1tico, movimento de quartzo, etc., cada movimento passou a inspe\u00e7\u00e3o de qualidade rigorosa da Cartier. Al\u00e9m disso, o artesanato tamb\u00e9m \u00e9 muito requintado, cada rel\u00f3gio Tank foi polido e polido muitas vezes, mostrando excelente qualidade e n\u00edvel de artesanato.<br \/>\n[Bracelete] Bracelete em pele de gr\u00e3o de lichia italiana, bracelete em pele de vaca, bracelete em a\u00e7o estilo \"tank track\". H\u00e1 sempre uma correia que toca a sua busca interior pela perfei\u00e7\u00e3o. Apresenta na perfei\u00e7\u00e3o o estilo retro discreto, mas n\u00e3o luxuoso, da s\u00e9rie tank!<br \/>\nAF f\u00e1brica, um fabricante que tem sido profundamente envolvido em Cartier r\u00e9plica perfeita por muitos anos, voc\u00ea \u00e9 digno de confian\u00e7a!<\/p>","protected":false},"excerpt":{"rendered":"<p>\ud83d\udd25\ud83d\udd25Todos os produtos deste site s\u00e3o r\u00e9plicas perfeitas de alta qualidade feitas por super fabricantes, novas e fechadas, a qualidade e o servi\u00e7o p\u00f3s-venda s\u00e3o garantidos!<\/p>\n<p>\u2705\u2705\u2705\u2705Mirekboutique s\u00f3 produz artigos de alta qualidade Todos os artigos da nossa loja v\u00eam com a caixa original Caixa de madeira de alta qualidade<\/p>\n<p>\ud83c\udf39\ud83c\udf39Por favor, tenha certeza de comprar Todos os produtos suportam dinheiro na entrega Desejo-lhe uma compra feliz<\/p>","protected":false},"featured_media":822,"comment_status":"open","ping_status":"closed","template":"","meta":{"_monsterinsights_skip_tracking":false,"_monsterinsights_sitenote_active":false,"_monsterinsights_sitenote_note":"","_monsterinsights_sitenote_category":0,"site-sidebar-layout":"default","site-content-layout":"","ast-site-content-layout":"default","site-content-style":"default","site-sidebar-style":"default","ast-global-header-display":"","ast-banner-title-visibility":"","ast-main-header-display":"","ast-hfb-above-header-display":"","ast-hfb-below-header-display":"","ast-hfb-mobile-header-display":"","site-post-title":"","ast-breadcrumbs-content":"","ast-featured-img":"","footer-sml-layout":"","theme-transparent-header-meta":"default","adv-header-id-meta":"","stick-header-meta":"","header-above-stick-meta":"","header-main-stick-meta":"","header-below-stick-meta":"","astra-migrate-meta-layouts":"set","ast-page-background-enabled":"default","ast-page-background-meta":{"desktop":{"background-color":"var(--ast-global-color-4)","background-image":"","background-repeat":"repeat","background-position":"center center","background-size":"auto","background-attachment":"scroll","background-type":"","background-media":"","overlay-type":"","overlay-color":"","overlay-opacity":"","overlay-gradient":""},"tablet":{"background-color":"","background-image":"","background-repeat":"repeat","background-position":"center center","background-size":"auto","background-attachment":"scroll","background-type":"","background-media":"","overlay-type":"","overlay-color":"","overlay-opacity":"","overlay-gradient":""},"mobile":{"background-color":"","background-image":"","background-repeat":"repeat","background-position":"center center","background-size":"auto","background-attachment":"scroll","background-type":"","background-media":"","overlay-type":"","overlay-color":"","overlay-opacity":"","overlay-gradient":""}},"ast-content-background-meta":{"desktop":{"background-color":"var(--ast-global-color-5)","background-image":"","background-repeat":"repeat","background-position":"center center","background-size":"auto","background-attachment":"scroll","background-type":"","background-media":"","overlay-type":"","overlay-color":"","overlay-opacity":"","overlay-gradient":""},"tablet":{"background-color":"var(--ast-global-color-5)","background-image":"","background-repeat":"repeat","background-position":"center center","background-size":"auto","background-attachment":"scroll","background-type":"","background-media":"","overlay-type":"","overlay-color":"","overlay-opacity":"","overlay-gradient":""},"mobile":{"background-color":"var(--ast-global-color-5)","background-image":"","background-repeat":"repeat","background-position":"center center","background-size":"auto","background-attachment":"scroll","background-type":"","background-media":"","overlay-type":"","overlay-color":"","overlay-opacity":"","overlay-gradient":""}}},"product_brand":[],"product_cat":[33],"product_tag":[],"class_list":{"0":"post-821","1":"product","2":"type-product","3":"status-publish","4":"has-post-thumbnail","6":"product_cat-cartier","7":"desktop-align-center","8":"tablet-align-left","9":"mobile-align-left","11":"first","12":"instock","13":"sale","14":"shipping-taxable","15":"purchasable","16":"product-type-simple"},"_links":{"self":[{"href":"https:\/\/mirekboutique.com\/pt\/wp-json\/wp\/v2\/product\/821","targetHints":{"allow":["GET"]}}],"collection":[{"href":"https:\/\/mirekboutique.com\/pt\/wp-json\/wp\/v2\/product"}],"about":[{"href":"https:\/\/mirekboutique.com\/pt\/wp-json\/wp\/v2\/types\/product"}],"replies":[{"embeddable":true,"href":"https:\/\/mirekboutique.com\/pt\/wp-json\/wp\/v2\/comments?post=821"}],"version-history":[{"count":1,"href":"https:\/\/mirekboutique.com\/pt\/wp-json\/wp\/v2\/product\/821\/revisions"}],"predecessor-version":[{"id":827,"href":"https:\/\/mirekboutique.com\/pt\/wp-json\/wp\/v2\/product\/821\/revisions\/827"}],"wp:featuredmedia":[{"embeddable":true,"href":"https:\/\/mirekboutique.com\/pt\/wp-json\/wp\/v2\/media\/822"}],"wp:attachment":[{"href":"https:\/\/mirekboutique.com\/pt\/wp-json\/wp\/v2\/media?parent=821"}],"wp:term":[{"taxonomy":"product_brand","embeddable":true,"href":"https:\/\/mirekboutique.com\/pt\/wp-json\/wp\/v2\/product_brand?post=821"},{"taxonomy":"product_cat","embeddable":true,"href":"https:\/\/mirekboutique.com\/pt\/wp-json\/wp\/v2\/product_cat?post=821"},{"taxonomy":"product_tag","embeddable":true,"href":"https:\/\/mirekboutique.com\/pt\/wp-json\/wp\/v2\/product_tag?post=821"}],"curies":[{"name":"wp","href":"https:\/\/api.w.org\/{rel}","templated":true}]}}