{"id":471,"date":"2025-05-06T22:19:04","date_gmt":"2025-05-06T14:19:04","guid":{"rendered":"https:\/\/mirekboutique.com\/?page_id=471"},"modified":"2025-05-07T23:00:47","modified_gmt":"2025-05-07T15:00:47","slug":"about-2","status":"publish","type":"page","link":"https:\/\/mirekboutique.com\/ro\/about-2\/","title":{"rendered":"Despre"},"content":{"rendered":"<div data-elementor-type=\"wp-page\" data-elementor-id=\"471\" class=\"elementor elementor-471\">\n\t\t\t\t<div class=\"elementor-element elementor-element-74c4a58 e-flex e-con-boxed e-con e-parent\" data-id=\"74c4a58\" data-element_type=\"container\">\n\t\t\t\t\t<div class=\"e-con-inner\">\n\t\t\t\t<div class=\"elementor-element elementor-element-d42d956 elementor-widget elementor-widget-image\" data-id=\"d42d956\" data-element_type=\"widget\" data-widget_type=\"image.default\">\n\t\t\t\t<div class=\"elementor-widget-container\">\n\t\t\t\t\t\t\t\t\t\t\t\t\t\t\t<img fetchpriority=\"high\" decoding=\"async\" width=\"1920\" height=\"1080\" src=\"https:\/\/mirekboutique.com\/wp-content\/uploads\/2025\/05\/e93a26484b861ed27bb81201eff2451.jpg\" class=\"attachment-full size-full wp-image-621\" alt=\"\" srcset=\"https:\/\/mirekboutique.com\/wp-content\/uploads\/2025\/05\/e93a26484b861ed27bb81201eff2451.jpg 1920w, https:\/\/mirekboutique.com\/wp-content\/uploads\/2025\/05\/e93a26484b861ed27bb81201eff2451-300x169.jpg 300w, https:\/\/mirekboutique.com\/wp-content\/uploads\/2025\/05\/e93a26484b861ed27bb81201eff2451-1024x576.jpg 1024w, https:\/\/mirekboutique.com\/wp-content\/uploads\/2025\/05\/e93a26484b861ed27bb81201eff2451-768x432.jpg 768w, https:\/\/mirekboutique.com\/wp-content\/uploads\/2025\/05\/e93a26484b861ed27bb81201eff2451-1536x864.jpg 1536w, https:\/\/mirekboutique.com\/wp-content\/uploads\/2025\/05\/e93a26484b861ed27bb81201eff2451-600x338.jpg 600w\" sizes=\"(max-width: 1920px) 100vw, 1920px\" \/>\t\t\t\t\t\t\t\t\t\t\t\t\t\t\t<\/div>\n\t\t\t\t<\/div>\n\t\t\t\t\t<\/div>\n\t\t\t\t<\/div>\n\t\t<div class=\"elementor-element elementor-element-df8b352 e-flex e-con-boxed e-con e-parent\" data-id=\"df8b352\" data-element_type=\"container\">\n\t\t\t\t\t<div class=\"e-con-inner\">\n\t\t<div class=\"elementor-element elementor-element-5b160eb e-con-full e-flex e-con e-child\" data-id=\"5b160eb\" data-element_type=\"container\">\n\t\t<div class=\"elementor-element elementor-element-23e39b4 e-flex e-con-boxed e-con e-child\" data-id=\"23e39b4\" data-element_type=\"container\">\n\t\t\t\t\t<div class=\"e-con-inner\">\n\t\t<div class=\"elementor-element elementor-element-a99f21a e-con-full e-flex e-con e-child\" data-id=\"a99f21a\" data-element_type=\"container\">\n\t\t\t\t<div class=\"elementor-element elementor-element-3f4dcf6 elementor-widget elementor-widget-heading\" data-id=\"3f4dcf6\" data-element_type=\"widget\" data-widget_type=\"heading.default\">\n\t\t\t\t<div class=\"elementor-widget-container\">\n\t\t\t\t\t<h6 class=\"elementor-heading-title elementor-size-default\">Despre noi<\/h6>\t\t\t\t<\/div>\n\t\t\t\t<\/div>\n\t\t\t\t<div class=\"elementor-element elementor-element-2a0c8f7 elementor-widget elementor-widget-heading\" data-id=\"2a0c8f7\" data-element_type=\"widget\" data-widget_type=\"heading.default\">\n\t\t\t\t<div class=\"elementor-widget-container\">\n\t\t\t\t\t<h2 class=\"elementor-heading-title elementor-size-default\">Cele mai bune replica ceasuri \u0219i gen\u021bi<\/h2>\t\t\t\t<\/div>\n\t\t\t\t<\/div>\n\t\t\t\t<div class=\"elementor-element elementor-element-e83860c elementor-widget-divider--view-line elementor-widget elementor-widget-divider\" data-id=\"e83860c\" data-element_type=\"widget\" data-widget_type=\"divider.default\">\n\t\t\t\t<div class=\"elementor-widget-container\">\n\t\t\t\t\t\t\t<div class=\"elementor-divider\">\n\t\t\t<span class=\"elementor-divider-separator\">\n\t\t\t\t\t\t<\/span>\n\t\t<\/div>\n\t\t\t\t\t\t<\/div>\n\t\t\t\t<\/div>\n\t\t\t\t<div class=\"elementor-element elementor-element-b324ddf elementor-widget elementor-widget-text-editor\" data-id=\"b324ddf\" data-element_type=\"widget\" data-widget_type=\"text-editor.default\">\n\t\t\t\t<div class=\"elementor-widget-container\">\n\t\t\t\t\t\t\t\t\t<p>La Mirekboutique, suntem m\u00e2ndri s\u0103 oferim o gam\u0103 de replici de ceasuri \u0219i gen\u021bi de \u00eenalt\u0103 calitate care \u00eentruchipeaz\u0103 cu adev\u0103rat esen\u021ba luxului. Fiecare ceas este fabricat folosind tehnici de inginerie de precizie \u0219i cele mai bune materiale pentru a crea o declara\u021bie luxoas\u0103 \u0219i elegant\u0103. Fie c\u0103 sunte\u021bi \u00een c\u0103utarea unui clasic sofisticat sau a unei piese moderne, replicile noastre de ceasuri ofer\u0103 elegan\u021b\u0103, calitate \u0219i prestigiu la o frac\u021biune din pre\u021b. Experimenta\u021bi luxul redefinit \u0219i l\u0103sa\u021bi \u00eencheietura dvs. s\u0103 vorbeasc\u0103 despre stilul atemporal<\/p>\t\t\t\t\t\t\t\t<\/div>\n\t\t\t\t<\/div>\n\t\t\t\t<div class=\"elementor-element elementor-element-16115c9 elementor-widget elementor-widget-text-editor\" data-id=\"16115c9\" data-element_type=\"widget\" data-widget_type=\"text-editor.default\">\n\t\t\t\t<div class=\"elementor-widget-container\">\n\t\t\t\t\t\t\t\t\t<h4>\u00a0<\/h4><h3><strong>Suport COD ramburs<\/strong><\/h3>\t\t\t\t\t\t\t\t<\/div>\n\t\t\t\t<\/div>\n\t\t\t\t<\/div>\n\t\t<div class=\"elementor-element elementor-element-31d8065 e-con-full e-flex e-con e-child\" data-id=\"31d8065\" data-element_type=\"container\" data-settings=\"{&quot;background_background&quot;:&quot;classic&quot;}\">\n\t\t\t\t<div class=\"elementor-element elementor-element-8105c52 elementor-widget elementor-widget-spacer\" data-id=\"8105c52\" data-element_type=\"widget\" data-widget_type=\"spacer.default\">\n\t\t\t\t<div class=\"elementor-widget-container\">\n\t\t\t\t\t\t\t<div class=\"elementor-spacer\">\n\t\t\t<div class=\"elementor-spacer-inner\"><\/div>\n\t\t<\/div>\n\t\t\t\t\t\t<\/div>\n\t\t\t\t<\/div>\n\t\t\t\t<\/div>\n\t\t\t\t\t<\/div>\n\t\t\t\t<\/div>\n\t\t\t\t<\/div>\n\t\t\t\t\t<\/div>\n\t\t\t\t<\/div>\n\t\t<div class=\"elementor-element elementor-element-8851a00 e-flex e-con-boxed e-con e-parent\" data-id=\"8851a00\" data-element_type=\"container\">\n\t\t\t\t\t<div class=\"e-con-inner\">\n\t\t<div class=\"elementor-element elementor-element-173ab81 e-con-full e-flex e-con e-child\" data-id=\"173ab81\" data-element_type=\"container\">\n\t\t\t\t<div class=\"elementor-element elementor-element-cdf1cca elementor-widget elementor-widget-image\" data-id=\"cdf1cca\" data-element_type=\"widget\" data-widget_type=\"image.default\">\n\t\t\t\t<div class=\"elementor-widget-container\">\n\t\t\t\t\t\t\t\t\t\t\t\t\t\t\t<img decoding=\"async\" width=\"1920\" height=\"2560\" src=\"https:\/\/mirekboutique.com\/wp-content\/uploads\/2025\/05\/\u5fae\u4fe1\u56fe\u7247_20250507211046.jpg\" class=\"attachment-full size-full wp-image-609\" alt=\"\" srcset=\"https:\/\/mirekboutique.com\/wp-content\/uploads\/2025\/05\/\u5fae\u4fe1\u56fe\u7247_20250507211046.jpg 1920w, https:\/\/mirekboutique.com\/wp-content\/uploads\/2025\/05\/\u5fae\u4fe1\u56fe\u7247_20250507211046-225x300.jpg 225w, https:\/\/mirekboutique.com\/wp-content\/uploads\/2025\/05\/\u5fae\u4fe1\u56fe\u7247_20250507211046-768x1024.jpg 768w, https:\/\/mirekboutique.com\/wp-content\/uploads\/2025\/05\/\u5fae\u4fe1\u56fe\u7247_20250507211046-1152x1536.jpg 1152w, https:\/\/mirekboutique.com\/wp-content\/uploads\/2025\/05\/\u5fae\u4fe1\u56fe\u7247_20250507211046-1536x2048.jpg 1536w, https:\/\/mirekboutique.com\/wp-content\/uploads\/2025\/05\/\u5fae\u4fe1\u56fe\u7247_20250507211046-600x800.jpg 600w\" sizes=\"(max-width: 1920px) 100vw, 1920px\" \/>\t\t\t\t\t\t\t\t\t\t\t\t\t\t\t<\/div>\n\t\t\t\t<\/div>\n\t\t<div class=\"elementor-element elementor-element-d9a7f60 e-con-full e-flex e-con e-child\" data-id=\"d9a7f60\" data-element_type=\"container\">\n\t\t<div class=\"elementor-element elementor-element-8bf8953 e-con-full e-flex e-con e-child\" data-id=\"8bf8953\" data-element_type=\"container\">\n\t\t\t\t<div class=\"elementor-element elementor-element-b4ae1fc elementor-widget elementor-widget-heading\" data-id=\"b4ae1fc\" data-element_type=\"widget\" data-widget_type=\"heading.default\">\n\t\t\t\t<div class=\"elementor-widget-container\">\n\t\t\t\t\t<h6 class=\"elementor-heading-title elementor-size-default\">Despre noi<\/h6>\t\t\t\t<\/div>\n\t\t\t\t<\/div>\n\t\t\t\t<div class=\"elementor-element elementor-element-de42fbc elementor-widget elementor-widget-heading\" data-id=\"de42fbc\" data-element_type=\"widget\" data-widget_type=\"heading.default\">\n\t\t\t\t<div class=\"elementor-widget-container\">\n\t\t\t\t\t<h2 class=\"elementor-heading-title elementor-size-default\">Cum a \u00eenceput totul<\/h2>\t\t\t\t<\/div>\n\t\t\t\t<\/div>\n\t\t\t\t<\/div>\n\t\t<div class=\"elementor-element elementor-element-107f26f e-con-full e-flex e-con e-child\" data-id=\"107f26f\" data-element_type=\"container\">\n\t\t\t\t<div class=\"elementor-element elementor-element-88c54c8 elementor-widget elementor-widget-heading\" data-id=\"88c54c8\" data-element_type=\"widget\" data-widget_type=\"heading.default\">\n\t\t\t\t<div class=\"elementor-widget-container\">\n\t\t\t\t\t<p class=\"elementor-heading-title elementor-size-default\">Ajut\u0103m pe toat\u0103 lumea s\u0103 se bucure de produse uimitoare<\/p>\t\t\t\t<\/div>\n\t\t\t\t<\/div>\n\t\t\t\t<div class=\"elementor-element elementor-element-20818f7 elementor-widget elementor-widget-text-editor\" data-id=\"20818f7\" data-element_type=\"widget\" data-widget_type=\"text-editor.default\">\n\t\t\t\t<div class=\"elementor-widget-container\">\n\t\t\t\t\t\t\t\t\t<p><strong>La Mirekboutique iubim orice pasiune \u0219i interes de pe P\u0103m\u00e2nt pentru c\u0103 este o referin\u021b\u0103 la UNICITATEA ta. \u0218i s\u0103 r\u0103sp\u00e2ndim exact asta... este viziunea noastr\u0103 principal\u0103:<\/strong><\/p><p>Pentru a v\u0103 ajuta s\u0103 v\u0103 exprima\u021bi. Pentru a v\u0103 sprijini la mirekboutique.com<strong>.<\/strong><\/p><p>Deoarece \u0219tim c\u0103 dori\u021bi tot felul de produse personalizate, v-am acoperit cu furnizori foarte profesioni\u0219ti \u0219i case de produc\u021bie cu care p\u0103str\u0103m un contact str\u00e2ns \u0219i pe care le verific\u0103m zilnic, astfel \u00eenc\u00e2t s\u0103 \u00eendeplineasc\u0103 procesul nostru intens de selec\u021bie.<\/p><p>Indiferent unde v\u0103 afla\u021bi, cine sunte\u021bi \u0219i ce v\u0103 pasioneaz\u0103, ne dorim s\u0103 v\u0103 putem oferi produse personalizate care s\u0103 v\u0103 ajute s\u0103 v\u0103 exprima\u021bi... s\u0103 v\u0103 ajuta\u021bi s\u0103 v\u0103 exprima\u021bi cine sunte\u021bi cu adev\u0103rat!<\/p><p>Acesta este motivul pentru care \u00een<strong> Mirekboutique ve\u021bi g\u0103si o colec\u021bie personalizat\u0103 pentru fiecare profesie, hobby, sport, pasiune sau orice altceva la care v\u0103 pute\u021bi g\u00e2ndi.<\/strong><\/p><p>A\u0219adar, indiferent ce c\u0103uta\u021bi, pl\u0103nuim s\u0103 \u00eel avem acolo pentru dvs. \u0218i dac\u0103 nu este, atunci contacta\u021bi-ne \u0219i anun\u021ba\u021bi-ne, astfel \u00eenc\u00e2t s\u0103 putem negocia sau produce cea mai bun\u0103 afacere pentru dvs. \u00een cel mai scurt timp. Suntem \u0219i am dori s\u0103 fim aici pentru VOI pentru o via\u021b\u0103 \u00eentreag\u0103.<\/p><p><strong>Orice ai nevoie, este chiar aici pe Mirekboutique.<\/strong><\/p>\t\t\t\t\t\t\t\t<\/div>\n\t\t\t\t<\/div>\n\t\t\t\t<\/div>\n\t\t\t\t<\/div>\n\t\t\t\t<\/div>\n\t\t\t\t\t<\/div>\n\t\t\t\t<\/div>\n\t\t\t\t<\/div>","protected":false},"excerpt":{"rendered":"<p>About us Our best replica watches and bags At Mirekboutique, we are proud to offer a range of high quality replica watches and bags that truly embody the essence of luxury. Each watch is crafted using precision engineering techniques and the finest materials to create a luxurious and stylish statement. Whether you are looking for [&hellip;]<\/p>","protected":false},"author":1,"featured_media":0,"parent":0,"menu_order":0,"comment_status":"closed","ping_status":"closed","template":"","meta":{"_monsterinsights_skip_tracking":false,"_monsterinsights_sitenote_active":false,"_monsterinsights_sitenote_note":"","_monsterinsights_sitenote_category":0,"site-sidebar-layout":"no-sidebar","site-content-layout":"page-builder","ast-site-content-layout":"","site-content-style":"default","site-sidebar-style":"default","ast-global-header-display":"","ast-banner-title-visibility":"","ast-main-header-display":"","ast-hfb-above-header-display":"","ast-hfb-below-header-display":"","ast-hfb-mobile-header-display":"","site-post-title":"disabled","ast-breadcrumbs-content":"","ast-featured-img":"disabled","footer-sml-layout":"","theme-transparent-header-meta":"","adv-header-id-meta":"","stick-header-meta":"","header-above-stick-meta":"","header-main-stick-meta":"","header-below-stick-meta":"","astra-migrate-meta-layouts":"default","ast-page-background-enabled":"default","ast-page-background-meta":{"desktop":{"background-color":"var(--ast-global-color-4)","background-image":"","background-repeat":"repeat","background-position":"center center","background-size":"auto","background-attachment":"scroll","background-type":"","background-media":"","overlay-type":"","overlay-color":"","overlay-opacity":"","overlay-gradient":""},"tablet":{"background-color":"","background-image":"","background-repeat":"repeat","background-position":"center center","background-size":"auto","background-attachment":"scroll","background-type":"","background-media":"","overlay-type":"","overlay-color":"","overlay-opacity":"","overlay-gradient":""},"mobile":{"background-color":"","background-image":"","background-repeat":"repeat","background-position":"center center","background-size":"auto","background-attachment":"scroll","background-type":"","background-media":"","overlay-type":"","overlay-color":"","overlay-opacity":"","overlay-gradient":""}},"ast-content-background-meta":{"desktop":{"background-color":"var(--ast-global-color-5)","background-image":"","background-repeat":"repeat","background-position":"center center","background-size":"auto","background-attachment":"scroll","background-type":"","background-media":"","overlay-type":"","overlay-color":"","overlay-opacity":"","overlay-gradient":""},"tablet":{"background-color":"var(--ast-global-color-5)","background-image":"","background-repeat":"repeat","background-position":"center center","background-size":"auto","background-attachment":"scroll","background-type":"","background-media":"","overlay-type":"","overlay-color":"","overlay-opacity":"","overlay-gradient":""},"mobile":{"background-color":"var(--ast-global-color-5)","background-image":"","background-repeat":"repeat","background-position":"center center","background-size":"auto","background-attachment":"scroll","background-type":"","background-media":"","overlay-type":"","overlay-color":"","overlay-opacity":"","overlay-gradient":""}},"footnotes":""},"class_list":["post-471","page","type-page","status-publish","hentry"],"_links":{"self":[{"href":"https:\/\/mirekboutique.com\/ro\/wp-json\/wp\/v2\/pages\/471","targetHints":{"allow":["GET"]}}],"collection":[{"href":"https:\/\/mirekboutique.com\/ro\/wp-json\/wp\/v2\/pages"}],"about":[{"href":"https:\/\/mirekboutique.com\/ro\/wp-json\/wp\/v2\/types\/page"}],"author":[{"embeddable":true,"href":"https:\/\/mirekboutique.com\/ro\/wp-json\/wp\/v2\/users\/1"}],"replies":[{"embeddable":true,"href":"https:\/\/mirekboutique.com\/ro\/wp-json\/wp\/v2\/comments?post=471"}],"version-history":[{"count":9,"href":"https:\/\/mirekboutique.com\/ro\/wp-json\/wp\/v2\/pages\/471\/revisions"}],"predecessor-version":[{"id":629,"href":"https:\/\/mirekboutique.com\/ro\/wp-json\/wp\/v2\/pages\/471\/revisions\/629"}],"wp:attachment":[{"href":"https:\/\/mirekboutique.com\/ro\/wp-json\/wp\/v2\/media?parent=471"}],"curies":[{"name":"wp","href":"https:\/\/api.w.org\/{rel}","templated":true}]}}