{"id":591,"date":"2025-05-07T19:57:41","date_gmt":"2025-05-07T11:57:41","guid":{"rendered":"https:\/\/mirekboutique.com\/?page_id=591"},"modified":"2025-05-21T19:56:36","modified_gmt":"2025-05-21T11:56:36","slug":"cod","status":"publish","type":"page","link":"https:\/\/mirekboutique.com\/ro\/cod\/","title":{"rendered":"COD"},"content":{"rendered":"<div data-elementor-type=\"wp-page\" data-elementor-id=\"591\" class=\"elementor elementor-591\">\n\t\t\t\t<div class=\"elementor-element elementor-element-9346e8d e-flex e-con-boxed e-con e-parent\" data-id=\"9346e8d\" data-element_type=\"container\" data-settings=\"{&quot;background_background&quot;:&quot;classic&quot;}\">\n\t\t\t\t\t<div class=\"e-con-inner\">\n\t\t<div class=\"elementor-element elementor-element-4b2bba9 e-con-full e-flex e-con e-child\" data-id=\"4b2bba9\" data-element_type=\"container\">\n\t\t\t\t<div class=\"elementor-element elementor-element-5a21cb0 elementor-widget elementor-widget-heading\" data-id=\"5a21cb0\" data-element_type=\"widget\" data-widget_type=\"heading.default\">\n\t\t\t\t<div class=\"elementor-widget-container\">\n\t\t\t\t\t<h6 class=\"elementor-heading-title elementor-size-default\">plata la livrare<\/h6>\t\t\t\t<\/div>\n\t\t\t\t<\/div>\n\t\t\t\t<div class=\"elementor-element elementor-element-a19a656 elementor-widget elementor-widget-heading\" data-id=\"a19a656\" data-element_type=\"widget\" data-widget_type=\"heading.default\">\n\t\t\t\t<div class=\"elementor-widget-container\">\n\t\t\t\t\t<h1 class=\"elementor-heading-title elementor-size-default\">COD<\/h1>\t\t\t\t<\/div>\n\t\t\t\t<\/div>\n\t\t\t\t<\/div>\n\t\t\t\t\t<\/div>\n\t\t\t\t<\/div>\n\t\t<div class=\"elementor-element elementor-element-8261433 e-flex e-con-boxed e-con e-parent\" data-id=\"8261433\" data-element_type=\"container\">\n\t\t\t\t\t<div class=\"e-con-inner\">\n\t\t\t\t<div class=\"elementor-element elementor-element-ab6c507 elementor-widget elementor-widget-text-editor\" data-id=\"ab6c507\" data-element_type=\"widget\" data-widget_type=\"text-editor.default\">\n\t\t\t\t<div class=\"elementor-widget-container\">\n\t\t\t\t\t\t\t\t\t<p><strong>Suntem m\u00e2ndri s\u0103 v\u0103 oferim servicii de livrare \u00een \u00eentreaga lume, urm\u0103torii termeni \u0219i condi\u021bii sunt concepute pentru a v\u0103 oferi o experien\u021b\u0103 de cump\u0103r\u0103turi perfect\u0103. V\u0103 rug\u0103m s\u0103 citi\u021bi cu aten\u021bie urm\u0103torii termeni \u0219i condi\u021bii de livrare \u00eenainte de a plasa comanda dumneavoastr\u0103.<\/strong><\/p><p><strong>1. Livrare \u00een \u00eentreaga lume:<\/strong><\/p><p>Suntem m\u00e2ndri s\u0103 oferim livrare \u00een \u00eentreaga lume \u00een multe \u021b\u0103ri \u0219i regiuni. Pute\u021bi beneficia de modul de livrare contra ramburs (COD) prin plata unui depozit de 10%. Dup\u0103 primirea \u0219i inspectarea bunurilor, pute\u021bi pl\u0103ti soldul persoanei care efectueaz\u0103 livrarea. Pute\u021bi pl\u0103ti soldul \u00een moneda local\u0103 a \u021b\u0103rii dvs.<\/p><p><strong>2. Prag de livrare gratuit\u0103:<\/strong><\/p><p>Plasa\u021bi-v\u0103 comanda cu un depozit 10% \u0219i beneficia\u021bi de transport gratuit \u00een \u00eentreaga lume.<\/p><p><strong>3. Timp de livrare estimat:<\/strong><\/p><p>V\u0103 rug\u0103m s\u0103 acorda\u021bi \u00eentre 3 \u0219i 14 zile lucr\u0103toare pentru livrarea comenzii dumneavoastr\u0103 \u00een \u00eentreaga lume. V\u0103 rug\u0103m s\u0103 re\u021bine\u021bi c\u0103 termenele de livrare pot varia \u00een func\u021bie de loca\u021bia dvs. \u0219i de factori externi care nu depind de controlul nostru.<\/p><p><strong>4. Scutire de impozit:<\/strong><\/p><p>Ne angaj\u0103m s\u0103 oferim o experien\u021b\u0103 de cump\u0103r\u0103turi u\u0219oar\u0103 \u0219i f\u0103r\u0103 complica\u021bii. Prin urmare, toate comenzile sunt scutite de taxe la nivel mondial.<\/p><p><strong>5. \u00cemp\u0103r\u021birea transportului:<\/strong><\/p><p>Pentru comenzile care con\u021bin mai multe articole, le putem expedia separat pentru a asigura o livrare eficient\u0103. Fiecare articol va fi ambalat \u00een siguran\u021b\u0103 \u0219i urm\u0103rit individual.<\/p><p><strong>6. Se prefer\u0103 Express interna\u021bional:<\/strong><\/p><p>Consider\u0103m c\u0103 satisfac\u021bia dvs. este prioritatea noastr\u0103 principal\u0103 \u0219i select\u0103m cel mai potrivit curier interna\u021bional \u00een func\u021bie de loca\u021bia dvs. Partenerii no\u0219tri de \u00eencredere includ FedEx, DHL, UPS, USPS Inpost, etc.<\/p><p><strong>7. Urm\u0103rirea expedierii:<\/strong><\/p><p>Dup\u0103 primirea depozitului dvs. 10%, ve\u021bi primi un num\u0103r de urm\u0103rire \u00een termen de 5 zile. Agentul dvs. v\u0103 va informa cu privire la num\u0103rul curierului de expediere sau pute\u021bi verifica adresa dvs. de e-mail.<\/p><p><strong>8. Restric\u021bii de expediere:<\/strong><\/p><p>De\u0219i ne str\u0103duim s\u0103 oferim termene de livrare exacte, v\u0103 rug\u0103m s\u0103 fi\u021bi con\u0219tien\u021bi de faptul c\u0103 circumstan\u021bele neprev\u0103zute, cum ar fi condi\u021biile meteorologice \u0219i procedurile vamale, pot afecta termenele de expediere.<\/p><p><strong>9. Procesarea comenzilor:<\/strong><\/p><p>Odat\u0103 ce o comand\u0103 este plasat\u0103, o proces\u0103m cu aten\u021bie pentru a asigura ambalarea corect\u0103 \u0219i expedierea la timp.<\/p><p><strong>10. Acurate\u021bea adresei:<\/strong><\/p><p>V\u0103 rug\u0103m s\u0103 verifica\u021bi din nou adresa de livrare pentru acurate\u021be. Nu suntem responsabili pentru \u00eent\u00e2rzieri sau e\u0219ecuri de expediere din cauza adreselor incorecte.<\/p><p><strong>11. Responsabilit\u0103\u021bile clientului:<\/strong><\/p><p>Clien\u021bii trebuie s\u0103 furnizeze informa\u021bii exacte privind loca\u021bia geografic\u0103 pentru livrare. Nu suntem responsabili dac\u0103 nu pute\u021bi contacta persoana de livrare din motive personale.<\/p><p><strong>12. Pierderea sau \u00eent\u00e2rzierea m\u0103rfurilor:<\/strong><\/p><p>\u00cen cazul pu\u021bin probabil \u00een care un transport se pierde sau \u00eent\u00e2rzie foarte mult, v\u0103 rug\u0103m s\u0103 contacta\u021bi echipa noastr\u0103 de servicii pentru clien\u021bi sau agentul dumneavoastr\u0103. Vom efectua imediat o investiga\u021bie am\u0103nun\u021bit\u0103 pentru a rezolva problema.<\/p><p><strong>13. Actualizare expediere:<\/strong><\/p><p>R\u0103m\u00e2ne\u021bi la curent cu progresul expedierii dvs. prin notific\u0103ri prin e-mail sau contacta\u021bi agentul dvs.<\/p><p><strong>14. Contacta\u021bi-ne:<\/strong><\/p><p>Dac\u0103 ave\u021bi \u00eentreb\u0103ri sau probleme cu expedierea, echipa noastr\u0103 de servicii pentru clien\u021bi sau agen\u021bii no\u0219tri sunt \u00eentotdeauna gata s\u0103 v\u0103 ajute. V\u0103 rug\u0103m s\u0103 trimite\u021bi un e-mail la info@mirekboutique.com.<\/p><p>Prin plasarea unei comenzi la noi, recunoa\u0219te\u021bi \u0219i accepta\u021bi ace\u0219ti Termeni \u0219i condi\u021bii de expediere la nivel mondial. Ne angaj\u0103m s\u0103 v\u0103 oferim servicii excelente \u0219i o experien\u021b\u0103 de cump\u0103r\u0103turi pl\u0103cut\u0103.<\/p><p><strong>15 Despre procesul de comand\u0103<\/strong><br \/>\u00cen primul r\u00e2nd, metoda logistic\u0103 pe care o oferim este plata la livrare. Trebuie s\u0103 v\u0103 percepem un depozit 10%. Pute\u021bi pl\u0103ti depozitul prin intermediul agentului dvs. sau contact\u00e2nd personalul oficial. Dac\u0103 refuza\u021bi s\u0103 accepta\u021bi bunurile dup\u0103 ce le primi\u021bi, nu v\u0103 vom rambursa depozitul 10%. Produsele din acest magazin sunt toate produse high-end. Costurile de transport \u0219i asigurare sunt costisitoare, astfel \u00eenc\u00e2t este necesar un depozit. V\u0103 mul\u021bumim pentru \u00een\u021belegere<\/p><p><strong>V\u0103 mul\u021bumim c\u0103 ne-a\u021bi ales pentru nevoile dvs. globale de cump\u0103r\u0103turi!<\/strong><\/p>\t\t\t\t\t\t\t\t<\/div>\n\t\t\t\t<\/div>\n\t\t\t\t\t<\/div>\n\t\t\t\t<\/div>\n\t\t\t\t<\/div>","protected":false},"excerpt":{"rendered":"<p>cash on delivery COD We are proud to offer you worldwide shipping services, the following terms and conditions are designed to provide you with a perfect shopping experience. Please read the following delivery terms and conditions carefully before placing your order. 1. Worldwide delivery: We are proud to offer worldwide delivery to many countries and [&hellip;]<\/p>","protected":false},"author":1,"featured_media":0,"parent":0,"menu_order":0,"comment_status":"closed","ping_status":"closed","template":"","meta":{"_monsterinsights_skip_tracking":false,"_monsterinsights_sitenote_active":false,"_monsterinsights_sitenote_note":"","_monsterinsights_sitenote_category":0,"site-sidebar-layout":"no-sidebar","site-content-layout":"page-builder","ast-site-content-layout":"full-width-container","site-content-style":"default","site-sidebar-style":"default","ast-global-header-display":"","ast-banner-title-visibility":"","ast-main-header-display":"","ast-hfb-above-header-display":"","ast-hfb-below-header-display":"","ast-hfb-mobile-header-display":"","site-post-title":"disabled","ast-breadcrumbs-content":"","ast-featured-img":"disabled","footer-sml-layout":"","theme-transparent-header-meta":"default","adv-header-id-meta":"","stick-header-meta":"","header-above-stick-meta":"","header-main-stick-meta":"","header-below-stick-meta":"","astra-migrate-meta-layouts":"set","ast-page-background-enabled":"default","ast-page-background-meta":{"desktop":{"background-color":"var(--ast-global-color-4)","background-image":"","background-repeat":"repeat","background-position":"center center","background-size":"auto","background-attachment":"scroll","background-type":"","background-media":"","overlay-type":"","overlay-color":"","overlay-opacity":"","overlay-gradient":""},"tablet":{"background-color":"","background-image":"","background-repeat":"repeat","background-position":"center center","background-size":"auto","background-attachment":"scroll","background-type":"","background-media":"","overlay-type":"","overlay-color":"","overlay-opacity":"","overlay-gradient":""},"mobile":{"background-color":"","background-image":"","background-repeat":"repeat","background-position":"center center","background-size":"auto","background-attachment":"scroll","background-type":"","background-media":"","overlay-type":"","overlay-color":"","overlay-opacity":"","overlay-gradient":""}},"ast-content-background-meta":{"desktop":{"background-color":"var(--ast-global-color-5)","background-image":"","background-repeat":"repeat","background-position":"center center","background-size":"auto","background-attachment":"scroll","background-type":"","background-media":"","overlay-type":"","overlay-color":"","overlay-opacity":"","overlay-gradient":""},"tablet":{"background-color":"var(--ast-global-color-5)","background-image":"","background-repeat":"repeat","background-position":"center center","background-size":"auto","background-attachment":"scroll","background-type":"","background-media":"","overlay-type":"","overlay-color":"","overlay-opacity":"","overlay-gradient":""},"mobile":{"background-color":"var(--ast-global-color-5)","background-image":"","background-repeat":"repeat","background-position":"center center","background-size":"auto","background-attachment":"scroll","background-type":"","background-media":"","overlay-type":"","overlay-color":"","overlay-opacity":"","overlay-gradient":""}},"footnotes":""},"class_list":["post-591","page","type-page","status-publish","hentry"],"_links":{"self":[{"href":"https:\/\/mirekboutique.com\/ro\/wp-json\/wp\/v2\/pages\/591","targetHints":{"allow":["GET"]}}],"collection":[{"href":"https:\/\/mirekboutique.com\/ro\/wp-json\/wp\/v2\/pages"}],"about":[{"href":"https:\/\/mirekboutique.com\/ro\/wp-json\/wp\/v2\/types\/page"}],"author":[{"embeddable":true,"href":"https:\/\/mirekboutique.com\/ro\/wp-json\/wp\/v2\/users\/1"}],"replies":[{"embeddable":true,"href":"https:\/\/mirekboutique.com\/ro\/wp-json\/wp\/v2\/comments?post=591"}],"version-history":[{"count":22,"href":"https:\/\/mirekboutique.com\/ro\/wp-json\/wp\/v2\/pages\/591\/revisions"}],"predecessor-version":[{"id":2421,"href":"https:\/\/mirekboutique.com\/ro\/wp-json\/wp\/v2\/pages\/591\/revisions\/2421"}],"wp:attachment":[{"href":"https:\/\/mirekboutique.com\/ro\/wp-json\/wp\/v2\/media?parent=591"}],"curies":[{"name":"wp","href":"https:\/\/api.w.org\/{rel}","templated":true}]}}