{"id":1054,"date":"2025-05-09T01:13:54","date_gmt":"2025-05-08T17:13:54","guid":{"rendered":"https:\/\/mirekboutique.com\/?post_type=product&#038;p=1054"},"modified":"2025-05-24T19:21:47","modified_gmt":"2025-05-24T11:21:47","slug":"lq143-lb1-moonphase-11-super-clone-from-a-super-factory","status":"publish","type":"product","link":"https:\/\/mirekboutique.com\/ro\/produs\/lq143-lb1-moonphase-11-super-clone-from-a-super-factory\/","title":{"rendered":"LQ143 LB1 Moonphase 1:1 super clon\u0103 de la o super fabric\u0103"},"content":{"rendered":"<p>\ud83c\udfc5\ufe0fLB1 Ceas Moonphase, nou personalizat dintr-o singur\u0103 pies\u0103 L899.5 sincronizat rulment mic original, super stabil . Colec\u021bia Moonphase<\/p>\n<p>1\u20e3\ufe0fWatch dimensiune 40X11mm, caz de dimensiuni ambarca\u021biuni reproduce perfect ambarca\u021biunile originale.<br \/>\n2\u20e3\ufe0f M\u00e2ini din o\u021bel albastru stins \u00een form\u0103 de frunze de salcie, forma acului \u0219i m\u0103iestria sunt sincronizate cu originalul. \ud83d\udcf8<br \/>\n3\u20e3\ufe0fMovement cu o singur\u0103 pies\u0103 L899.5 mi\u0219care, care poart\u0103 original personalizat o singur\u0103 pies\u0103 mi\u0219care, stabilitatea este mult \u00eembun\u0103t\u0103\u021bit\u0103, aproape pentru a atinge 0 repara\u021bii.<br \/>\n4\ufe0f\u20e3 marginea mi\u0219c\u0103rii \u0219i cu m\u0103cinare fin\u0103 granula\u021bia Geneva. Coco\u0219ul de echilibru actualizat, elimin\u00e2nd \u0219uruburile de reglare fin\u0103. Pozi\u021bia butoiului este upgradat\u0103 scheletizat\u0103 \u0219i sincronizat\u0103 cu originalul. \ud83c\udf81 Cea mai bun\u0103 recomandare de lux pentru oferirea de cadouri \ud83d\udca5 V\u0103 rug\u0103m s\u0103 recunoa\u0219te\u021bi calitatea exclusiv\u0103 a APS \ud83d\udcf7!<\/p>","protected":false},"excerpt":{"rendered":"<p>\ud83d\udd25\ud83d\udd25Toate bunurile de pe acest site sunt replici perfecte de \u00eenalt\u0103 calitate f\u0103cute de super produc\u0103tori, noi \u0219i nedeschise, calitatea \u0219i serviciile post-v\u00e2nzare sunt garantate!<\/p>\n<p>\u2705\u2705\u2705\u2705Mirekboutique produce numai articole de \u00eenalt\u0103 calitate Toate articolele din magazinul nostru vin cu cutia original\u0103 Cutie de lemn de \u00eenalt\u0103 calitate<\/p>\n<p>\ud83c\udf39\ud83c\udf39 V\u0103 rug\u0103m s\u0103 v\u0103 asigura\u021bi c\u0103 cump\u0103ra\u021bi Toate bunurile suport\u0103 numerar la livrare V\u0103 doresc cump\u0103r\u0103turi fericite<\/p>","protected":false},"featured_media":1055,"comment_status":"open","ping_status":"closed","template":"","meta":{"_monsterinsights_skip_tracking":false,"_monsterinsights_sitenote_active":false,"_monsterinsights_sitenote_note":"","_monsterinsights_sitenote_category":0,"site-sidebar-layout":"default","site-content-layout":"","ast-site-content-layout":"default","site-content-style":"default","site-sidebar-style":"default","ast-global-header-display":"","ast-banner-title-visibility":"","ast-main-header-display":"","ast-hfb-above-header-display":"","ast-hfb-below-header-display":"","ast-hfb-mobile-header-display":"","site-post-title":"","ast-breadcrumbs-content":"","ast-featured-img":"","footer-sml-layout":"","theme-transparent-header-meta":"default","adv-header-id-meta":"","stick-header-meta":"","header-above-stick-meta":"","header-main-stick-meta":"","header-below-stick-meta":"","astra-migrate-meta-layouts":"set","ast-page-background-enabled":"default","ast-page-background-meta":{"desktop":{"background-color":"var(--ast-global-color-4)","background-image":"","background-repeat":"repeat","background-position":"center center","background-size":"auto","background-attachment":"scroll","background-type":"","background-media":"","overlay-type":"","overlay-color":"","overlay-opacity":"","overlay-gradient":""},"tablet":{"background-color":"","background-image":"","background-repeat":"repeat","background-position":"center center","background-size":"auto","background-attachment":"scroll","background-type":"","background-media":"","overlay-type":"","overlay-color":"","overlay-opacity":"","overlay-gradient":""},"mobile":{"background-color":"","background-image":"","background-repeat":"repeat","background-position":"center center","background-size":"auto","background-attachment":"scroll","background-type":"","background-media":"","overlay-type":"","overlay-color":"","overlay-opacity":"","overlay-gradient":""}},"ast-content-background-meta":{"desktop":{"background-color":"var(--ast-global-color-5)","background-image":"","background-repeat":"repeat","background-position":"center center","background-size":"auto","background-attachment":"scroll","background-type":"","background-media":"","overlay-type":"","overlay-color":"","overlay-opacity":"","overlay-gradient":""},"tablet":{"background-color":"var(--ast-global-color-5)","background-image":"","background-repeat":"repeat","background-position":"center center","background-size":"auto","background-attachment":"scroll","background-type":"","background-media":"","overlay-type":"","overlay-color":"","overlay-opacity":"","overlay-gradient":""},"mobile":{"background-color":"var(--ast-global-color-5)","background-image":"","background-repeat":"repeat","background-position":"center center","background-size":"auto","background-attachment":"scroll","background-type":"","background-media":"","overlay-type":"","overlay-color":"","overlay-opacity":"","overlay-gradient":""}}},"product_brand":[],"product_cat":[34],"product_tag":[],"class_list":{"0":"post-1054","1":"product","2":"type-product","3":"status-publish","4":"has-post-thumbnail","6":"product_cat-longines","7":"desktop-align-center","8":"tablet-align-left","9":"mobile-align-left","11":"first","12":"instock","13":"sale","14":"shipping-taxable","15":"purchasable","16":"product-type-simple"},"_links":{"self":[{"href":"https:\/\/mirekboutique.com\/ro\/wp-json\/wp\/v2\/product\/1054","targetHints":{"allow":["GET"]}}],"collection":[{"href":"https:\/\/mirekboutique.com\/ro\/wp-json\/wp\/v2\/product"}],"about":[{"href":"https:\/\/mirekboutique.com\/ro\/wp-json\/wp\/v2\/types\/product"}],"replies":[{"embeddable":true,"href":"https:\/\/mirekboutique.com\/ro\/wp-json\/wp\/v2\/comments?post=1054"}],"version-history":[{"count":1,"href":"https:\/\/mirekboutique.com\/ro\/wp-json\/wp\/v2\/product\/1054\/revisions"}],"predecessor-version":[{"id":1060,"href":"https:\/\/mirekboutique.com\/ro\/wp-json\/wp\/v2\/product\/1054\/revisions\/1060"}],"wp:featuredmedia":[{"embeddable":true,"href":"https:\/\/mirekboutique.com\/ro\/wp-json\/wp\/v2\/media\/1055"}],"wp:attachment":[{"href":"https:\/\/mirekboutique.com\/ro\/wp-json\/wp\/v2\/media?parent=1054"}],"wp:term":[{"taxonomy":"product_brand","embeddable":true,"href":"https:\/\/mirekboutique.com\/ro\/wp-json\/wp\/v2\/product_brand?post=1054"},{"taxonomy":"product_cat","embeddable":true,"href":"https:\/\/mirekboutique.com\/ro\/wp-json\/wp\/v2\/product_cat?post=1054"},{"taxonomy":"product_tag","embeddable":true,"href":"https:\/\/mirekboutique.com\/ro\/wp-json\/wp\/v2\/product_tag?post=1054"}],"curies":[{"name":"wp","href":"https:\/\/api.w.org\/{rel}","templated":true}]}}