{"id":1085,"date":"2025-05-09T01:23:55","date_gmt":"2025-05-08T17:23:55","guid":{"rendered":"https:\/\/mirekboutique.com\/?post_type=product&#038;p=1085"},"modified":"2025-05-24T19:21:46","modified_gmt":"2025-05-24T11:21:46","slug":"lq147-masterpiece-moonphase-latest-model-l2-11-super-clone","status":"publish","type":"product","link":"https:\/\/mirekboutique.com\/ro\/produs\/lq147-masterpiece-moonphase-latest-model-l2-11-super-clone\/","title":{"rendered":"LQ147 Masterpiece Moonphase Ultimul model L2 1:1 Super Clone"},"content":{"rendered":"<p>Fabrica KL a urcat din nou pe v\u00e2rful replicii cu aten\u021bie lucrate capodoper\u0103 faza lunii cele mai recente L2.773.4.78.6 ceas - mii de subtilit\u0103\u021bi, convergen\u021ba unui disc, aspectul de rafinat, excelent sentiment de vedere!<br \/>\nTrei ceasuri originale au fost achizi\u021bionate \u0219i turnate, iar me\u0219te\u0219ugul rafinat se vede pe \u00eencheietura m\u00e2inii.<br \/>\n[Case] dimensiune ceas 40mm X 14.5mm Cazul este fabricat din o\u021bel inoxidabil 316L de calitate excep\u021bional\u0103, luminos \u0219i str\u0103lucitor, prezent\u00e2nd textura original\u0103 str\u0103lucitoare a liniilor moi. C\u00e2rligele verticale \u0219i cazul turnat \u00eentr-o singur\u0103 bucat\u0103, purt\u00e2nd un aproape de m\u00e2n\u0103, extrem de confortabil!<br \/>\n[Mi\u0219care] folosind mi\u0219carea Dandong 7751 pentru a schimba mi\u0219carea original\u0103 de tip L.687, toate func\u021biile sincronizate cu originalul. Este unul dintre produsele m\u00e2ndre ale greut\u0103\u021bii interne a mi\u0219c\u0103rii \u0219i este, de asemenea, cel mai caracteristic stil clasic Longines.<br \/>\n[Literal] Faza lunii Longines restabile\u0219te cel mai \u00eenalt grad de ornamenta\u021bie \"boabe de gr\u00e2u\", imprimarea tridimensional\u0103 a sc\u0103rii arabe negre, fiecare font este o referin\u021b\u0103 strict\u0103 la stilul original, pentru a atinge \u0219i niveluri interschimbabile autentice<br \/>\n[M\u00e2ini] faza lunar\u0103 cu opt ace are opt m\u00e2ini din o\u021bel alb\u0103strui de c\u0103lire \u0219i forjare la temperaturi \u00eenalte, ad\u00e2nci \u0219i distinctive, str\u0103lucitoare. Procesul de o\u021bel alb\u0103strui este cel mai \u00eenalt nivel de m\u0103iestrie elve\u021bian\u0103, lumina de fundal profund\u0103, orbitoare la lumin\u0103!<br \/>\n[Mi\u0219care] Mi\u0219carea func\u021bioneaz\u0103 \u00een conformitate cu originalul - un amestec perfect de faz\u0103 de lun\u0103, calendar complet, 24 de ore \u0219i func\u021bii de cronograf multifunc\u021bionale, mi\u0219care mecanic\u0103 L687 cu auto-\u00eentoarcere, 28.800 vibra\u021bii pe or\u0103, p\u00e2n\u0103 la 45 de ore de rezerv\u0103 de putere!<br \/>\nFabrica KL] Fabrica KL este doar pentru a crea cea mai popular\u0103 familie familiar\u0103 Long de ceasuri de cea mai \u00eenalt\u0103 calitate, produs bogat, \u00eembun\u0103t\u0103\u021bire continu\u0103, \u00een c\u0103utarea calit\u0103\u021bii, \u00een acela\u0219i timp, de asemenea, face pia\u021ba una dintre cele mai rentabile fabrica, fiecare ceas va fi achizi\u021bionat pentru a deschide mucegai de produc\u021bie de produse noi originale, astfel \u00eenc\u00e2t ceasul de la detaliile texturii sunt perfect restaurate, aici v\u0103 mul\u021bumim pentru fiecare \u0219i fiecare om de afaceri pentru a sprijini fabrica KL \u0219i prietenii ceasului, vom continua s\u0103 lucreze din greu!<\/p>","protected":false},"excerpt":{"rendered":"<p>\ud83d\udd25\ud83d\udd25Toate bunurile de pe acest site sunt replici perfecte de \u00eenalt\u0103 calitate f\u0103cute de super produc\u0103tori, noi \u0219i nedeschise, calitatea \u0219i serviciile post-v\u00e2nzare sunt garantate!<\/p>\n<p>\u2705\u2705\u2705\u2705Mirekboutique produce numai articole de \u00eenalt\u0103 calitate Toate articolele din magazinul nostru vin cu cutia original\u0103 Cutie de lemn de \u00eenalt\u0103 calitate<\/p>\n<p>\ud83c\udf39\ud83c\udf39 V\u0103 rug\u0103m s\u0103 v\u0103 asigura\u021bi c\u0103 cump\u0103ra\u021bi Toate bunurile suport\u0103 numerar la livrare V\u0103 doresc cump\u0103r\u0103turi fericite<\/p>","protected":false},"featured_media":1086,"comment_status":"open","ping_status":"closed","template":"","meta":{"_monsterinsights_skip_tracking":false,"_monsterinsights_sitenote_active":false,"_monsterinsights_sitenote_note":"","_monsterinsights_sitenote_category":0,"site-sidebar-layout":"default","site-content-layout":"","ast-site-content-layout":"default","site-content-style":"default","site-sidebar-style":"default","ast-global-header-display":"","ast-banner-title-visibility":"","ast-main-header-display":"","ast-hfb-above-header-display":"","ast-hfb-below-header-display":"","ast-hfb-mobile-header-display":"","site-post-title":"","ast-breadcrumbs-content":"","ast-featured-img":"","footer-sml-layout":"","theme-transparent-header-meta":"default","adv-header-id-meta":"","stick-header-meta":"","header-above-stick-meta":"","header-main-stick-meta":"","header-below-stick-meta":"","astra-migrate-meta-layouts":"set","ast-page-background-enabled":"default","ast-page-background-meta":{"desktop":{"background-color":"var(--ast-global-color-4)","background-image":"","background-repeat":"repeat","background-position":"center center","background-size":"auto","background-attachment":"scroll","background-type":"","background-media":"","overlay-type":"","overlay-color":"","overlay-opacity":"","overlay-gradient":""},"tablet":{"background-color":"","background-image":"","background-repeat":"repeat","background-position":"center center","background-size":"auto","background-attachment":"scroll","background-type":"","background-media":"","overlay-type":"","overlay-color":"","overlay-opacity":"","overlay-gradient":""},"mobile":{"background-color":"","background-image":"","background-repeat":"repeat","background-position":"center center","background-size":"auto","background-attachment":"scroll","background-type":"","background-media":"","overlay-type":"","overlay-color":"","overlay-opacity":"","overlay-gradient":""}},"ast-content-background-meta":{"desktop":{"background-color":"var(--ast-global-color-5)","background-image":"","background-repeat":"repeat","background-position":"center center","background-size":"auto","background-attachment":"scroll","background-type":"","background-media":"","overlay-type":"","overlay-color":"","overlay-opacity":"","overlay-gradient":""},"tablet":{"background-color":"var(--ast-global-color-5)","background-image":"","background-repeat":"repeat","background-position":"center center","background-size":"auto","background-attachment":"scroll","background-type":"","background-media":"","overlay-type":"","overlay-color":"","overlay-opacity":"","overlay-gradient":""},"mobile":{"background-color":"var(--ast-global-color-5)","background-image":"","background-repeat":"repeat","background-position":"center center","background-size":"auto","background-attachment":"scroll","background-type":"","background-media":"","overlay-type":"","overlay-color":"","overlay-opacity":"","overlay-gradient":""}}},"product_brand":[],"product_cat":[34],"product_tag":[],"class_list":{"0":"post-1085","1":"product","2":"type-product","3":"status-publish","4":"has-post-thumbnail","6":"product_cat-longines","7":"desktop-align-center","8":"tablet-align-left","9":"mobile-align-left","11":"first","12":"instock","13":"sale","14":"shipping-taxable","15":"purchasable","16":"product-type-simple"},"_links":{"self":[{"href":"https:\/\/mirekboutique.com\/ro\/wp-json\/wp\/v2\/product\/1085","targetHints":{"allow":["GET"]}}],"collection":[{"href":"https:\/\/mirekboutique.com\/ro\/wp-json\/wp\/v2\/product"}],"about":[{"href":"https:\/\/mirekboutique.com\/ro\/wp-json\/wp\/v2\/types\/product"}],"replies":[{"embeddable":true,"href":"https:\/\/mirekboutique.com\/ro\/wp-json\/wp\/v2\/comments?post=1085"}],"version-history":[{"count":1,"href":"https:\/\/mirekboutique.com\/ro\/wp-json\/wp\/v2\/product\/1085\/revisions"}],"predecessor-version":[{"id":1091,"href":"https:\/\/mirekboutique.com\/ro\/wp-json\/wp\/v2\/product\/1085\/revisions\/1091"}],"wp:featuredmedia":[{"embeddable":true,"href":"https:\/\/mirekboutique.com\/ro\/wp-json\/wp\/v2\/media\/1086"}],"wp:attachment":[{"href":"https:\/\/mirekboutique.com\/ro\/wp-json\/wp\/v2\/media?parent=1085"}],"wp:term":[{"taxonomy":"product_brand","embeddable":true,"href":"https:\/\/mirekboutique.com\/ro\/wp-json\/wp\/v2\/product_brand?post=1085"},{"taxonomy":"product_cat","embeddable":true,"href":"https:\/\/mirekboutique.com\/ro\/wp-json\/wp\/v2\/product_cat?post=1085"},{"taxonomy":"product_tag","embeddable":true,"href":"https:\/\/mirekboutique.com\/ro\/wp-json\/wp\/v2\/product_tag?post=1085"}],"curies":[{"name":"wp","href":"https:\/\/api.w.org\/{rel}","templated":true}]}}