{"id":1175,"date":"2025-05-09T01:46:11","date_gmt":"2025-05-08T17:46:11","guid":{"rendered":"https:\/\/mirekboutique.com\/?post_type=product&#038;p=1175"},"modified":"2025-05-24T19:21:46","modified_gmt":"2025-05-24T11:21:46","slug":"omg223-omg-seamaster-worldtimer-220-30-43-22-10-001-11-super-clone","status":"publish","type":"product","link":"https:\/\/mirekboutique.com\/ro\/produs\/omg223-omg-seamaster-worldtimer-220-30-43-22-10-001-11-super-clone\/","title":{"rendered":"OMG223 Omg Seamaster Worldtimer 220.30.43.22.10.001 1:1 Super Clone"},"content":{"rendered":"<p>N1Factory<br \/>\nOmg Seamaster Worldtimer 220.30.43.22.10.001<br \/>\n1: caz: modelare \u0219ablon autentic \u0219i autentic consistent 43 diametru (cu excep\u021bia pic\u0103tur\u0103 de pres\u0103) \"cel mai\" restabili str\u0103lucirea delicat\u0103 \u0219i textura moale a cazului autentic, caz amplitudine, pentru a realiza \u0219i autentic universal coaj\u0103 set de accesorii<br \/>\n2: sticl\u0103: utilizarea exclusiv\u0103 a oglinzii din sticl\u0103 de safir rezistent\u0103 la uzur\u0103 antireflex cu arc dublu, oglind\u0103 din cristal de safir placat\u0103 cu film de cristal antireflex cu transparen\u021b\u0103 ridicat\u0103, astfel \u00eenc\u00e2t func\u021bia de citire s\u0103 ating\u0103 \"cel mai bun\"!<br \/>\n3: Literatur\u0103: culoarea cadranului a necesitat un an de amestecare a culorilor dincolo de<br \/>\n4: ac: pointer toate lustruire fin\u0103 \u0219i cuv\u00e2nt de unghii de culoare \u0219i toning autentic consistent, luminos \u0219i cuv\u00e2nt de unghii de culoare super luminoase este consecvent, lectur\u0103 f\u0103r\u0103 fric\u0103 \u00een \u00eentuneric, la revedere de pe pia\u021b\u0103 bunuri albe, efect luminos probleme inconsistente.<br \/>\n5: mi\u0219carea utilizat\u0103 \u00een mi\u0219carea 8938 mi\u0219care automat\u0103, rezerva de putere a ajuns la 48 de ore<br \/>\n6 curea: autentic deschis turnat 904 curea de o\u021bel de calitate A<br \/>\n7: Cataram\u0103: Genuine consistent 904 o\u021bel partid tip cataram\u0103, activit\u0103\u021bi lustruite particule de cap, simplu \u0219i concis, o demolare a unei uzuri numai \u00een clipirea unui ochi!<br \/>\nN1 produs de timp mondial, nivel de plafon de bun venit juc\u0103tori degustare (N1 produs trebuie s\u0103 fie bine)<\/p>","protected":false},"excerpt":{"rendered":"<p>\ud83d\udd25\ud83d\udd25Toate bunurile de pe acest site sunt replici perfecte de \u00eenalt\u0103 calitate f\u0103cute de super produc\u0103tori, noi \u0219i nedeschise, calitatea \u0219i serviciile post-v\u00e2nzare sunt garantate!<\/p>\n<p>\u2705\u2705\u2705\u2705Mirekboutique produce numai articole de \u00eenalt\u0103 calitate Toate articolele din magazinul nostru vin cu cutia original\u0103 Cutie de lemn de \u00eenalt\u0103 calitate<\/p>\n<p>\ud83c\udf39\ud83c\udf39 V\u0103 rug\u0103m s\u0103 v\u0103 asigura\u021bi c\u0103 cump\u0103ra\u021bi Toate bunurile suport\u0103 numerar la livrare V\u0103 doresc cump\u0103r\u0103turi fericite<\/p>","protected":false},"featured_media":1176,"comment_status":"open","ping_status":"closed","template":"","meta":{"_monsterinsights_skip_tracking":false,"_monsterinsights_sitenote_active":false,"_monsterinsights_sitenote_note":"","_monsterinsights_sitenote_category":0,"site-sidebar-layout":"default","site-content-layout":"","ast-site-content-layout":"default","site-content-style":"default","site-sidebar-style":"default","ast-global-header-display":"","ast-banner-title-visibility":"","ast-main-header-display":"","ast-hfb-above-header-display":"","ast-hfb-below-header-display":"","ast-hfb-mobile-header-display":"","site-post-title":"","ast-breadcrumbs-content":"","ast-featured-img":"","footer-sml-layout":"","theme-transparent-header-meta":"default","adv-header-id-meta":"","stick-header-meta":"","header-above-stick-meta":"","header-main-stick-meta":"","header-below-stick-meta":"","astra-migrate-meta-layouts":"set","ast-page-background-enabled":"default","ast-page-background-meta":{"desktop":{"background-color":"var(--ast-global-color-4)","background-image":"","background-repeat":"repeat","background-position":"center center","background-size":"auto","background-attachment":"scroll","background-type":"","background-media":"","overlay-type":"","overlay-color":"","overlay-opacity":"","overlay-gradient":""},"tablet":{"background-color":"","background-image":"","background-repeat":"repeat","background-position":"center center","background-size":"auto","background-attachment":"scroll","background-type":"","background-media":"","overlay-type":"","overlay-color":"","overlay-opacity":"","overlay-gradient":""},"mobile":{"background-color":"","background-image":"","background-repeat":"repeat","background-position":"center center","background-size":"auto","background-attachment":"scroll","background-type":"","background-media":"","overlay-type":"","overlay-color":"","overlay-opacity":"","overlay-gradient":""}},"ast-content-background-meta":{"desktop":{"background-color":"var(--ast-global-color-5)","background-image":"","background-repeat":"repeat","background-position":"center center","background-size":"auto","background-attachment":"scroll","background-type":"","background-media":"","overlay-type":"","overlay-color":"","overlay-opacity":"","overlay-gradient":""},"tablet":{"background-color":"var(--ast-global-color-5)","background-image":"","background-repeat":"repeat","background-position":"center center","background-size":"auto","background-attachment":"scroll","background-type":"","background-media":"","overlay-type":"","overlay-color":"","overlay-opacity":"","overlay-gradient":""},"mobile":{"background-color":"var(--ast-global-color-5)","background-image":"","background-repeat":"repeat","background-position":"center center","background-size":"auto","background-attachment":"scroll","background-type":"","background-media":"","overlay-type":"","overlay-color":"","overlay-opacity":"","overlay-gradient":""}}},"product_brand":[],"product_cat":[37],"product_tag":[],"class_list":{"0":"post-1175","1":"product","2":"type-product","3":"status-publish","4":"has-post-thumbnail","6":"product_cat-omega","7":"desktop-align-center","8":"tablet-align-left","9":"mobile-align-left","11":"first","12":"instock","13":"sale","14":"shipping-taxable","15":"purchasable","16":"product-type-simple"},"_links":{"self":[{"href":"https:\/\/mirekboutique.com\/ro\/wp-json\/wp\/v2\/product\/1175","targetHints":{"allow":["GET"]}}],"collection":[{"href":"https:\/\/mirekboutique.com\/ro\/wp-json\/wp\/v2\/product"}],"about":[{"href":"https:\/\/mirekboutique.com\/ro\/wp-json\/wp\/v2\/types\/product"}],"replies":[{"embeddable":true,"href":"https:\/\/mirekboutique.com\/ro\/wp-json\/wp\/v2\/comments?post=1175"}],"version-history":[{"count":1,"href":"https:\/\/mirekboutique.com\/ro\/wp-json\/wp\/v2\/product\/1175\/revisions"}],"predecessor-version":[{"id":1182,"href":"https:\/\/mirekboutique.com\/ro\/wp-json\/wp\/v2\/product\/1175\/revisions\/1182"}],"wp:featuredmedia":[{"embeddable":true,"href":"https:\/\/mirekboutique.com\/ro\/wp-json\/wp\/v2\/media\/1176"}],"wp:attachment":[{"href":"https:\/\/mirekboutique.com\/ro\/wp-json\/wp\/v2\/media?parent=1175"}],"wp:term":[{"taxonomy":"product_brand","embeddable":true,"href":"https:\/\/mirekboutique.com\/ro\/wp-json\/wp\/v2\/product_brand?post=1175"},{"taxonomy":"product_cat","embeddable":true,"href":"https:\/\/mirekboutique.com\/ro\/wp-json\/wp\/v2\/product_cat?post=1175"},{"taxonomy":"product_tag","embeddable":true,"href":"https:\/\/mirekboutique.com\/ro\/wp-json\/wp\/v2\/product_tag?post=1175"}],"curies":[{"name":"wp","href":"https:\/\/api.w.org\/{rel}","templated":true}]}}