{"id":1298,"date":"2025-05-09T02:18:10","date_gmt":"2025-05-08T18:18:10","guid":{"rendered":"https:\/\/mirekboutique.com\/?post_type=product&#038;p=1298"},"modified":"2025-05-24T19:21:44","modified_gmt":"2025-05-24T11:21:44","slug":"bd001-3kaquanaut-5167a-001-11-super-clone-from-a-super-factory","status":"publish","type":"product","link":"https:\/\/mirekboutique.com\/ro\/produs\/bd001-3kaquanaut-5167a-001-11-super-clone-from-a-super-factory\/","title":{"rendered":"BD001 3KAquanaut 5167A-001 1:1 super clon\u0103 de la o super fabric\u0103"},"content":{"rendered":"<p>3K-Factory Cel mai artizanal 3KAquanaut 5167A-001 Linia complet\u0103 ajunge Dup\u0103 trei ani, superba lucrare a lui Dumnezeu este \u00een sf\u00e2r\u0219it disponibil\u0103! O adev\u0103rat\u0103 mi\u0219care Baida Cal.324, primul zeu de acest fel, comparabil cu articolul autentic! Bine a\u021bi venit contra compara\u021bie \ud83d\ude06 \ud83d\ude06 \ud83d\ude06 produse a ie\u0219it de nic\u0103ieri Breakthrough g\u00e2ndire tradi\u021bional\u0103 pentru a face \u00eentr-adev\u0103r un produs replica comparabil cu caracteristicile produsului original (trei unice, cu adev\u0103rat non-diferite) 1.singurul de pe pia\u021b\u0103 \u0219i versiunea autentic\u0103 a dimensiunii cazului de 40mm * 8.1mm restaurare cu adev\u0103rat non-diferite de design iconic al octogonului Patek Philippe! 2. Singurul pe pia\u021b\u0103 cu aspectul mi\u0219c\u0103rii \u0219i mi\u0219carea original\u0103 324sc nici o diferen\u021b\u0103! Fie c\u0103 este vorba de aspectul mi\u0219c\u0103rii sau grosimea de a face cu adev\u0103rat nici o diferen\u021b\u0103! Accesoriile mi\u0219c\u0103rii pot fi mai interschimbabile cu originalul pentru a face replica grenad\u0103 cel mai \u00eenalt nivel! 3. Pia\u021ba este singura versiune a benzii compozite, iar \u00een articula\u021bia cu plasarea autentic\u0103 personalizat\u0103 a degetului metalic, suficient pentru a face fa\u021b\u0103 tuturor nea\u0219teptatelor. O mas\u0103 un cod] 3K \"grenad\u0103\" sunt echipate cu Patek Pe cutie de c\u0103l\u0103torie edi\u021bie limitat\u0103 \u00een timp ce stocurile ultimele o mas\u0103 o cutie Single-minded pentru a face cea mai puternic\u0103 copie!<\/p>","protected":false},"excerpt":{"rendered":"<p>\ud83d\udd25\ud83d\udd25Toate bunurile de pe acest site sunt replici perfecte de \u00eenalt\u0103 calitate f\u0103cute de super produc\u0103tori, noi \u0219i nedeschise, calitatea \u0219i serviciile post-v\u00e2nzare sunt garantate!<\/p>\n<p>\u2705\u2705\u2705\u2705Mirekboutique produce numai articole de \u00eenalt\u0103 calitate Toate articolele din magazinul nostru vin cu cutia original\u0103 Cutie de lemn de \u00eenalt\u0103 calitate<\/p>\n<p>\ud83c\udf39\ud83c\udf39 V\u0103 rug\u0103m s\u0103 v\u0103 asigura\u021bi c\u0103 cump\u0103ra\u021bi Toate bunurile suport\u0103 numerar la livrare V\u0103 doresc cump\u0103r\u0103turi fericite<\/p>","protected":false},"featured_media":1299,"comment_status":"open","ping_status":"closed","template":"","meta":{"_monsterinsights_skip_tracking":false,"_monsterinsights_sitenote_active":false,"_monsterinsights_sitenote_note":"","_monsterinsights_sitenote_category":0,"site-sidebar-layout":"default","site-content-layout":"","ast-site-content-layout":"default","site-content-style":"default","site-sidebar-style":"default","ast-global-header-display":"","ast-banner-title-visibility":"","ast-main-header-display":"","ast-hfb-above-header-display":"","ast-hfb-below-header-display":"","ast-hfb-mobile-header-display":"","site-post-title":"","ast-breadcrumbs-content":"","ast-featured-img":"","footer-sml-layout":"","theme-transparent-header-meta":"default","adv-header-id-meta":"","stick-header-meta":"","header-above-stick-meta":"","header-main-stick-meta":"","header-below-stick-meta":"","astra-migrate-meta-layouts":"set","ast-page-background-enabled":"default","ast-page-background-meta":{"desktop":{"background-color":"var(--ast-global-color-4)","background-image":"","background-repeat":"repeat","background-position":"center center","background-size":"auto","background-attachment":"scroll","background-type":"","background-media":"","overlay-type":"","overlay-color":"","overlay-opacity":"","overlay-gradient":""},"tablet":{"background-color":"","background-image":"","background-repeat":"repeat","background-position":"center center","background-size":"auto","background-attachment":"scroll","background-type":"","background-media":"","overlay-type":"","overlay-color":"","overlay-opacity":"","overlay-gradient":""},"mobile":{"background-color":"","background-image":"","background-repeat":"repeat","background-position":"center center","background-size":"auto","background-attachment":"scroll","background-type":"","background-media":"","overlay-type":"","overlay-color":"","overlay-opacity":"","overlay-gradient":""}},"ast-content-background-meta":{"desktop":{"background-color":"var(--ast-global-color-5)","background-image":"","background-repeat":"repeat","background-position":"center center","background-size":"auto","background-attachment":"scroll","background-type":"","background-media":"","overlay-type":"","overlay-color":"","overlay-opacity":"","overlay-gradient":""},"tablet":{"background-color":"var(--ast-global-color-5)","background-image":"","background-repeat":"repeat","background-position":"center center","background-size":"auto","background-attachment":"scroll","background-type":"","background-media":"","overlay-type":"","overlay-color":"","overlay-opacity":"","overlay-gradient":""},"mobile":{"background-color":"var(--ast-global-color-5)","background-image":"","background-repeat":"repeat","background-position":"center center","background-size":"auto","background-attachment":"scroll","background-type":"","background-media":"","overlay-type":"","overlay-color":"","overlay-opacity":"","overlay-gradient":""}}},"product_brand":[],"product_cat":[18],"product_tag":[],"class_list":{"0":"post-1298","1":"product","2":"type-product","3":"status-publish","4":"has-post-thumbnail","6":"product_cat-patek-philippe","7":"desktop-align-center","8":"tablet-align-left","9":"mobile-align-left","11":"first","12":"instock","13":"sale","14":"shipping-taxable","15":"purchasable","16":"product-type-simple"},"_links":{"self":[{"href":"https:\/\/mirekboutique.com\/ro\/wp-json\/wp\/v2\/product\/1298","targetHints":{"allow":["GET"]}}],"collection":[{"href":"https:\/\/mirekboutique.com\/ro\/wp-json\/wp\/v2\/product"}],"about":[{"href":"https:\/\/mirekboutique.com\/ro\/wp-json\/wp\/v2\/types\/product"}],"replies":[{"embeddable":true,"href":"https:\/\/mirekboutique.com\/ro\/wp-json\/wp\/v2\/comments?post=1298"}],"version-history":[{"count":1,"href":"https:\/\/mirekboutique.com\/ro\/wp-json\/wp\/v2\/product\/1298\/revisions"}],"predecessor-version":[{"id":1304,"href":"https:\/\/mirekboutique.com\/ro\/wp-json\/wp\/v2\/product\/1298\/revisions\/1304"}],"wp:featuredmedia":[{"embeddable":true,"href":"https:\/\/mirekboutique.com\/ro\/wp-json\/wp\/v2\/media\/1299"}],"wp:attachment":[{"href":"https:\/\/mirekboutique.com\/ro\/wp-json\/wp\/v2\/media?parent=1298"}],"wp:term":[{"taxonomy":"product_brand","embeddable":true,"href":"https:\/\/mirekboutique.com\/ro\/wp-json\/wp\/v2\/product_brand?post=1298"},{"taxonomy":"product_cat","embeddable":true,"href":"https:\/\/mirekboutique.com\/ro\/wp-json\/wp\/v2\/product_cat?post=1298"},{"taxonomy":"product_tag","embeddable":true,"href":"https:\/\/mirekboutique.com\/ro\/wp-json\/wp\/v2\/product_tag?post=1298"}],"curies":[{"name":"wp","href":"https:\/\/api.w.org\/{rel}","templated":true}]}}