{"id":1348,"date":"2025-05-09T02:35:55","date_gmt":"2025-05-08T18:35:55","guid":{"rendered":"https:\/\/mirekboutique.com\/?post_type=product&#038;p=1348"},"modified":"2025-05-24T19:21:44","modified_gmt":"2025-05-24T11:21:44","slug":"bd008-ai-fantasy-star-watch-11-super-clone","status":"publish","type":"product","link":"https:\/\/mirekboutique.com\/ro\/produs\/bd008-ai-fantasy-star-watch-11-super-clone\/","title":{"rendered":"BD008 AI Fantasy Star Watch 1:1 Super Clone"},"content":{"rendered":"<p>Ceasul AI Fantasy Star a ie\u0219it de nic\u0103ieri \u0219i s-a ridicat la \u00een\u0103l\u021bimea numelui s\u0103u: cadranul orbitei stelei reale, \u00een conformitate cu cele 745 de ore autentice ale unui cerc. Exact la fel ca autentic, cadran exclusiv cu trei straturi replica perfect\u0103 a ceasului original! Livrat cu cutie de transport contra!<br \/>\n\"Simbolul aristocra\u021biei\" PP Sky Moon Watches con\u021bine o vedere panoramic\u0103 a cerului, cel mai orbitor cer de noapte \u00eenstelat din emisfera nordic\u0103, cu un cadran unic cu trei straturi care se rote\u0219te la viteze diferite, afi\u0219\u00e2nd cu exactitate o vedere panoramic\u0103 boltit\u0103 a stelelor \u0219i a lunii care orbiteaz\u0103 pe cerul nop\u021bii. Diagrama stelar\u0103 este compus\u0103 din trei discuri diferite: dou\u0103 discuri care prezint\u0103 fundalul cerului \u00eenstelat \u0219i fazele lunii \u0219i un disc de cristal transparent care prezint\u0103 diagrama stelar\u0103 \u0219i Calea Lactee. M\u00e2inile orelor \u0219i minutelor sunt ajurate \u00een form\u0103 de frunze de salcie pe cadran, cu m\u00e2ini gri-argintiu pe cadranul albastru \u0219i m\u00e2ini de culoare crem pe cadranul negru. Centrul are o ax\u0103 central\u0103 solid\u0103, lustruit\u0103, care este \u00een concordan\u021b\u0103 cu cea original\u0103 \u0219i exclusiv\u0103. Carcasa transparent\u0103 dezv\u0103luie calibrul 240 LU CL C pearloid tourbillon cu un diametru de 38 mm, o grosime de 6,81 mm, 315 piese, 12 pun\u021bi, 45 de bijuterii, o frecven\u021b\u0103 de 28.800 de vibra\u021bii pe or\u0103, o rezerv\u0103 maxim\u0103 de putere de 48 de ore \u0219i o mas\u0103 oscilant\u0103 miniatural\u0103 descentrat\u0103 din aur de 22 de carate. Cureaua cu eliberare rapid\u0103 este o curea cusut\u0103 manual cu model de scar\u0103 p\u0103trat\u0103 de culoare str\u0103lucitoare, cu o \u00eencuietoare pliabil\u0103. M\u00e2nerul de la ora 2 pentru a regla cadranul astrologic transparent pentru a citi timpul fazelor lunii \u00een acela\u0219i timp, cadranul astrologic transparent se \u00eentoarce o dat\u0103 pe lun\u0103, m\u00e2nerul de la ora 4 pentru a regla cadranul astrologic, fereastra rotund\u0103 \u25cb pentru a afi\u0219a fazele lunii, carcasa de la ora 6 este \u00eenvelit\u0103 \u00eentr-un diamant ca originalul, care nu va c\u0103dea niciodat\u0103 din diamante! Acesta este cel mai fascinant model de ceas super-complex dezvoltat \u0219i produs de fabrica AI, purta\u021bi \u00eentregul cer \u00eenstelat pe \u00eencheietura m\u00e2inii, \u00eel merita\u021bi!<\/p>","protected":false},"excerpt":{"rendered":"<p>\ud83d\udd25\ud83d\udd25Toate bunurile de pe acest site sunt replici perfecte de \u00eenalt\u0103 calitate f\u0103cute de super produc\u0103tori, noi \u0219i nedeschise, calitatea \u0219i serviciile post-v\u00e2nzare sunt garantate!<\/p>\n<p>\u2705\u2705\u2705\u2705Mirekboutique produce numai articole de \u00eenalt\u0103 calitate Toate articolele din magazinul nostru vin cu cutia original\u0103 Cutie de lemn de \u00eenalt\u0103 calitate<\/p>\n<p>\ud83c\udf39\ud83c\udf39 V\u0103 rug\u0103m s\u0103 v\u0103 asigura\u021bi c\u0103 cump\u0103ra\u021bi Toate bunurile suport\u0103 numerar la livrare V\u0103 doresc cump\u0103r\u0103turi fericite<\/p>","protected":false},"featured_media":1349,"comment_status":"open","ping_status":"closed","template":"","meta":{"_monsterinsights_skip_tracking":false,"_monsterinsights_sitenote_active":false,"_monsterinsights_sitenote_note":"","_monsterinsights_sitenote_category":0,"site-sidebar-layout":"default","site-content-layout":"","ast-site-content-layout":"default","site-content-style":"default","site-sidebar-style":"default","ast-global-header-display":"","ast-banner-title-visibility":"","ast-main-header-display":"","ast-hfb-above-header-display":"","ast-hfb-below-header-display":"","ast-hfb-mobile-header-display":"","site-post-title":"","ast-breadcrumbs-content":"","ast-featured-img":"","footer-sml-layout":"","theme-transparent-header-meta":"default","adv-header-id-meta":"","stick-header-meta":"","header-above-stick-meta":"","header-main-stick-meta":"","header-below-stick-meta":"","astra-migrate-meta-layouts":"set","ast-page-background-enabled":"default","ast-page-background-meta":{"desktop":{"background-color":"var(--ast-global-color-4)","background-image":"","background-repeat":"repeat","background-position":"center center","background-size":"auto","background-attachment":"scroll","background-type":"","background-media":"","overlay-type":"","overlay-color":"","overlay-opacity":"","overlay-gradient":""},"tablet":{"background-color":"","background-image":"","background-repeat":"repeat","background-position":"center center","background-size":"auto","background-attachment":"scroll","background-type":"","background-media":"","overlay-type":"","overlay-color":"","overlay-opacity":"","overlay-gradient":""},"mobile":{"background-color":"","background-image":"","background-repeat":"repeat","background-position":"center center","background-size":"auto","background-attachment":"scroll","background-type":"","background-media":"","overlay-type":"","overlay-color":"","overlay-opacity":"","overlay-gradient":""}},"ast-content-background-meta":{"desktop":{"background-color":"var(--ast-global-color-5)","background-image":"","background-repeat":"repeat","background-position":"center center","background-size":"auto","background-attachment":"scroll","background-type":"","background-media":"","overlay-type":"","overlay-color":"","overlay-opacity":"","overlay-gradient":""},"tablet":{"background-color":"var(--ast-global-color-5)","background-image":"","background-repeat":"repeat","background-position":"center center","background-size":"auto","background-attachment":"scroll","background-type":"","background-media":"","overlay-type":"","overlay-color":"","overlay-opacity":"","overlay-gradient":""},"mobile":{"background-color":"var(--ast-global-color-5)","background-image":"","background-repeat":"repeat","background-position":"center center","background-size":"auto","background-attachment":"scroll","background-type":"","background-media":"","overlay-type":"","overlay-color":"","overlay-opacity":"","overlay-gradient":""}}},"product_brand":[],"product_cat":[18],"product_tag":[],"class_list":{"0":"post-1348","1":"product","2":"type-product","3":"status-publish","4":"has-post-thumbnail","6":"product_cat-patek-philippe","7":"desktop-align-center","8":"tablet-align-left","9":"mobile-align-left","11":"first","12":"instock","13":"sale","14":"shipping-taxable","15":"purchasable","16":"product-type-simple"},"_links":{"self":[{"href":"https:\/\/mirekboutique.com\/ro\/wp-json\/wp\/v2\/product\/1348","targetHints":{"allow":["GET"]}}],"collection":[{"href":"https:\/\/mirekboutique.com\/ro\/wp-json\/wp\/v2\/product"}],"about":[{"href":"https:\/\/mirekboutique.com\/ro\/wp-json\/wp\/v2\/types\/product"}],"replies":[{"embeddable":true,"href":"https:\/\/mirekboutique.com\/ro\/wp-json\/wp\/v2\/comments?post=1348"}],"version-history":[{"count":1,"href":"https:\/\/mirekboutique.com\/ro\/wp-json\/wp\/v2\/product\/1348\/revisions"}],"predecessor-version":[{"id":1354,"href":"https:\/\/mirekboutique.com\/ro\/wp-json\/wp\/v2\/product\/1348\/revisions\/1354"}],"wp:featuredmedia":[{"embeddable":true,"href":"https:\/\/mirekboutique.com\/ro\/wp-json\/wp\/v2\/media\/1349"}],"wp:attachment":[{"href":"https:\/\/mirekboutique.com\/ro\/wp-json\/wp\/v2\/media?parent=1348"}],"wp:term":[{"taxonomy":"product_brand","embeddable":true,"href":"https:\/\/mirekboutique.com\/ro\/wp-json\/wp\/v2\/product_brand?post=1348"},{"taxonomy":"product_cat","embeddable":true,"href":"https:\/\/mirekboutique.com\/ro\/wp-json\/wp\/v2\/product_cat?post=1348"},{"taxonomy":"product_tag","embeddable":true,"href":"https:\/\/mirekboutique.com\/ro\/wp-json\/wp\/v2\/product_tag?post=1348"}],"curies":[{"name":"wp","href":"https:\/\/api.w.org\/{rel}","templated":true}]}}