{"id":1369,"date":"2025-05-09T02:42:30","date_gmt":"2025-05-08T18:42:30","guid":{"rendered":"https:\/\/mirekboutique.com\/?post_type=product&#038;p=1369"},"modified":"2025-05-24T19:21:44","modified_gmt":"2025-05-24T11:21:44","slug":"bd011-pp-calatrava-11-super-clone-from-a-super-factory","status":"publish","type":"product","link":"https:\/\/mirekboutique.com\/ro\/produs\/bd011-pp-calatrava-11-super-clone-from-a-super-factory\/","title":{"rendered":"BD011 PP Calatrava 1:1 super clon\u0103 de la o super fabric\u0103"},"content":{"rendered":"<p>Nou de la fabrica PPF din Hong Kong - PP Calatrava Ref. 5226G-001 Carcasa: Colec\u021bia Calatrava este renumit\u0103 pentru forma sa rotunjit\u0103 \u0219i neted\u0103 a carcasei. Ast\u0103zi, PP a preluat aceast\u0103 caracteristic\u0103 \u0219i a reproiectat-o cu un motiv de \u0219tift parizian pe marginile laterale ale carcasei. Motivul Parisian Studded este un element clasic Patek Philippe care a fost reprodus pe modelul Calatrava Parisian Studded Ref. 6119 \u00een 2021, iar designerii au dezvoltat o construc\u021bie special\u0103 a carcasei care permite ca urechile s\u0103 fie integrate \u00een spatele carcasei, astfel \u00eenc\u00e2t crampoanele pariziene s\u0103 acopere complet partea lateral\u0103 a carcasei. fabrica Hk a modelat carcasa pentru a se potrivi cu originalul! Literatur\u0103: Cadranul gri c\u0103rbune este de inspira\u021bie vintage, cu un gradient negru \u00een jurul marginilor \u0219i o granula\u021bie subtil\u0103 care aminte\u0219te de carcasele aparatelor foto vintage. Cadranul este completat de litere tridimensionale din aur alb cu acoperire bej luminescent\u0103 \u0219i o scal\u0103 de secunde \"track\" discret\u0103. M\u00e2inile cilindrice din aur alb ale orelor \u0219i minutelor sunt acoperite cu luminescen\u021b\u0103 bej, iar fereastra datei de la ora 3 prezint\u0103 litere bej pe un fundal negru Movement: PPF Manufacture utilizeaz\u0103 calibrul de baz\u0103 9015 importat, care a fost adaptat \u0219i modernizat! Mi\u0219carea are pun\u021bi \u0219anfrenate, margini lustruite, decora\u021biuni \u00een solzi de pe\u0219te \u0219i C\u00f4tes de Gen\u00e8ve pe pun\u021bile mari \u0219i mici, gravur\u0103 \u00eencrustat\u0103 \u00een aur pe suprafe\u021bele pun\u021bilor, loca\u0219uri ale \u0219uruburilor lustruite \u0219i \u0219anfrenate \u0219i este \u0219tampilat\u0103 cu marca clasic\u0103 Patek Philippe dublu P! Curea: Noul Ref. 5226G-001 este disponibil cu dou\u0103 curele interschimbabile, una din piele de vi\u021bel de c\u0103prioar\u0103 bej \u0219i cealalt\u0103 din piele de vi\u021bel neagr\u0103 cu un model texturat \u00een relief \u0219i cus\u0103turi bej. Ambele curele sunt echipate cu cataram\u0103 din aur alb \u0219i urechi de eliberare rapid\u0103, f\u0103c\u00e2nd opera\u021biunea de \u00eenlocuire a curelei mai convenabil\u0103! Fabrica PPF nu va exploda, va continua s\u0103 se \u00eembun\u0103t\u0103\u021beasc\u0103 \u0219i va continua s\u0103 creeze copii originale de calitate ale ceasurilor pentru iubitorii de ceasuri din toate categoriile sociale.<\/p>","protected":false},"excerpt":{"rendered":"<p>\ud83d\udd25\ud83d\udd25Toate bunurile de pe acest site sunt replici perfecte de \u00eenalt\u0103 calitate f\u0103cute de super produc\u0103tori, noi \u0219i nedeschise, calitatea \u0219i serviciile post-v\u00e2nzare sunt garantate!<\/p>\n<p>\u2705\u2705\u2705\u2705Mirekboutique produce numai articole de \u00eenalt\u0103 calitate Toate articolele din magazinul nostru vin cu cutia original\u0103 Cutie de lemn de \u00eenalt\u0103 calitate<\/p>\n<p>\ud83c\udf39\ud83c\udf39 V\u0103 rug\u0103m s\u0103 v\u0103 asigura\u021bi c\u0103 cump\u0103ra\u021bi Toate bunurile suport\u0103 numerar la livrare V\u0103 doresc cump\u0103r\u0103turi fericite<\/p>","protected":false},"featured_media":1370,"comment_status":"open","ping_status":"closed","template":"","meta":{"_monsterinsights_skip_tracking":false,"_monsterinsights_sitenote_active":false,"_monsterinsights_sitenote_note":"","_monsterinsights_sitenote_category":0,"site-sidebar-layout":"default","site-content-layout":"","ast-site-content-layout":"default","site-content-style":"default","site-sidebar-style":"default","ast-global-header-display":"","ast-banner-title-visibility":"","ast-main-header-display":"","ast-hfb-above-header-display":"","ast-hfb-below-header-display":"","ast-hfb-mobile-header-display":"","site-post-title":"","ast-breadcrumbs-content":"","ast-featured-img":"","footer-sml-layout":"","theme-transparent-header-meta":"default","adv-header-id-meta":"","stick-header-meta":"","header-above-stick-meta":"","header-main-stick-meta":"","header-below-stick-meta":"","astra-migrate-meta-layouts":"set","ast-page-background-enabled":"default","ast-page-background-meta":{"desktop":{"background-color":"var(--ast-global-color-4)","background-image":"","background-repeat":"repeat","background-position":"center center","background-size":"auto","background-attachment":"scroll","background-type":"","background-media":"","overlay-type":"","overlay-color":"","overlay-opacity":"","overlay-gradient":""},"tablet":{"background-color":"","background-image":"","background-repeat":"repeat","background-position":"center center","background-size":"auto","background-attachment":"scroll","background-type":"","background-media":"","overlay-type":"","overlay-color":"","overlay-opacity":"","overlay-gradient":""},"mobile":{"background-color":"","background-image":"","background-repeat":"repeat","background-position":"center center","background-size":"auto","background-attachment":"scroll","background-type":"","background-media":"","overlay-type":"","overlay-color":"","overlay-opacity":"","overlay-gradient":""}},"ast-content-background-meta":{"desktop":{"background-color":"var(--ast-global-color-5)","background-image":"","background-repeat":"repeat","background-position":"center center","background-size":"auto","background-attachment":"scroll","background-type":"","background-media":"","overlay-type":"","overlay-color":"","overlay-opacity":"","overlay-gradient":""},"tablet":{"background-color":"var(--ast-global-color-5)","background-image":"","background-repeat":"repeat","background-position":"center center","background-size":"auto","background-attachment":"scroll","background-type":"","background-media":"","overlay-type":"","overlay-color":"","overlay-opacity":"","overlay-gradient":""},"mobile":{"background-color":"var(--ast-global-color-5)","background-image":"","background-repeat":"repeat","background-position":"center center","background-size":"auto","background-attachment":"scroll","background-type":"","background-media":"","overlay-type":"","overlay-color":"","overlay-opacity":"","overlay-gradient":""}}},"product_brand":[],"product_cat":[18],"product_tag":[],"class_list":{"0":"post-1369","1":"product","2":"type-product","3":"status-publish","4":"has-post-thumbnail","6":"product_cat-patek-philippe","7":"desktop-align-center","8":"tablet-align-left","9":"mobile-align-left","11":"first","12":"instock","13":"sale","14":"shipping-taxable","15":"purchasable","16":"product-type-simple"},"_links":{"self":[{"href":"https:\/\/mirekboutique.com\/ro\/wp-json\/wp\/v2\/product\/1369","targetHints":{"allow":["GET"]}}],"collection":[{"href":"https:\/\/mirekboutique.com\/ro\/wp-json\/wp\/v2\/product"}],"about":[{"href":"https:\/\/mirekboutique.com\/ro\/wp-json\/wp\/v2\/types\/product"}],"replies":[{"embeddable":true,"href":"https:\/\/mirekboutique.com\/ro\/wp-json\/wp\/v2\/comments?post=1369"}],"version-history":[{"count":1,"href":"https:\/\/mirekboutique.com\/ro\/wp-json\/wp\/v2\/product\/1369\/revisions"}],"predecessor-version":[{"id":1375,"href":"https:\/\/mirekboutique.com\/ro\/wp-json\/wp\/v2\/product\/1369\/revisions\/1375"}],"wp:featuredmedia":[{"embeddable":true,"href":"https:\/\/mirekboutique.com\/ro\/wp-json\/wp\/v2\/media\/1370"}],"wp:attachment":[{"href":"https:\/\/mirekboutique.com\/ro\/wp-json\/wp\/v2\/media?parent=1369"}],"wp:term":[{"taxonomy":"product_brand","embeddable":true,"href":"https:\/\/mirekboutique.com\/ro\/wp-json\/wp\/v2\/product_brand?post=1369"},{"taxonomy":"product_cat","embeddable":true,"href":"https:\/\/mirekboutique.com\/ro\/wp-json\/wp\/v2\/product_cat?post=1369"},{"taxonomy":"product_tag","embeddable":true,"href":"https:\/\/mirekboutique.com\/ro\/wp-json\/wp\/v2\/product_tag?post=1369"}],"curies":[{"name":"wp","href":"https:\/\/api.w.org\/{rel}","templated":true}]}}