{"id":1448,"date":"2025-05-09T03:06:34","date_gmt":"2025-05-08T19:06:34","guid":{"rendered":"https:\/\/mirekboutique.com\/?post_type=product&#038;p=1448"},"modified":"2025-05-24T19:34:49","modified_gmt":"2025-05-24T11:34:49","slug":"lcd184-rm12-01-gold-carbon-fiber-composite-constant-tourbillon-11-super-clone","status":"publish","type":"product","link":"https:\/\/mirekboutique.com\/ro\/produs\/lcd184-rm12-01-gold-carbon-fiber-composite-constant-tourbillon-11-super-clone\/","title":{"rendered":"LCD184 RM12-01 Gold Carbon Fiber Composite Constant Tourbillon 1:1 Super Clone"},"content":{"rendered":"<p>Richard RM52-01 tourbillon real, reinterpretarea esen\u021bei craniului R MILLE, descoperirea mai multor versiuni ale BUG, astfel \u00eenc\u00e2t majoritatea prafului de fier poate avea dimensiunea corect\u0103, mi\u0219carea adev\u0103rat\u0103, detaliile \u00een locul copiei ultra-\u00eenalte. Motive pentru a \u00eencepe:<br \/>\n1, dimensiuni apropiate: lungime, l\u0103\u021bime \u0219i grosime oficiale: 50 * 43 * 16mm, lungime, l\u0103\u021bime \u0219i grosime fabric\u0103 JB: 49.8 * 44.3 * 16.4mm;<br \/>\n2, rulmen\u021bi reali: rubinul din gura craniului este rulmentul real al tourbillonului, nu decorativ, piatra pre\u021bioas\u0103 corespunde axei centrale a tourbillonului \u00eenf\u0103\u0219urat \u00een maxilarele superioare \u0219i inferioare, ca \u0219i cum ar \u00eenghi\u021bi mingea de energie, astfel \u00eenc\u00e2t originalul a dorit s\u0103 exprime starea de spirit sci-fi pentru a fi \u00eencorporat\u0103;<br \/>\n3, detaliile sunt la locul lor: peretele interior st\u00e2ng al capacului interior al carcasei este imprimat cu acela\u0219i sigiliu de o\u021bel RM052 ca \u0219i originalul, dimensiunea \u0219i ad\u00e2ncimea angrenajelor ochiului drept sunt aproape de original, centrul bijuteriei frun\u021bii este ro\u0219iatic \u0219i translucid, cataram\u0103 mat\u0103, curea de cauciuc din materii prime importate din Thailanda;<br \/>\n4, alinierea mi\u0219c\u0103rii: datorit\u0103 loca\u021biei dimensiunii tourbillonului \u0219i a consisten\u021bei originale, din spatele spatelui craniului de sub partea din spate a capului, pute\u021bi vedea \u00een mod clar procesul de func\u021bionare a tourbillonului coaxial gem, din fa\u021b\u0103 pentru a vedea roata de echilibru neagr\u0103 este doar blocat\u0103 de f\u0103lcile craniului, l\u0103s\u00e2nd doar roata de evacuare r\u0103t\u0103cind \u00een craniul de mai jos;<br \/>\n5, at\u00e2t \u00een interior, c\u00e2t \u0219i \u00een exterior: mi\u0219carea este o mi\u0219care tourbillon adev\u0103rat\u0103 personalizat\u0103 de la Shanghai Movement Factory, iar fiecare pies\u0103 a ceasului a trecut printr-un simulator de \u00eenalt\u0103 rezisten\u021b\u0103 QE de sincronizare, \u00een plus fa\u021b\u0103 de impermeabilizarea \u00eembun\u0103t\u0103\u021bit\u0103,.<br \/>\nFabrica JB - mai atent\u0103 cu miezul! Aceasta este o alt\u0103 capodoper\u0103 dup\u0103 Double Tourbillon, RM001, Roger Dubuis King, RM053, Rolex Tourbillon, Classic Fusion! Fiecare JBFactory Tourbillon vine cu o hus\u0103 de protec\u021bie din piele gratuit\u0103.<\/p>","protected":false},"excerpt":{"rendered":"<p>\ud83d\udd25\ud83d\udd25Toate bunurile de pe acest site sunt replici perfecte de \u00eenalt\u0103 calitate f\u0103cute de super produc\u0103tori, noi \u0219i nedeschise, calitatea \u0219i serviciile post-v\u00e2nzare sunt garantate!<\/p>\n<p>\u2705\u2705\u2705\u2705Mirekboutique produce numai articole de \u00eenalt\u0103 calitate Toate articolele din magazinul nostru vin cu cutia original\u0103 Cutie de lemn de \u00eenalt\u0103 calitate<\/p>\n<p>\ud83c\udf39\ud83c\udf39 V\u0103 rug\u0103m s\u0103 v\u0103 asigura\u021bi c\u0103 cump\u0103ra\u021bi Toate bunurile suport\u0103 numerar la livrare V\u0103 doresc cump\u0103r\u0103turi fericite<\/p>","protected":false},"featured_media":1449,"comment_status":"open","ping_status":"closed","template":"","meta":{"_monsterinsights_skip_tracking":false,"_monsterinsights_sitenote_active":false,"_monsterinsights_sitenote_note":"","_monsterinsights_sitenote_category":0,"site-sidebar-layout":"default","site-content-layout":"","ast-site-content-layout":"default","site-content-style":"default","site-sidebar-style":"default","ast-global-header-display":"","ast-banner-title-visibility":"","ast-main-header-display":"","ast-hfb-above-header-display":"","ast-hfb-below-header-display":"","ast-hfb-mobile-header-display":"","site-post-title":"","ast-breadcrumbs-content":"","ast-featured-img":"","footer-sml-layout":"","theme-transparent-header-meta":"default","adv-header-id-meta":"","stick-header-meta":"","header-above-stick-meta":"","header-main-stick-meta":"","header-below-stick-meta":"","astra-migrate-meta-layouts":"set","ast-page-background-enabled":"default","ast-page-background-meta":{"desktop":{"background-color":"var(--ast-global-color-4)","background-image":"","background-repeat":"repeat","background-position":"center center","background-size":"auto","background-attachment":"scroll","background-type":"","background-media":"","overlay-type":"","overlay-color":"","overlay-opacity":"","overlay-gradient":""},"tablet":{"background-color":"","background-image":"","background-repeat":"repeat","background-position":"center center","background-size":"auto","background-attachment":"scroll","background-type":"","background-media":"","overlay-type":"","overlay-color":"","overlay-opacity":"","overlay-gradient":""},"mobile":{"background-color":"","background-image":"","background-repeat":"repeat","background-position":"center center","background-size":"auto","background-attachment":"scroll","background-type":"","background-media":"","overlay-type":"","overlay-color":"","overlay-opacity":"","overlay-gradient":""}},"ast-content-background-meta":{"desktop":{"background-color":"var(--ast-global-color-5)","background-image":"","background-repeat":"repeat","background-position":"center center","background-size":"auto","background-attachment":"scroll","background-type":"","background-media":"","overlay-type":"","overlay-color":"","overlay-opacity":"","overlay-gradient":""},"tablet":{"background-color":"var(--ast-global-color-5)","background-image":"","background-repeat":"repeat","background-position":"center center","background-size":"auto","background-attachment":"scroll","background-type":"","background-media":"","overlay-type":"","overlay-color":"","overlay-opacity":"","overlay-gradient":""},"mobile":{"background-color":"var(--ast-global-color-5)","background-image":"","background-repeat":"repeat","background-position":"center center","background-size":"auto","background-attachment":"scroll","background-type":"","background-media":"","overlay-type":"","overlay-color":"","overlay-opacity":"","overlay-gradient":""}}},"product_brand":[],"product_cat":[36],"product_tag":[],"class_list":{"0":"post-1448","1":"product","2":"type-product","3":"status-publish","4":"has-post-thumbnail","6":"product_cat-richard","7":"desktop-align-center","8":"tablet-align-left","9":"mobile-align-left","11":"first","12":"instock","13":"sale","14":"shipping-taxable","15":"purchasable","16":"product-type-simple"},"_links":{"self":[{"href":"https:\/\/mirekboutique.com\/ro\/wp-json\/wp\/v2\/product\/1448","targetHints":{"allow":["GET"]}}],"collection":[{"href":"https:\/\/mirekboutique.com\/ro\/wp-json\/wp\/v2\/product"}],"about":[{"href":"https:\/\/mirekboutique.com\/ro\/wp-json\/wp\/v2\/types\/product"}],"replies":[{"embeddable":true,"href":"https:\/\/mirekboutique.com\/ro\/wp-json\/wp\/v2\/comments?post=1448"}],"version-history":[{"count":1,"href":"https:\/\/mirekboutique.com\/ro\/wp-json\/wp\/v2\/product\/1448\/revisions"}],"predecessor-version":[{"id":1454,"href":"https:\/\/mirekboutique.com\/ro\/wp-json\/wp\/v2\/product\/1448\/revisions\/1454"}],"wp:featuredmedia":[{"embeddable":true,"href":"https:\/\/mirekboutique.com\/ro\/wp-json\/wp\/v2\/media\/1449"}],"wp:attachment":[{"href":"https:\/\/mirekboutique.com\/ro\/wp-json\/wp\/v2\/media?parent=1448"}],"wp:term":[{"taxonomy":"product_brand","embeddable":true,"href":"https:\/\/mirekboutique.com\/ro\/wp-json\/wp\/v2\/product_brand?post=1448"},{"taxonomy":"product_cat","embeddable":true,"href":"https:\/\/mirekboutique.com\/ro\/wp-json\/wp\/v2\/product_cat?post=1448"},{"taxonomy":"product_tag","embeddable":true,"href":"https:\/\/mirekboutique.com\/ro\/wp-json\/wp\/v2\/product_tag?post=1448"}],"curies":[{"name":"wp","href":"https:\/\/api.w.org\/{rel}","templated":true}]}}