{"id":1461,"date":"2025-05-09T03:14:26","date_gmt":"2025-05-08T19:14:26","guid":{"rendered":"https:\/\/mirekboutique.com\/?post_type=product&#038;p=1461"},"modified":"2025-05-24T19:34:49","modified_gmt":"2025-05-24T11:34:49","slug":"lcd186-rm055-ntpt-11-super-clone-from-a-super-factory","status":"publish","type":"product","link":"https:\/\/mirekboutique.com\/ro\/produs\/lcd186-rm055-ntpt-11-super-clone-from-a-super-factory\/","title":{"rendered":"LCD186 RM055 NTPT 1:1 super clon\u0103 de la o super fabric\u0103"},"content":{"rendered":"<p>Cea mai puternic\u0103 otrav\u0103 a ZF.fatcory - Richard RM055 NTPT este dezv\u0103luit\u0103 oficial! Noua mi\u0219care scheletat\u0103 RMUL2 \u0219i carcasa din fibr\u0103 de carbon NTPT sunt adev\u0103ratul capac al fabricii ZF!<br \/>\nCarcasa din fibr\u0103 de carbon 49.90 * 42.70 NTPT este realizat\u0103 dintr-un sistem special de control automat \u0219i \u00eempletit\u0103 cu fibre speciale de r\u0103\u0219in\u0103, iar oglinzile superioare \u0219i inferioare sunt t\u0103iate cu safir. Cu o performan\u021b\u0103 confortabil\u0103, u\u0219oar\u0103, durabil\u0103, cunoscut\u0103 sub numele de \"Formula 1 pe \u00eencheietura m\u00e2inii\".<br \/>\nNoua mi\u0219care all-in-one Caliber RMUL2 cu \u00eenc\u0103rcare manual\u0103 este fabricat\u0103 din aliaj de titan de gradul 5, echipat\u0103 cu pl\u0103ci de baz\u0103 \u0219i pun\u021bi acoperite cu PVD \u0219i tratate cu Titalyt pentru a asigura cel mai bun o\u021bel structural general, o bun\u0103 planeitate a suprafe\u021bei pieselor \u0219i func\u021bionarea perfect\u0103 a trenului de transmisie. De asemenea, are o serie de caracteristici, cum ar fi butoiul reglabil pentru \u00eenf\u0103\u0219urare, anti\u0219oc etc. Precizia \u0219i stabilitatea au atins un nivel extraordinar. (Toate angrenajele func\u021bioneaz\u0103 ca cele originale)<br \/>\nNot\u0103 \u203c\u203cZF fabrica declara\u021bie puternic\u0103, acest RM055 NTPT toate piesele \u0219i autentic interschimbabile comune, este adev\u0103ratul sens de 1:1.<\/p>","protected":false},"excerpt":{"rendered":"<p>\ud83d\udd25\ud83d\udd25Toate bunurile de pe acest site sunt replici perfecte de \u00eenalt\u0103 calitate f\u0103cute de super produc\u0103tori, noi \u0219i nedeschise, calitatea \u0219i serviciile post-v\u00e2nzare sunt garantate!<\/p>\n<p>\u2705\u2705\u2705\u2705Mirekboutique produce numai articole de \u00eenalt\u0103 calitate Toate articolele din magazinul nostru vin cu cutia original\u0103 Cutie de lemn de \u00eenalt\u0103 calitate<\/p>\n<p>\ud83c\udf39\ud83c\udf39 V\u0103 rug\u0103m s\u0103 v\u0103 asigura\u021bi c\u0103 cump\u0103ra\u021bi Toate bunurile suport\u0103 numerar la livrare V\u0103 doresc cump\u0103r\u0103turi fericite<\/p>","protected":false},"featured_media":1462,"comment_status":"open","ping_status":"closed","template":"","meta":{"_monsterinsights_skip_tracking":false,"_monsterinsights_sitenote_active":false,"_monsterinsights_sitenote_note":"","_monsterinsights_sitenote_category":0,"site-sidebar-layout":"default","site-content-layout":"","ast-site-content-layout":"default","site-content-style":"default","site-sidebar-style":"default","ast-global-header-display":"","ast-banner-title-visibility":"","ast-main-header-display":"","ast-hfb-above-header-display":"","ast-hfb-below-header-display":"","ast-hfb-mobile-header-display":"","site-post-title":"","ast-breadcrumbs-content":"","ast-featured-img":"","footer-sml-layout":"","theme-transparent-header-meta":"default","adv-header-id-meta":"","stick-header-meta":"","header-above-stick-meta":"","header-main-stick-meta":"","header-below-stick-meta":"","astra-migrate-meta-layouts":"set","ast-page-background-enabled":"default","ast-page-background-meta":{"desktop":{"background-color":"var(--ast-global-color-4)","background-image":"","background-repeat":"repeat","background-position":"center center","background-size":"auto","background-attachment":"scroll","background-type":"","background-media":"","overlay-type":"","overlay-color":"","overlay-opacity":"","overlay-gradient":""},"tablet":{"background-color":"","background-image":"","background-repeat":"repeat","background-position":"center center","background-size":"auto","background-attachment":"scroll","background-type":"","background-media":"","overlay-type":"","overlay-color":"","overlay-opacity":"","overlay-gradient":""},"mobile":{"background-color":"","background-image":"","background-repeat":"repeat","background-position":"center center","background-size":"auto","background-attachment":"scroll","background-type":"","background-media":"","overlay-type":"","overlay-color":"","overlay-opacity":"","overlay-gradient":""}},"ast-content-background-meta":{"desktop":{"background-color":"var(--ast-global-color-5)","background-image":"","background-repeat":"repeat","background-position":"center center","background-size":"auto","background-attachment":"scroll","background-type":"","background-media":"","overlay-type":"","overlay-color":"","overlay-opacity":"","overlay-gradient":""},"tablet":{"background-color":"var(--ast-global-color-5)","background-image":"","background-repeat":"repeat","background-position":"center center","background-size":"auto","background-attachment":"scroll","background-type":"","background-media":"","overlay-type":"","overlay-color":"","overlay-opacity":"","overlay-gradient":""},"mobile":{"background-color":"var(--ast-global-color-5)","background-image":"","background-repeat":"repeat","background-position":"center center","background-size":"auto","background-attachment":"scroll","background-type":"","background-media":"","overlay-type":"","overlay-color":"","overlay-opacity":"","overlay-gradient":""}}},"product_brand":[],"product_cat":[36],"product_tag":[],"class_list":{"0":"post-1461","1":"product","2":"type-product","3":"status-publish","4":"has-post-thumbnail","6":"product_cat-richard","7":"desktop-align-center","8":"tablet-align-left","9":"mobile-align-left","11":"first","12":"instock","13":"sale","14":"shipping-taxable","15":"purchasable","16":"product-type-simple"},"_links":{"self":[{"href":"https:\/\/mirekboutique.com\/ro\/wp-json\/wp\/v2\/product\/1461","targetHints":{"allow":["GET"]}}],"collection":[{"href":"https:\/\/mirekboutique.com\/ro\/wp-json\/wp\/v2\/product"}],"about":[{"href":"https:\/\/mirekboutique.com\/ro\/wp-json\/wp\/v2\/types\/product"}],"replies":[{"embeddable":true,"href":"https:\/\/mirekboutique.com\/ro\/wp-json\/wp\/v2\/comments?post=1461"}],"version-history":[{"count":1,"href":"https:\/\/mirekboutique.com\/ro\/wp-json\/wp\/v2\/product\/1461\/revisions"}],"predecessor-version":[{"id":1467,"href":"https:\/\/mirekboutique.com\/ro\/wp-json\/wp\/v2\/product\/1461\/revisions\/1467"}],"wp:featuredmedia":[{"embeddable":true,"href":"https:\/\/mirekboutique.com\/ro\/wp-json\/wp\/v2\/media\/1462"}],"wp:attachment":[{"href":"https:\/\/mirekboutique.com\/ro\/wp-json\/wp\/v2\/media?parent=1461"}],"wp:term":[{"taxonomy":"product_brand","embeddable":true,"href":"https:\/\/mirekboutique.com\/ro\/wp-json\/wp\/v2\/product_brand?post=1461"},{"taxonomy":"product_cat","embeddable":true,"href":"https:\/\/mirekboutique.com\/ro\/wp-json\/wp\/v2\/product_cat?post=1461"},{"taxonomy":"product_tag","embeddable":true,"href":"https:\/\/mirekboutique.com\/ro\/wp-json\/wp\/v2\/product_tag?post=1461"}],"curies":[{"name":"wp","href":"https:\/\/api.w.org\/{rel}","templated":true}]}}