{"id":1468,"date":"2025-05-09T03:16:13","date_gmt":"2025-05-08T19:16:13","guid":{"rendered":"https:\/\/mirekboutique.com\/?post_type=product&#038;p=1468"},"modified":"2025-05-24T19:34:49","modified_gmt":"2025-05-24T11:34:49","slug":"lcd187-rm35-02-11-super-clone","status":"publish","type":"product","link":"https:\/\/mirekboutique.com\/ro\/produs\/lcd187-rm35-02-11-super-clone\/","title":{"rendered":"LCD187 RM35-02 1:1 Super Clon\u0103"},"content":{"rendered":"<p>ZF.Factory a uimit din nou lumea ceasurilor \u0219i a deschis oficial noua etap\u0103 a RM35-02!<br \/>\n1) Cazul, ceasul este fabricat din material TPT [fibr\u0103 de cuar\u021b] de \u00eenalt\u0103 tehnologie, dimensiunea 49.94 * 44.5MM, grosimea stratului de fibr\u0103 de siliciu nu mai mare de 45\u03bcm, printr-un sistem special de control automat \u0219i o \u021bes\u0103tur\u0103 special\u0103 de fibre de r\u0103\u0219in\u0103 \u00eempletite, fibrele dintre diferitele straturi sunt \u00eempletite la un unghi de 45 de grade \u00eentr-un cuptor de \u00eenalt\u0103 temperatur\u0103 \u00een trei etape, \u00eenc\u0103lzit la 120 de grade Celsius \u0219i apoi trimis la procesarea ProArt. Turnare. Fibrele naturale de cuar\u021b sunt albe, u\u0219oare, rezistente la impact, nealergenice \u0219i rezistente la UV.<br \/>\n2) Mi\u0219carea, un nou calibru monobloc Calibre RMAL1, are o plac\u0103 de baz\u0103 \u0219i pun\u021bi din titan gradul 5 sablat, tratate cu PVD\/Titaly pentru a asigura rigiditate maxim\u0103 \u0219i suprafe\u021be netede. Balansierul caracteristic cu geometrie variabil\u0103, care poate fi \u00eenf\u0103\u0219urat mai repede sau mai \u00eencet prin ajustarea pozi\u021biei celor \u0219ase aripi diferite, are o frecven\u021b\u0103 de oscila\u021bie iner\u021bial\u0103 de 28.800 VPH \u0219i este echipat cu un sistem cu dublu baril pentru a asigura un cuplu mai mare \u0219i mai stabil. De asemenea, acesta ofer\u0103 o rezerv\u0103 de putere de 55 de ore.<br \/>\nMai mult, noul calibru dintr-o singur\u0103 pies\u0103 RMAL1 lansat de ZF este singurul de pe pia\u021b\u0103 care utilizeaz\u0103 bijuterii albe autentice deasupra \u0219i dedesubtul balan\u021bei pe o plac\u0103 de baz\u0103 dintr-o singur\u0103 pies\u0103, ceea ce este o adev\u0103rat\u0103 afacere! Aceasta este, de asemenea, cea mai mare diferen\u021b\u0103 fa\u021b\u0103 de bijuteriile patch de pe pia\u021b\u0103 (al\u021bi produc\u0103tori)! Acesta este un mare pas \u00eenainte \u00een cercetare \u0219i dezvoltare pentru ZF!<\/p>","protected":false},"excerpt":{"rendered":"<p>\ud83d\udd25\ud83d\udd25Toate bunurile de pe acest site sunt replici perfecte de \u00eenalt\u0103 calitate f\u0103cute de super produc\u0103tori, noi \u0219i nedeschise, calitatea \u0219i serviciile post-v\u00e2nzare sunt garantate!<\/p>\n<p>\u2705\u2705\u2705\u2705Mirekboutique produce numai articole de \u00eenalt\u0103 calitate Toate articolele din magazinul nostru vin cu cutia original\u0103 Cutie de lemn de \u00eenalt\u0103 calitate<\/p>\n<p>\ud83c\udf39\ud83c\udf39 V\u0103 rug\u0103m s\u0103 v\u0103 asigura\u021bi c\u0103 cump\u0103ra\u021bi Toate bunurile suport\u0103 numerar la livrare V\u0103 doresc cump\u0103r\u0103turi fericite<\/p>","protected":false},"featured_media":1469,"comment_status":"open","ping_status":"closed","template":"","meta":{"_monsterinsights_skip_tracking":false,"_monsterinsights_sitenote_active":false,"_monsterinsights_sitenote_note":"","_monsterinsights_sitenote_category":0,"site-sidebar-layout":"default","site-content-layout":"","ast-site-content-layout":"default","site-content-style":"default","site-sidebar-style":"default","ast-global-header-display":"","ast-banner-title-visibility":"","ast-main-header-display":"","ast-hfb-above-header-display":"","ast-hfb-below-header-display":"","ast-hfb-mobile-header-display":"","site-post-title":"","ast-breadcrumbs-content":"","ast-featured-img":"","footer-sml-layout":"","theme-transparent-header-meta":"default","adv-header-id-meta":"","stick-header-meta":"","header-above-stick-meta":"","header-main-stick-meta":"","header-below-stick-meta":"","astra-migrate-meta-layouts":"set","ast-page-background-enabled":"default","ast-page-background-meta":{"desktop":{"background-color":"var(--ast-global-color-4)","background-image":"","background-repeat":"repeat","background-position":"center center","background-size":"auto","background-attachment":"scroll","background-type":"","background-media":"","overlay-type":"","overlay-color":"","overlay-opacity":"","overlay-gradient":""},"tablet":{"background-color":"","background-image":"","background-repeat":"repeat","background-position":"center center","background-size":"auto","background-attachment":"scroll","background-type":"","background-media":"","overlay-type":"","overlay-color":"","overlay-opacity":"","overlay-gradient":""},"mobile":{"background-color":"","background-image":"","background-repeat":"repeat","background-position":"center center","background-size":"auto","background-attachment":"scroll","background-type":"","background-media":"","overlay-type":"","overlay-color":"","overlay-opacity":"","overlay-gradient":""}},"ast-content-background-meta":{"desktop":{"background-color":"var(--ast-global-color-5)","background-image":"","background-repeat":"repeat","background-position":"center center","background-size":"auto","background-attachment":"scroll","background-type":"","background-media":"","overlay-type":"","overlay-color":"","overlay-opacity":"","overlay-gradient":""},"tablet":{"background-color":"var(--ast-global-color-5)","background-image":"","background-repeat":"repeat","background-position":"center center","background-size":"auto","background-attachment":"scroll","background-type":"","background-media":"","overlay-type":"","overlay-color":"","overlay-opacity":"","overlay-gradient":""},"mobile":{"background-color":"var(--ast-global-color-5)","background-image":"","background-repeat":"repeat","background-position":"center center","background-size":"auto","background-attachment":"scroll","background-type":"","background-media":"","overlay-type":"","overlay-color":"","overlay-opacity":"","overlay-gradient":""}}},"product_brand":[],"product_cat":[36],"product_tag":[],"class_list":{"0":"post-1468","1":"product","2":"type-product","3":"status-publish","4":"has-post-thumbnail","6":"product_cat-richard","7":"desktop-align-center","8":"tablet-align-left","9":"mobile-align-left","11":"first","12":"instock","13":"sale","14":"shipping-taxable","15":"purchasable","16":"product-type-simple"},"_links":{"self":[{"href":"https:\/\/mirekboutique.com\/ro\/wp-json\/wp\/v2\/product\/1468","targetHints":{"allow":["GET"]}}],"collection":[{"href":"https:\/\/mirekboutique.com\/ro\/wp-json\/wp\/v2\/product"}],"about":[{"href":"https:\/\/mirekboutique.com\/ro\/wp-json\/wp\/v2\/types\/product"}],"replies":[{"embeddable":true,"href":"https:\/\/mirekboutique.com\/ro\/wp-json\/wp\/v2\/comments?post=1468"}],"version-history":[{"count":1,"href":"https:\/\/mirekboutique.com\/ro\/wp-json\/wp\/v2\/product\/1468\/revisions"}],"predecessor-version":[{"id":1474,"href":"https:\/\/mirekboutique.com\/ro\/wp-json\/wp\/v2\/product\/1468\/revisions\/1474"}],"wp:featuredmedia":[{"embeddable":true,"href":"https:\/\/mirekboutique.com\/ro\/wp-json\/wp\/v2\/media\/1469"}],"wp:attachment":[{"href":"https:\/\/mirekboutique.com\/ro\/wp-json\/wp\/v2\/media?parent=1468"}],"wp:term":[{"taxonomy":"product_brand","embeddable":true,"href":"https:\/\/mirekboutique.com\/ro\/wp-json\/wp\/v2\/product_brand?post=1468"},{"taxonomy":"product_cat","embeddable":true,"href":"https:\/\/mirekboutique.com\/ro\/wp-json\/wp\/v2\/product_cat?post=1468"},{"taxonomy":"product_tag","embeddable":true,"href":"https:\/\/mirekboutique.com\/ro\/wp-json\/wp\/v2\/product_tag?post=1468"}],"curies":[{"name":"wp","href":"https:\/\/api.w.org\/{rel}","templated":true}]}}