{"id":1701,"date":"2025-05-09T04:29:56","date_gmt":"2025-05-08T20:29:56","guid":{"rendered":"https:\/\/mirekboutique.com\/?post_type=product&#038;p=1701"},"modified":"2025-05-24T19:21:41","modified_gmt":"2025-05-24T11:21:41","slug":"js102-vc-vacheron-constantin-overseas-4500v-11-super-clone","status":"publish","type":"product","link":"https:\/\/mirekboutique.com\/ro\/produs\/js102-vc-vacheron-constantin-overseas-4500v-11-super-clone\/","title":{"rendered":"JS102 VC Vacheron Constantin Overseas 4500V 1:1 Super Clon\u0103"},"content":{"rendered":"<p>VC Vacheron Constantin Overseas 4500V (unul dintre cei trei regi ai o\u021belului din lumea ceasurilor)<br \/>\nUn ceas clasic din o\u021bel de cel mai \u00eenalt nivel de lux Carcasa din o\u021bel de 41MM, cu linii netede \u0219i textur\u0103 delicat\u0103, este perfect fixat\u0103 pe br\u0103\u021bar\u0103, cu logo-ul Vacheron Constantin Crucea Maltez\u0103 imprimat pe spatele br\u0103\u021b\u0103rii, \u0219i este echipat\u0103 cu un dispozitiv antimagnet \u0219i o coroan\u0103 cu \u0219urub, care este imun\u0103 la interferen\u021bele magnetice \u0219i garanteaz\u0103 precizia. Cadranul periat Sunburst cu margini catifelate ofer\u0103 o culoare profund\u0103 sau dinamic\u0103 \u00een func\u021bie de lumin\u0103 \u0219i unghi. \"Miezul\" Sigiliului de la Geneva este sus\u021binut de o mi\u0219care mecanic\u0103 automat\u0103 Cal.5100 cu 172 de piese \u0219i un butoi dublu, care garanteaz\u0103 o rezerv\u0103 de putere de 60 de ore, \u00een conformitate cu articolul autentic, \u0219i gravat cu Sigiliul de la Geneva pentru precizie. Lansarea celor dou\u0103 \"curea\" \u00een \u0219i din diversitatea de alegere este de a da naveta vertical\u0103 \u0219i orizontal\u0103 invincibil, curea de o\u021bel greu, band\u0103 u\u0219oar\u0103. Set de afaceri sportive \u0219i de agrement \u00eentr-unul singur. Este cu adev\u0103rat ultima genera\u021bie de ceasuri care eviden\u021biaz\u0103 spiritul Indomitable.<br \/>\nMKS este dedicat fiec\u0103rui detaliu! \u26a0\ufe0f\u26a0\ufe0f\u26a0\ufe0f<\/p>","protected":false},"excerpt":{"rendered":"<p>\ud83d\udd25\ud83d\udd25Toate bunurile de pe acest site sunt replici perfecte de \u00eenalt\u0103 calitate f\u0103cute de super produc\u0103tori, noi \u0219i nedeschise, calitatea \u0219i serviciile post-v\u00e2nzare sunt garantate!<\/p>\n<p>\u2705\u2705\u2705\u2705Mirekboutique produce numai articole de \u00eenalt\u0103 calitate Toate articolele din magazinul nostru vin cu cutia original\u0103 Cutie de lemn de \u00eenalt\u0103 calitate<\/p>\n<p>\ud83c\udf39\ud83c\udf39 V\u0103 rug\u0103m s\u0103 v\u0103 asigura\u021bi c\u0103 cump\u0103ra\u021bi Toate bunurile suport\u0103 numerar la livrare V\u0103 doresc cump\u0103r\u0103turi fericite<\/p>","protected":false},"featured_media":1702,"comment_status":"open","ping_status":"closed","template":"","meta":{"_monsterinsights_skip_tracking":false,"_monsterinsights_sitenote_active":false,"_monsterinsights_sitenote_note":"","_monsterinsights_sitenote_category":0,"site-sidebar-layout":"default","site-content-layout":"","ast-site-content-layout":"default","site-content-style":"default","site-sidebar-style":"default","ast-global-header-display":"","ast-banner-title-visibility":"","ast-main-header-display":"","ast-hfb-above-header-display":"","ast-hfb-below-header-display":"","ast-hfb-mobile-header-display":"","site-post-title":"","ast-breadcrumbs-content":"","ast-featured-img":"","footer-sml-layout":"","theme-transparent-header-meta":"default","adv-header-id-meta":"","stick-header-meta":"","header-above-stick-meta":"","header-main-stick-meta":"","header-below-stick-meta":"","astra-migrate-meta-layouts":"set","ast-page-background-enabled":"default","ast-page-background-meta":{"desktop":{"background-color":"var(--ast-global-color-4)","background-image":"","background-repeat":"repeat","background-position":"center center","background-size":"auto","background-attachment":"scroll","background-type":"","background-media":"","overlay-type":"","overlay-color":"","overlay-opacity":"","overlay-gradient":""},"tablet":{"background-color":"","background-image":"","background-repeat":"repeat","background-position":"center center","background-size":"auto","background-attachment":"scroll","background-type":"","background-media":"","overlay-type":"","overlay-color":"","overlay-opacity":"","overlay-gradient":""},"mobile":{"background-color":"","background-image":"","background-repeat":"repeat","background-position":"center center","background-size":"auto","background-attachment":"scroll","background-type":"","background-media":"","overlay-type":"","overlay-color":"","overlay-opacity":"","overlay-gradient":""}},"ast-content-background-meta":{"desktop":{"background-color":"var(--ast-global-color-5)","background-image":"","background-repeat":"repeat","background-position":"center center","background-size":"auto","background-attachment":"scroll","background-type":"","background-media":"","overlay-type":"","overlay-color":"","overlay-opacity":"","overlay-gradient":""},"tablet":{"background-color":"var(--ast-global-color-5)","background-image":"","background-repeat":"repeat","background-position":"center center","background-size":"auto","background-attachment":"scroll","background-type":"","background-media":"","overlay-type":"","overlay-color":"","overlay-opacity":"","overlay-gradient":""},"mobile":{"background-color":"var(--ast-global-color-5)","background-image":"","background-repeat":"repeat","background-position":"center center","background-size":"auto","background-attachment":"scroll","background-type":"","background-media":"","overlay-type":"","overlay-color":"","overlay-opacity":"","overlay-gradient":""}}},"product_brand":[],"product_cat":[22],"product_tag":[],"class_list":{"0":"post-1701","1":"product","2":"type-product","3":"status-publish","4":"has-post-thumbnail","6":"product_cat-vacheron-constantin","7":"desktop-align-center","8":"tablet-align-left","9":"mobile-align-left","11":"first","12":"instock","13":"sale","14":"shipping-taxable","15":"purchasable","16":"product-type-simple"},"_links":{"self":[{"href":"https:\/\/mirekboutique.com\/ro\/wp-json\/wp\/v2\/product\/1701","targetHints":{"allow":["GET"]}}],"collection":[{"href":"https:\/\/mirekboutique.com\/ro\/wp-json\/wp\/v2\/product"}],"about":[{"href":"https:\/\/mirekboutique.com\/ro\/wp-json\/wp\/v2\/types\/product"}],"replies":[{"embeddable":true,"href":"https:\/\/mirekboutique.com\/ro\/wp-json\/wp\/v2\/comments?post=1701"}],"version-history":[{"count":1,"href":"https:\/\/mirekboutique.com\/ro\/wp-json\/wp\/v2\/product\/1701\/revisions"}],"predecessor-version":[{"id":1707,"href":"https:\/\/mirekboutique.com\/ro\/wp-json\/wp\/v2\/product\/1701\/revisions\/1707"}],"wp:featuredmedia":[{"embeddable":true,"href":"https:\/\/mirekboutique.com\/ro\/wp-json\/wp\/v2\/media\/1702"}],"wp:attachment":[{"href":"https:\/\/mirekboutique.com\/ro\/wp-json\/wp\/v2\/media?parent=1701"}],"wp:term":[{"taxonomy":"product_brand","embeddable":true,"href":"https:\/\/mirekboutique.com\/ro\/wp-json\/wp\/v2\/product_brand?post=1701"},{"taxonomy":"product_cat","embeddable":true,"href":"https:\/\/mirekboutique.com\/ro\/wp-json\/wp\/v2\/product_cat?post=1701"},{"taxonomy":"product_tag","embeddable":true,"href":"https:\/\/mirekboutique.com\/ro\/wp-json\/wp\/v2\/product_tag?post=1701"}],"curies":[{"name":"wp","href":"https:\/\/api.w.org\/{rel}","templated":true}]}}