{"id":1773,"date":"2025-05-09T04:50:38","date_gmt":"2025-05-08T20:50:38","guid":{"rendered":"https:\/\/mirekboutique.com\/?post_type=product&#038;p=1773"},"modified":"2025-05-24T19:21:40","modified_gmt":"2025-05-24T11:21:40","slug":"js114-vc-historical-masterpiece-series-%f0%9f%8e%aeot2-american-1921-11-super-clone","status":"publish","type":"product","link":"https:\/\/mirekboutique.com\/ro\/produs\/js114-vc-historical-masterpiece-series-%f0%9f%8e%aeot2-american-1921-11-super-clone\/","title":{"rendered":"JS114 VC Historical Masterpiece Series \ud83c\udfaeOT2 American 1921 1:1 Super Clone"},"content":{"rendered":"<p>VC Historical Masterpiece Series \ud83c\udfaeOT2 American 1921<br \/>\nEchipat cu mi\u0219carea Danton 2824 cu dou\u0103 m\u00e2ini \u0219i jum\u0103tate<br \/>\n1\ufe0f\u20e3Unique carcas\u0103 \u00een form\u0103 de pern\u0103, cu diametrul de 40 mm, bazat\u0103 pe designul timpuriu al carcasei \u00een form\u0103 de pern\u0103, combin\u00e2nd materialele nobile actuale, me\u0219te\u0219ugul \u0219i conceptele estetice, reinvent\u00e2nd clasicul;<br \/>\n2\ufe0f\u20e3 Coroana este decentrat\u0103 \u00een col\u021bul din dreapta sus al carcasei pentru o potrivire mai confortabil\u0103, inspirat\u0103 \u0219i de ceasurile anterioare \u00een form\u0103 de pern\u0103; \ud83c\udfae<br \/>\nIndicii 3\ufe0f\u20e3Dial sunt aranja\u021bi \u00een diagonal\u0103 cu referire la carcas\u0103, o caracteristic\u0103 distinctiv\u0103, iar cadranul este eviden\u021biat de o cruce maltez\u0103 din aur roz lustruit la ora 12;<br \/>\n4\ufe0f\u20e3 M\u00e2inile orelor \u0219i ale minutelor oxidate negru \u0219i o m\u00e2n\u0103 mic\u0103 a secundelor oxidat\u0103 negru \u00een form\u0103 de bar\u0103, elegant\u0103 \u0219i \u0219ic.<br \/>\n\ufe0f 5\ufe0f\u20e3 Caseback-ul are o carcas\u0103 transparent\u0103 din cristal de safir care se \u00een\u0219urubeaz\u0103 pentru a permite s\u0103 se vad\u0103 finisarea rafinat\u0103 a mi\u0219c\u0103rii VC top. \u00cen plus, ceasul este prev\u0103zut cu o curea p\u0103trat\u0103 din piele de vi\u021bel cusut\u0103 manual, cu o cataram\u0103 cu \u0219tift cu design de jum\u0103tate de cruce maltez\u0103 lustruit\u0103. \ud83c\udfaeSJ ceasuri mecanice atent recomandate pentru b\u0103ie\u021bi<\/p>","protected":false},"excerpt":{"rendered":"<p>\ud83d\udd25\ud83d\udd25Toate bunurile de pe acest site sunt replici perfecte de \u00eenalt\u0103 calitate f\u0103cute de super produc\u0103tori, noi \u0219i nedeschise, calitatea \u0219i serviciile post-v\u00e2nzare sunt garantate!<\/p>\n<p>\u2705\u2705\u2705\u2705Mirekboutique produce numai articole de \u00eenalt\u0103 calitate Toate articolele din magazinul nostru vin cu cutia original\u0103 Cutie de lemn de \u00eenalt\u0103 calitate<\/p>\n<p>\ud83c\udf39\ud83c\udf39 V\u0103 rug\u0103m s\u0103 v\u0103 asigura\u021bi c\u0103 cump\u0103ra\u021bi Toate bunurile suport\u0103 numerar la livrare V\u0103 doresc cump\u0103r\u0103turi fericite<\/p>","protected":false},"featured_media":1774,"comment_status":"open","ping_status":"closed","template":"","meta":{"_monsterinsights_skip_tracking":false,"_monsterinsights_sitenote_active":false,"_monsterinsights_sitenote_note":"","_monsterinsights_sitenote_category":0,"site-sidebar-layout":"default","site-content-layout":"","ast-site-content-layout":"default","site-content-style":"default","site-sidebar-style":"default","ast-global-header-display":"","ast-banner-title-visibility":"","ast-main-header-display":"","ast-hfb-above-header-display":"","ast-hfb-below-header-display":"","ast-hfb-mobile-header-display":"","site-post-title":"","ast-breadcrumbs-content":"","ast-featured-img":"","footer-sml-layout":"","ast-disable-related-posts":"","theme-transparent-header-meta":"default","adv-header-id-meta":"","stick-header-meta":"","header-above-stick-meta":"","header-main-stick-meta":"","header-below-stick-meta":"","astra-migrate-meta-layouts":"set","ast-page-background-enabled":"default","ast-page-background-meta":{"desktop":{"background-color":"var(--ast-global-color-4)","background-image":"","background-repeat":"repeat","background-position":"center center","background-size":"auto","background-attachment":"scroll","background-type":"","background-media":"","overlay-type":"","overlay-color":"","overlay-opacity":"","overlay-gradient":""},"tablet":{"background-color":"","background-image":"","background-repeat":"repeat","background-position":"center center","background-size":"auto","background-attachment":"scroll","background-type":"","background-media":"","overlay-type":"","overlay-color":"","overlay-opacity":"","overlay-gradient":""},"mobile":{"background-color":"","background-image":"","background-repeat":"repeat","background-position":"center center","background-size":"auto","background-attachment":"scroll","background-type":"","background-media":"","overlay-type":"","overlay-color":"","overlay-opacity":"","overlay-gradient":""}},"ast-content-background-meta":{"desktop":{"background-color":"var(--ast-global-color-5)","background-image":"","background-repeat":"repeat","background-position":"center center","background-size":"auto","background-attachment":"scroll","background-type":"","background-media":"","overlay-type":"","overlay-color":"","overlay-opacity":"","overlay-gradient":""},"tablet":{"background-color":"var(--ast-global-color-5)","background-image":"","background-repeat":"repeat","background-position":"center center","background-size":"auto","background-attachment":"scroll","background-type":"","background-media":"","overlay-type":"","overlay-color":"","overlay-opacity":"","overlay-gradient":""},"mobile":{"background-color":"var(--ast-global-color-5)","background-image":"","background-repeat":"repeat","background-position":"center center","background-size":"auto","background-attachment":"scroll","background-type":"","background-media":"","overlay-type":"","overlay-color":"","overlay-opacity":"","overlay-gradient":""}}},"product_brand":[],"product_cat":[22],"product_tag":[],"class_list":{"0":"post-1773","1":"product","2":"type-product","3":"status-publish","4":"has-post-thumbnail","6":"product_cat-vacheron-constantin","7":"desktop-align-center","8":"tablet-align-left","9":"mobile-align-left","11":"first","12":"instock","13":"sale","14":"shipping-taxable","15":"purchasable","16":"product-type-simple"},"_links":{"self":[{"href":"https:\/\/mirekboutique.com\/ro\/wp-json\/wp\/v2\/product\/1773","targetHints":{"allow":["GET"]}}],"collection":[{"href":"https:\/\/mirekboutique.com\/ro\/wp-json\/wp\/v2\/product"}],"about":[{"href":"https:\/\/mirekboutique.com\/ro\/wp-json\/wp\/v2\/types\/product"}],"replies":[{"embeddable":true,"href":"https:\/\/mirekboutique.com\/ro\/wp-json\/wp\/v2\/comments?post=1773"}],"version-history":[{"count":1,"href":"https:\/\/mirekboutique.com\/ro\/wp-json\/wp\/v2\/product\/1773\/revisions"}],"predecessor-version":[{"id":1779,"href":"https:\/\/mirekboutique.com\/ro\/wp-json\/wp\/v2\/product\/1773\/revisions\/1779"}],"wp:featuredmedia":[{"embeddable":true,"href":"https:\/\/mirekboutique.com\/ro\/wp-json\/wp\/v2\/media\/1774"}],"wp:attachment":[{"href":"https:\/\/mirekboutique.com\/ro\/wp-json\/wp\/v2\/media?parent=1773"}],"wp:term":[{"taxonomy":"product_brand","embeddable":true,"href":"https:\/\/mirekboutique.com\/ro\/wp-json\/wp\/v2\/product_brand?post=1773"},{"taxonomy":"product_cat","embeddable":true,"href":"https:\/\/mirekboutique.com\/ro\/wp-json\/wp\/v2\/product_cat?post=1773"},{"taxonomy":"product_tag","embeddable":true,"href":"https:\/\/mirekboutique.com\/ro\/wp-json\/wp\/v2\/product_tag?post=1773"}],"curies":[{"name":"wp","href":"https:\/\/api.w.org\/{rel}","templated":true}]}}