{"id":1883,"date":"2025-05-09T05:26:15","date_gmt":"2025-05-08T21:26:15","guid":{"rendered":"https:\/\/mirekboutique.com\/?post_type=product&#038;p=1883"},"modified":"2025-05-24T19:38:54","modified_gmt":"2025-05-24T11:38:54","slug":"bgl623-11-super-clone-from-a-super-factory","status":"publish","type":"product","link":"https:\/\/mirekboutique.com\/ro\/produs\/bgl623-11-super-clone-from-a-super-factory\/","title":{"rendered":"BGL623 1:1 super clon\u0103 de la o super fabric\u0103"},"content":{"rendered":"<p>\ud83d\udd39[v versiunea de aur].<br \/>\nBv Collection Colier fust\u0103 Colier carnelian Lovitur\u0103 exclusiv\u0103 recunoscut\u0103!<br \/>\nMatri\u021b\u0103 original\u0103 deschis\u0103, colierul de fust\u0103 Bvlgari al familiei mele sub lup\u0103 \ud83d\udd0d detaliu:<br \/>\n1: Materialul produsului: v material de aur! Electroplacarea beneficiilor de aur gros nu este u\u0219or de estompat, iar versiunea de pia\u021b\u0103 a aurului obi\u0219nuit de electroplacare general\u0103, luciu de aur obi\u0219nuit \u0219i luminozitate va fi mai r\u0103u, cump\u0103r\u0103torii pot lua pia\u021ba cea mai \u00eenalt\u0103 versiune a compara\u021biei, luciu nu este cu siguran\u021b\u0103 mai bun\u0103 dec\u00e2t casa noastr\u0103!!!!<br \/>\n2: (luminozitate bun\u0103 a suprafe\u021bei, stabilit\u0103 ferm, f\u0103r\u0103 zg\u00e2rieturi cr\u0103p\u0103turi). \u0218i bunuri de pia\u021b\u0103 folosind imita\u021bie de piatr\u0103 (textura moale, u\u0219or de a avea urme, defecte mai mult).<br \/>\n3: casa mea este imprimarea original\u0103 a cuv\u00e2ntului contor (folosind gravarea prin turnare, cu o matri\u021b\u0103 de gravur\u0103 o singur\u0103 dat\u0103, dimensiunea imprim\u0103rii cuv\u00e2ntului, ad\u00e2ncimea contorului cu aceea\u0219i, fundul neted), niciodat\u0103 cuv\u00e2ntul laser obi\u0219nuit cu laser de pe pia\u021b\u0103 (gravarea este superficial\u0103, fundul fontului are o textur\u0103 mat\u0103, fundul bumpy)<\/p>","protected":false},"excerpt":{"rendered":"<p>\ud83d\udd25\ud83d\udd25Toate bunurile de pe acest site sunt replici perfecte de \u00eenalt\u0103 calitate f\u0103cute de super produc\u0103tori, noi \u0219i nedeschise, calitatea \u0219i serviciile post-v\u00e2nzare sunt garantate!<\/p>\n<p>\u2705\u2705\u2705\u2705Mirekboutique produce numai articole de \u00eenalt\u0103 calitate Toate articolele din magazinul nostru vin cu cutia original\u0103 Cutie de lemn de \u00eenalt\u0103 calitate<\/p>\n<p>\ud83c\udf39\ud83c\udf39 V\u0103 rug\u0103m s\u0103 v\u0103 asigura\u021bi c\u0103 cump\u0103ra\u021bi Toate bunurile suport\u0103 numerar la livrare V\u0103 doresc cump\u0103r\u0103turi fericite<\/p>","protected":false},"featured_media":1884,"comment_status":"open","ping_status":"closed","template":"","meta":{"_monsterinsights_skip_tracking":false,"_monsterinsights_sitenote_active":false,"_monsterinsights_sitenote_note":"","_monsterinsights_sitenote_category":0,"site-sidebar-layout":"default","site-content-layout":"","ast-site-content-layout":"default","site-content-style":"default","site-sidebar-style":"default","ast-global-header-display":"","ast-banner-title-visibility":"","ast-main-header-display":"","ast-hfb-above-header-display":"","ast-hfb-below-header-display":"","ast-hfb-mobile-header-display":"","site-post-title":"","ast-breadcrumbs-content":"","ast-featured-img":"","footer-sml-layout":"","theme-transparent-header-meta":"default","adv-header-id-meta":"","stick-header-meta":"","header-above-stick-meta":"","header-main-stick-meta":"","header-below-stick-meta":"","astra-migrate-meta-layouts":"set","ast-page-background-enabled":"default","ast-page-background-meta":{"desktop":{"background-color":"var(--ast-global-color-4)","background-image":"","background-repeat":"repeat","background-position":"center center","background-size":"auto","background-attachment":"scroll","background-type":"","background-media":"","overlay-type":"","overlay-color":"","overlay-opacity":"","overlay-gradient":""},"tablet":{"background-color":"","background-image":"","background-repeat":"repeat","background-position":"center center","background-size":"auto","background-attachment":"scroll","background-type":"","background-media":"","overlay-type":"","overlay-color":"","overlay-opacity":"","overlay-gradient":""},"mobile":{"background-color":"","background-image":"","background-repeat":"repeat","background-position":"center center","background-size":"auto","background-attachment":"scroll","background-type":"","background-media":"","overlay-type":"","overlay-color":"","overlay-opacity":"","overlay-gradient":""}},"ast-content-background-meta":{"desktop":{"background-color":"var(--ast-global-color-5)","background-image":"","background-repeat":"repeat","background-position":"center center","background-size":"auto","background-attachment":"scroll","background-type":"","background-media":"","overlay-type":"","overlay-color":"","overlay-opacity":"","overlay-gradient":""},"tablet":{"background-color":"var(--ast-global-color-5)","background-image":"","background-repeat":"repeat","background-position":"center center","background-size":"auto","background-attachment":"scroll","background-type":"","background-media":"","overlay-type":"","overlay-color":"","overlay-opacity":"","overlay-gradient":""},"mobile":{"background-color":"var(--ast-global-color-5)","background-image":"","background-repeat":"repeat","background-position":"center center","background-size":"auto","background-attachment":"scroll","background-type":"","background-media":"","overlay-type":"","overlay-color":"","overlay-opacity":"","overlay-gradient":""}}},"product_brand":[],"product_cat":[41],"product_tag":[],"class_list":{"0":"post-1883","1":"product","2":"type-product","3":"status-publish","4":"has-post-thumbnail","6":"product_cat-bracelets-necklaces","7":"desktop-align-center","8":"tablet-align-left","9":"mobile-align-left","11":"first","12":"instock","13":"sale","14":"shipping-taxable","15":"purchasable","16":"product-type-simple"},"_links":{"self":[{"href":"https:\/\/mirekboutique.com\/ro\/wp-json\/wp\/v2\/product\/1883","targetHints":{"allow":["GET"]}}],"collection":[{"href":"https:\/\/mirekboutique.com\/ro\/wp-json\/wp\/v2\/product"}],"about":[{"href":"https:\/\/mirekboutique.com\/ro\/wp-json\/wp\/v2\/types\/product"}],"replies":[{"embeddable":true,"href":"https:\/\/mirekboutique.com\/ro\/wp-json\/wp\/v2\/comments?post=1883"}],"version-history":[{"count":1,"href":"https:\/\/mirekboutique.com\/ro\/wp-json\/wp\/v2\/product\/1883\/revisions"}],"predecessor-version":[{"id":1890,"href":"https:\/\/mirekboutique.com\/ro\/wp-json\/wp\/v2\/product\/1883\/revisions\/1890"}],"wp:featuredmedia":[{"embeddable":true,"href":"https:\/\/mirekboutique.com\/ro\/wp-json\/wp\/v2\/media\/1884"}],"wp:attachment":[{"href":"https:\/\/mirekboutique.com\/ro\/wp-json\/wp\/v2\/media?parent=1883"}],"wp:term":[{"taxonomy":"product_brand","embeddable":true,"href":"https:\/\/mirekboutique.com\/ro\/wp-json\/wp\/v2\/product_brand?post=1883"},{"taxonomy":"product_cat","embeddable":true,"href":"https:\/\/mirekboutique.com\/ro\/wp-json\/wp\/v2\/product_cat?post=1883"},{"taxonomy":"product_tag","embeddable":true,"href":"https:\/\/mirekboutique.com\/ro\/wp-json\/wp\/v2\/product_tag?post=1883"}],"curies":[{"name":"wp","href":"https:\/\/api.w.org\/{rel}","templated":true}]}}