{"id":690,"date":"2025-05-08T23:06:00","date_gmt":"2025-05-08T15:06:00","guid":{"rendered":"https:\/\/mirekboutique.com\/?post_type=product&#038;p=690"},"modified":"2025-05-24T19:21:50","modified_gmt":"2025-05-24T11:21:50","slug":"ab262-high-end-factory-made","status":"publish","type":"product","link":"https:\/\/mirekboutique.com\/ro\/produs\/ab262-high-end-factory-made\/","title":{"rendered":"AB262 Fabricat \u00een fabric\u0103 high-end"},"content":{"rendered":"<p>\ud83c\udf10 Royal Oak Series noul cronograf 26240, folosind la fel ca \u0219i cel autentic (pozi\u021bia cu 6 litere secunde mici Mi\u0219carea Bottom-transparent Caliber4401 mi\u0219care de cronograf), cu sticl\u0103 anti-orbire safir de \u00eenalt\u0103 transparen\u021b\u0103 Cadran decorat cu modelul clasic Grande Tapisserie \u00een carouri mari O\u021bel inoxidabil 316 cu satin periat \u0219i lustruit alternativ, prezent\u00e2nd mat \u0219i O\u021belul inoxidabil 316 este alternativ satinat-brushing \u0219i lustruit pentru a da un efect mat \u0219i lucios. Cadranul robust \u0219i atmosferic de 41 mm este puternic \u0219i puternic, iar afi\u0219ajul super luminescent face posibil\u0103 citirea orei \u00een orice mediu.<\/p>","protected":false},"excerpt":{"rendered":"<p>\ud83d\udd25\ud83d\udd25Toate bunurile de pe acest site sunt replici perfecte de \u00eenalt\u0103 calitate f\u0103cute de super produc\u0103tori, noi \u0219i nedeschise, calitatea \u0219i serviciile post-v\u00e2nzare sunt garantate!<\/p>\n<p>\u2705\u2705Mirekboutique produce numai bunuri de \u00eenalt\u0103 calitate<\/p>\n<p>\ud83c\udf39\ud83c\udf39 V\u0103 rug\u0103m s\u0103 v\u0103 asigura\u021bi c\u0103 cump\u0103ra\u021bi Toate bunurile suport\u0103 numerar la livrare V\u0103 doresc cump\u0103r\u0103turi fericite<\/p>","protected":false},"featured_media":691,"comment_status":"open","ping_status":"closed","template":"","meta":{"_monsterinsights_skip_tracking":false,"_monsterinsights_sitenote_active":false,"_monsterinsights_sitenote_note":"","_monsterinsights_sitenote_category":0,"site-sidebar-layout":"default","site-content-layout":"","ast-site-content-layout":"default","site-content-style":"default","site-sidebar-style":"default","ast-global-header-display":"","ast-banner-title-visibility":"","ast-main-header-display":"","ast-hfb-above-header-display":"","ast-hfb-below-header-display":"","ast-hfb-mobile-header-display":"","site-post-title":"","ast-breadcrumbs-content":"","ast-featured-img":"","footer-sml-layout":"","ast-disable-related-posts":"","theme-transparent-header-meta":"default","adv-header-id-meta":"","stick-header-meta":"","header-above-stick-meta":"","header-main-stick-meta":"","header-below-stick-meta":"","astra-migrate-meta-layouts":"set","ast-page-background-enabled":"default","ast-page-background-meta":{"desktop":{"background-color":"var(--ast-global-color-4)","background-image":"","background-repeat":"repeat","background-position":"center center","background-size":"auto","background-attachment":"scroll","background-type":"","background-media":"","overlay-type":"","overlay-color":"","overlay-opacity":"","overlay-gradient":""},"tablet":{"background-color":"","background-image":"","background-repeat":"repeat","background-position":"center center","background-size":"auto","background-attachment":"scroll","background-type":"","background-media":"","overlay-type":"","overlay-color":"","overlay-opacity":"","overlay-gradient":""},"mobile":{"background-color":"","background-image":"","background-repeat":"repeat","background-position":"center center","background-size":"auto","background-attachment":"scroll","background-type":"","background-media":"","overlay-type":"","overlay-color":"","overlay-opacity":"","overlay-gradient":""}},"ast-content-background-meta":{"desktop":{"background-color":"var(--ast-global-color-5)","background-image":"","background-repeat":"repeat","background-position":"center center","background-size":"auto","background-attachment":"scroll","background-type":"","background-media":"","overlay-type":"","overlay-color":"","overlay-opacity":"","overlay-gradient":""},"tablet":{"background-color":"var(--ast-global-color-5)","background-image":"","background-repeat":"repeat","background-position":"center center","background-size":"auto","background-attachment":"scroll","background-type":"","background-media":"","overlay-type":"","overlay-color":"","overlay-opacity":"","overlay-gradient":""},"mobile":{"background-color":"var(--ast-global-color-5)","background-image":"","background-repeat":"repeat","background-position":"center center","background-size":"auto","background-attachment":"scroll","background-type":"","background-media":"","overlay-type":"","overlay-color":"","overlay-opacity":"","overlay-gradient":""}}},"product_brand":[],"product_cat":[31],"product_tag":[],"class_list":{"0":"post-690","1":"product","2":"type-product","3":"status-publish","4":"has-post-thumbnail","6":"product_cat-audemars-piguet-royal","7":"desktop-align-center","8":"tablet-align-left","9":"mobile-align-left","11":"first","12":"instock","13":"sale","14":"shipping-taxable","15":"purchasable","16":"product-type-simple"},"_links":{"self":[{"href":"https:\/\/mirekboutique.com\/ro\/wp-json\/wp\/v2\/product\/690","targetHints":{"allow":["GET"]}}],"collection":[{"href":"https:\/\/mirekboutique.com\/ro\/wp-json\/wp\/v2\/product"}],"about":[{"href":"https:\/\/mirekboutique.com\/ro\/wp-json\/wp\/v2\/types\/product"}],"replies":[{"embeddable":true,"href":"https:\/\/mirekboutique.com\/ro\/wp-json\/wp\/v2\/comments?post=690"}],"version-history":[{"count":1,"href":"https:\/\/mirekboutique.com\/ro\/wp-json\/wp\/v2\/product\/690\/revisions"}],"predecessor-version":[{"id":696,"href":"https:\/\/mirekboutique.com\/ro\/wp-json\/wp\/v2\/product\/690\/revisions\/696"}],"wp:featuredmedia":[{"embeddable":true,"href":"https:\/\/mirekboutique.com\/ro\/wp-json\/wp\/v2\/media\/691"}],"wp:attachment":[{"href":"https:\/\/mirekboutique.com\/ro\/wp-json\/wp\/v2\/media?parent=690"}],"wp:term":[{"taxonomy":"product_brand","embeddable":true,"href":"https:\/\/mirekboutique.com\/ro\/wp-json\/wp\/v2\/product_brand?post=690"},{"taxonomy":"product_cat","embeddable":true,"href":"https:\/\/mirekboutique.com\/ro\/wp-json\/wp\/v2\/product_cat?post=690"},{"taxonomy":"product_tag","embeddable":true,"href":"https:\/\/mirekboutique.com\/ro\/wp-json\/wp\/v2\/product_tag?post=690"}],"curies":[{"name":"wp","href":"https:\/\/api.w.org\/{rel}","templated":true}]}}