{"id":828,"date":"2025-05-09T00:12:52","date_gmt":"2025-05-08T16:12:52","guid":{"rendered":"https:\/\/mirekboutique.com\/?post_type=product&#038;p=828"},"modified":"2025-05-24T19:21:49","modified_gmt":"2025-05-24T11:21:49","slug":"cdy133-11-super-clone-from-a-super-factory","status":"publish","type":"product","link":"https:\/\/mirekboutique.com\/ro\/produs\/cdy133-11-super-clone-from-a-super-factory\/","title":{"rendered":"CDY133 1:1 super clon\u0103 de la o super fabric\u0103"},"content":{"rendered":"<p>T\u00e2njind dup\u0103 pace, opun\u00e2ndu-se r\u0103zboiului! AF demonstreaz\u0103 perfect stilul vintage discret, dar nu luxos, al colec\u021biei Tank!<br \/>\nSeria Cartier Tank<br \/>\n[Case] Mare: 41mm*31mm, rupe forma rotund\u0103 a corpului ceasului tradi\u021bional, deasupra \u0219i dedesubtul lunetei paralele simetrice seteaz\u0103 cadranul p\u0103trat, stilul dur \u0219i simplu face oamenii de neuitat. Liniile sunt simple \u0219i rigide, cu un stil industrial puternic. Curbele netede \u0219i marginile ascu\u021bite arat\u0103 un sentiment de modernitate \u0219i mod\u0103. Ansele \u00een stil tank-track \u0219i coroana octogonal\u0103 cu spinelul albastru semn\u0103tur\u0103 Cartier sunt foarte u\u0219or de recunoscut.<br \/>\n[Cadran] Cadranul este afi\u0219at de sc\u0103ri romane clasice, cadran alb cu m\u00e2ini din o\u021bel alb\u0103strui, iar \u00een centrul cadranului, exist\u0103 un cerc interior cu scar\u0103 p\u0103trat\u0103. Combin\u00e2nd gustul de prim\u0103 clas\u0103 \u0219i designul avangardist, ceasul Tank, cu sim\u021bul s\u0103u modern de atemporalitate, a stat \u00eentotdeauna \u00een fruntea timpului \u0219i a fost descris ca unul dintre cele mai importante modele din istoria ceasurilor de m\u00e2n\u0103.<br \/>\n[Mi\u0219carea] Fabrica AF pentru seria Tank pentru a crea o varietate de mi\u0219c\u0103ri de top, inclusiv mi\u0219carea manual\u0103 de lichidare, mi\u0219carea automat\u0103, mi\u0219carea cu cuar\u021b etc., fiecare mi\u0219care a trecut inspec\u021bia strict\u0103 a calit\u0103\u021bii Cartier. \u00cen plus, m\u0103iestria este, de asemenea, foarte rafinat\u0103, fiecare ceas Tank a fost lustruit \u0219i lustruit de mai multe ori, ar\u0103t\u00e2nd o calitate excelent\u0103 \u0219i un nivel de m\u0103iestrie.<br \/>\n[Curea] Curea din piele italian\u0103 Lychee grain, curea din piele de vac\u0103, curea din o\u021bel stil tank track. Exist\u0103 \u00eentotdeauna o curea care v\u0103 atinge c\u0103utarea interioar\u0103 a perfec\u021biunii. Arat\u0103 perfect stilul retro discret, dar nu luxos al seriei tank.<\/p>","protected":false},"excerpt":{"rendered":"<p>\ud83d\udd25\ud83d\udd25Toate bunurile de pe acest site sunt replici perfecte de \u00eenalt\u0103 calitate f\u0103cute de super produc\u0103tori, noi \u0219i nedeschise, calitatea \u0219i serviciile post-v\u00e2nzare sunt garantate!<\/p>\n<p>\u2705\u2705\u2705\u2705Mirekboutique produce numai articole de \u00eenalt\u0103 calitate Toate articolele din magazinul nostru vin cu cutia original\u0103 Cutie de lemn de \u00eenalt\u0103 calitate<\/p>\n<p>\ud83c\udf39\ud83c\udf39 V\u0103 rug\u0103m s\u0103 v\u0103 asigura\u021bi c\u0103 cump\u0103ra\u021bi Toate bunurile suport\u0103 numerar la livrare V\u0103 doresc cump\u0103r\u0103turi fericite<\/p>","protected":false},"featured_media":829,"comment_status":"open","ping_status":"closed","template":"","meta":{"_monsterinsights_skip_tracking":false,"_monsterinsights_sitenote_active":false,"_monsterinsights_sitenote_note":"","_monsterinsights_sitenote_category":0,"site-sidebar-layout":"default","site-content-layout":"","ast-site-content-layout":"default","site-content-style":"default","site-sidebar-style":"default","ast-global-header-display":"","ast-banner-title-visibility":"","ast-main-header-display":"","ast-hfb-above-header-display":"","ast-hfb-below-header-display":"","ast-hfb-mobile-header-display":"","site-post-title":"","ast-breadcrumbs-content":"","ast-featured-img":"","footer-sml-layout":"","theme-transparent-header-meta":"default","adv-header-id-meta":"","stick-header-meta":"","header-above-stick-meta":"","header-main-stick-meta":"","header-below-stick-meta":"","astra-migrate-meta-layouts":"set","ast-page-background-enabled":"default","ast-page-background-meta":{"desktop":{"background-color":"var(--ast-global-color-4)","background-image":"","background-repeat":"repeat","background-position":"center center","background-size":"auto","background-attachment":"scroll","background-type":"","background-media":"","overlay-type":"","overlay-color":"","overlay-opacity":"","overlay-gradient":""},"tablet":{"background-color":"","background-image":"","background-repeat":"repeat","background-position":"center center","background-size":"auto","background-attachment":"scroll","background-type":"","background-media":"","overlay-type":"","overlay-color":"","overlay-opacity":"","overlay-gradient":""},"mobile":{"background-color":"","background-image":"","background-repeat":"repeat","background-position":"center center","background-size":"auto","background-attachment":"scroll","background-type":"","background-media":"","overlay-type":"","overlay-color":"","overlay-opacity":"","overlay-gradient":""}},"ast-content-background-meta":{"desktop":{"background-color":"var(--ast-global-color-5)","background-image":"","background-repeat":"repeat","background-position":"center center","background-size":"auto","background-attachment":"scroll","background-type":"","background-media":"","overlay-type":"","overlay-color":"","overlay-opacity":"","overlay-gradient":""},"tablet":{"background-color":"var(--ast-global-color-5)","background-image":"","background-repeat":"repeat","background-position":"center center","background-size":"auto","background-attachment":"scroll","background-type":"","background-media":"","overlay-type":"","overlay-color":"","overlay-opacity":"","overlay-gradient":""},"mobile":{"background-color":"var(--ast-global-color-5)","background-image":"","background-repeat":"repeat","background-position":"center center","background-size":"auto","background-attachment":"scroll","background-type":"","background-media":"","overlay-type":"","overlay-color":"","overlay-opacity":"","overlay-gradient":""}}},"product_brand":[],"product_cat":[33],"product_tag":[],"class_list":{"0":"post-828","1":"product","2":"type-product","3":"status-publish","4":"has-post-thumbnail","6":"product_cat-cartier","7":"desktop-align-center","8":"tablet-align-left","9":"mobile-align-left","11":"first","12":"instock","13":"sale","14":"shipping-taxable","15":"purchasable","16":"product-type-simple"},"_links":{"self":[{"href":"https:\/\/mirekboutique.com\/ro\/wp-json\/wp\/v2\/product\/828","targetHints":{"allow":["GET"]}}],"collection":[{"href":"https:\/\/mirekboutique.com\/ro\/wp-json\/wp\/v2\/product"}],"about":[{"href":"https:\/\/mirekboutique.com\/ro\/wp-json\/wp\/v2\/types\/product"}],"replies":[{"embeddable":true,"href":"https:\/\/mirekboutique.com\/ro\/wp-json\/wp\/v2\/comments?post=828"}],"version-history":[{"count":1,"href":"https:\/\/mirekboutique.com\/ro\/wp-json\/wp\/v2\/product\/828\/revisions"}],"predecessor-version":[{"id":834,"href":"https:\/\/mirekboutique.com\/ro\/wp-json\/wp\/v2\/product\/828\/revisions\/834"}],"wp:featuredmedia":[{"embeddable":true,"href":"https:\/\/mirekboutique.com\/ro\/wp-json\/wp\/v2\/media\/829"}],"wp:attachment":[{"href":"https:\/\/mirekboutique.com\/ro\/wp-json\/wp\/v2\/media?parent=828"}],"wp:term":[{"taxonomy":"product_brand","embeddable":true,"href":"https:\/\/mirekboutique.com\/ro\/wp-json\/wp\/v2\/product_brand?post=828"},{"taxonomy":"product_cat","embeddable":true,"href":"https:\/\/mirekboutique.com\/ro\/wp-json\/wp\/v2\/product_cat?post=828"},{"taxonomy":"product_tag","embeddable":true,"href":"https:\/\/mirekboutique.com\/ro\/wp-json\/wp\/v2\/product_tag?post=828"}],"curies":[{"name":"wp","href":"https:\/\/api.w.org\/{rel}","templated":true}]}}