{"id":915,"date":"2025-05-09T00:37:32","date_gmt":"2025-05-08T16:37:32","guid":{"rendered":"https:\/\/mirekboutique.com\/?post_type=product&#038;p=915"},"modified":"2025-05-24T19:35:29","modified_gmt":"2025-05-24T11:35:29","slug":"flk066-frank-m-ladies-watch-11-super-clone","status":"publish","type":"product","link":"https:\/\/mirekboutique.com\/ro\/produs\/flk066-frank-m-ladies-watch-11-super-clone\/","title":{"rendered":"FLK066 Ceas de dam\u0103 Frank M 1:1 Super Clone"},"content":{"rendered":"<p>Ceas pentru femei Frank M Carcas\u0103 dreptunghiular\u0103 din o\u021bel inoxidabil 316 lustruit\u0103 CNC Capacul din spate periat cu litere fine gravate Oglind\u0103 de safir clar\u0103 arcuit\u0103 Oglinda \u0219i carcasa se potrivesc perfect \u00eempreun\u0103<br \/>\nScoica Tridacna, prima dintre cele \u0219apte comori ale budismului tibetan, este utilizat\u0103 pentru realizarea cadranului arcuit cu margele Tridacna \u00een sine este foarte pre\u021bioas\u0103 \u0219i este \u0219i mai rar s\u0103 selectezi materialul arcuit potrivit Doar una sau dou\u0103 piese ale acestui cadran pot fi realizate dintr-un singur Tridacna, iar cu rata de rebut a produc\u021biei \u0219i lustruirii \u0219i instalarea indicilor, acest material de cadran este \u0219i mai pre\u021bios Cifrele arabe tridimensionale din o\u021bel \u0219anfrenat \u0219i lustruit, placate cu rodiu, de pe partea arcuit\u0103 a cadranului sunt placate cu rodiu pe partea arcuit\u0103 a m\u00e2inilor Mi\u0219carea Calibrul Cal. 751 Mi\u0219carea Mi\u0219carea este o mi\u0219care original\u0103 importat\u0103 din Elve\u021bia. Adoptat cu mi\u0219carea de cuar\u021b original\u0103 elve\u021bian\u0103 importat\u0103 original\u0103 Aligator american real curea din piele de crocodil din material de burt\u0103 Materialul din spate al curelei este, de asemenea, atent selectat din materialul autentic anti-piele Curea cu eliberare rapid\u0103 Curea Negru maro ro\u0219u roz portocaliu gri violet multi-color disponibil Cataram\u0103 cu ac L\u0103\u021bime 26mm Lungime 37mm Grosime 7mm Accesoriile pot fi schimbate cu modelele de export Pure originale!<\/p>","protected":false},"excerpt":{"rendered":"<p>\ud83d\udd25\ud83d\udd25Toate bunurile de pe acest site sunt replici perfecte de \u00eenalt\u0103 calitate f\u0103cute de super produc\u0103tori, noi \u0219i nedeschise, calitatea \u0219i serviciile post-v\u00e2nzare sunt garantate!<\/p>\n<p>\u2705\u2705\u2705\u2705Mirekboutique produce numai articole de \u00eenalt\u0103 calitate Toate articolele din magazinul nostru vin cu cutia original\u0103 Cutie de lemn de \u00eenalt\u0103 calitate<\/p>\n<p>\ud83c\udf39\ud83c\udf39 V\u0103 rug\u0103m s\u0103 v\u0103 asigura\u021bi c\u0103 cump\u0103ra\u021bi Toate bunurile suport\u0103 numerar la livrare V\u0103 doresc cump\u0103r\u0103turi fericite<\/p>","protected":false},"featured_media":916,"comment_status":"open","ping_status":"closed","template":"","meta":{"_monsterinsights_skip_tracking":false,"_monsterinsights_sitenote_active":false,"_monsterinsights_sitenote_note":"","_monsterinsights_sitenote_category":0,"site-sidebar-layout":"default","site-content-layout":"","ast-site-content-layout":"default","site-content-style":"default","site-sidebar-style":"default","ast-global-header-display":"","ast-banner-title-visibility":"","ast-main-header-display":"","ast-hfb-above-header-display":"","ast-hfb-below-header-display":"","ast-hfb-mobile-header-display":"","site-post-title":"","ast-breadcrumbs-content":"","ast-featured-img":"","footer-sml-layout":"","theme-transparent-header-meta":"default","adv-header-id-meta":"","stick-header-meta":"","header-above-stick-meta":"","header-main-stick-meta":"","header-below-stick-meta":"","astra-migrate-meta-layouts":"set","ast-page-background-enabled":"default","ast-page-background-meta":{"desktop":{"background-color":"var(--ast-global-color-4)","background-image":"","background-repeat":"repeat","background-position":"center center","background-size":"auto","background-attachment":"scroll","background-type":"","background-media":"","overlay-type":"","overlay-color":"","overlay-opacity":"","overlay-gradient":""},"tablet":{"background-color":"","background-image":"","background-repeat":"repeat","background-position":"center center","background-size":"auto","background-attachment":"scroll","background-type":"","background-media":"","overlay-type":"","overlay-color":"","overlay-opacity":"","overlay-gradient":""},"mobile":{"background-color":"","background-image":"","background-repeat":"repeat","background-position":"center center","background-size":"auto","background-attachment":"scroll","background-type":"","background-media":"","overlay-type":"","overlay-color":"","overlay-opacity":"","overlay-gradient":""}},"ast-content-background-meta":{"desktop":{"background-color":"var(--ast-global-color-5)","background-image":"","background-repeat":"repeat","background-position":"center center","background-size":"auto","background-attachment":"scroll","background-type":"","background-media":"","overlay-type":"","overlay-color":"","overlay-opacity":"","overlay-gradient":""},"tablet":{"background-color":"var(--ast-global-color-5)","background-image":"","background-repeat":"repeat","background-position":"center center","background-size":"auto","background-attachment":"scroll","background-type":"","background-media":"","overlay-type":"","overlay-color":"","overlay-opacity":"","overlay-gradient":""},"mobile":{"background-color":"var(--ast-global-color-5)","background-image":"","background-repeat":"repeat","background-position":"center center","background-size":"auto","background-attachment":"scroll","background-type":"","background-media":"","overlay-type":"","overlay-color":"","overlay-opacity":"","overlay-gradient":""}}},"product_brand":[],"product_cat":[32],"product_tag":[],"class_list":{"0":"post-915","1":"product","2":"type-product","3":"status-publish","4":"has-post-thumbnail","6":"product_cat-frank-muller","7":"desktop-align-center","8":"tablet-align-left","9":"mobile-align-left","11":"first","12":"instock","13":"sale","14":"shipping-taxable","15":"purchasable","16":"product-type-simple"},"_links":{"self":[{"href":"https:\/\/mirekboutique.com\/ro\/wp-json\/wp\/v2\/product\/915","targetHints":{"allow":["GET"]}}],"collection":[{"href":"https:\/\/mirekboutique.com\/ro\/wp-json\/wp\/v2\/product"}],"about":[{"href":"https:\/\/mirekboutique.com\/ro\/wp-json\/wp\/v2\/types\/product"}],"replies":[{"embeddable":true,"href":"https:\/\/mirekboutique.com\/ro\/wp-json\/wp\/v2\/comments?post=915"}],"version-history":[{"count":1,"href":"https:\/\/mirekboutique.com\/ro\/wp-json\/wp\/v2\/product\/915\/revisions"}],"predecessor-version":[{"id":922,"href":"https:\/\/mirekboutique.com\/ro\/wp-json\/wp\/v2\/product\/915\/revisions\/922"}],"wp:featuredmedia":[{"embeddable":true,"href":"https:\/\/mirekboutique.com\/ro\/wp-json\/wp\/v2\/media\/916"}],"wp:attachment":[{"href":"https:\/\/mirekboutique.com\/ro\/wp-json\/wp\/v2\/media?parent=915"}],"wp:term":[{"taxonomy":"product_brand","embeddable":true,"href":"https:\/\/mirekboutique.com\/ro\/wp-json\/wp\/v2\/product_brand?post=915"},{"taxonomy":"product_cat","embeddable":true,"href":"https:\/\/mirekboutique.com\/ro\/wp-json\/wp\/v2\/product_cat?post=915"},{"taxonomy":"product_tag","embeddable":true,"href":"https:\/\/mirekboutique.com\/ro\/wp-json\/wp\/v2\/product_tag?post=915"}],"curies":[{"name":"wp","href":"https:\/\/api.w.org\/{rel}","templated":true}]}}